{"id":8125,"date":"2019-08-08T14:05:25","date_gmt":"2019-08-08T17:05:25","guid":{"rendered":"https:\/\/www.educamaker.com.br\/portal\/?post_type=product&#038;p=8125"},"modified":"2019-08-08T14:05:26","modified_gmt":"2019-08-08T17:05:26","slug":"plano-maker-x-enem","status":"publish","type":"product","link":"https:\/\/www.educamaker.com.br\/portal\/produto\/plano-maker-x-enem\/","title":{"rendered":"Plano Maker X-ENEM"},"content":{"rendered":"","protected":false},"excerpt":{"rendered":"<p style=\"font-size: 14px; line-height: 16px; text-align: justify;\"><span style=\"font-size: 18px; line-height: 21px;\">O que vamos te oferecer a partir disso?<\/span><\/p>\n<p style=\"font-size: 14px; line-height: 16px; text-align: justify;\">\n<p style=\"font-size: 14px; line-height: 16px; text-align: justify;\"><span style=\"font-size: 18px; line-height: 21px;\">N\u00f3s vamos te oferecer o <strong>Plano Maker<\/strong>, nele voc\u00ea vai encontrar todo o conte\u00fado do Ensino M\u00e9dio na Plataforma mais inteligente do pa\u00eds, mentorias com os professores para voc\u00ea tirar suas d\u00favidas e ainda um pacote com 10 reda\u00e7\u00f5es para voc\u00ea treinar a vontade.<br \/>\n<\/span><\/p>\n<p style=\"font-size: 14px; line-height: 16px; text-align: justify;\">\n<p style=\"font-size: 14px; line-height: 16px; text-align: justify;\"><span style=\"font-size: 18px; line-height: 21px;\">Nosso pre\u00e7o convencional para tudo isso \u00e9 de R$ 299, mas voc\u00ea que participou da Semana X-ENEM poder\u00e1 adquirir seu Plano por apenas R$167.<\/span><\/p>\n","protected":false},"featured_media":0,"template":"","meta":[],"product_brand":[],"product_cat":[22],"product_tag":[],"class_list":{"0":"post-8125","1":"product","2":"type-product","3":"status-publish","5":"product_cat-sem-categoria","7":"first","8":"instock","9":"sale","10":"virtual","11":"purchasable","12":"product-type-simple"},"yoast_head":"<!-- This site is optimized with the Yoast SEO plugin v27.2 - https:\/\/yoast.com\/product\/yoast-seo-wordpress\/ -->\n<title>Plano Maker X-ENEM - Cursinho Online Educamaker<\/title>\n<meta name=\"robots\" content=\"noindex, follow, max-snippet:-1, max-image-preview:large, max-video-preview:-1\" \/>\n<meta name=\"twitter:card\" content=\"summary_large_image\" \/>\n<meta name=\"twitter:title\" content=\"Plano Maker X-ENEM - Cursinho Online Educamaker\" \/>\n<meta name=\"twitter:description\" content=\"O que vamos te oferecer a partir disso?  N\u00f3s vamos te oferecer o Plano Maker, nele voc\u00ea vai encontrar todo o conte\u00fado do Ensino M\u00e9dio na Plataforma mais inteligente do pa\u00eds, mentorias com os professores para voc\u00ea tirar suas d\u00favidas e ainda um pacote com 10 reda\u00e7\u00f5es para voc\u00ea treinar a vontade.   Nosso pre\u00e7o convencional para tudo isso \u00e9 de R$ 299, mas voc\u00ea que participou da Semana X-ENEM poder\u00e1 adquirir seu Plano por apenas R$167.\" \/>\n<script type=\"application\/ld+json\" class=\"yoast-schema-graph\">{\"@context\":\"https:\/\/schema.org\",\"@graph\":[{\"@type\":\"WebPage\",\"@id\":\"https:\/\/www.educamaker.com.br\/portal\/produto\/plano-maker-x-enem\/\",\"url\":\"https:\/\/www.educamaker.com.br\/portal\/produto\/plano-maker-x-enem\/\",\"name\":\"Plano Maker X-ENEM - Cursinho Online Educamaker\",\"isPartOf\":{\"@id\":\"https:\/\/www.educamaker.com.br\/portal\/#website\"},\"datePublished\":\"2019-08-08T17:05:25+00:00\",\"dateModified\":\"2019-08-08T17:05:26+00:00\",\"breadcrumb\":{\"@id\":\"https:\/\/www.educamaker.com.br\/portal\/produto\/plano-maker-x-enem\/#breadcrumb\"},\"inLanguage\":\"pt-BR\",\"potentialAction\":[{\"@type\":\"ReadAction\",\"target\":[\"https:\/\/www.educamaker.com.br\/portal\/produto\/plano-maker-x-enem\/\"]}]},{\"@type\":\"BreadcrumbList\",\"@id\":\"https:\/\/www.educamaker.com.br\/portal\/produto\/plano-maker-x-enem\/#breadcrumb\",\"itemListElement\":[{\"@type\":\"ListItem\",\"position\":1,\"name\":\"In\u00edcio\",\"item\":\"https:\/\/www.educamaker.com.br\/portal\/\"},{\"@type\":\"ListItem\",\"position\":2,\"name\":\"Produtos\",\"item\":\"https:\/\/www.educamaker.com.br\/portal\/loja\/\"},{\"@type\":\"ListItem\",\"position\":3,\"name\":\"Plano Maker X-ENEM\"}]},{\"@type\":\"WebSite\",\"@id\":\"https:\/\/www.educamaker.com.br\/portal\/#website\",\"url\":\"https:\/\/www.educamaker.com.br\/portal\/\",\"name\":\"Cursinho Online Educamaker\",\"description\":\"Cursinho Online focado nos principais vestibulares e no ENEM\",\"publisher\":{\"@id\":\"https:\/\/www.educamaker.com.br\/portal\/#organization\"},\"potentialAction\":[{\"@type\":\"SearchAction\",\"target\":{\"@type\":\"EntryPoint\",\"urlTemplate\":\"https:\/\/www.educamaker.com.br\/portal\/?s={search_term_string}\"},\"query-input\":{\"@type\":\"PropertyValueSpecification\",\"valueRequired\":true,\"valueName\":\"search_term_string\"}}],\"inLanguage\":\"pt-BR\"},{\"@type\":\"Organization\",\"@id\":\"https:\/\/www.educamaker.com.br\/portal\/#organization\",\"name\":\"Educamaker\",\"url\":\"https:\/\/www.educamaker.com.br\/portal\/\",\"logo\":{\"@type\":\"ImageObject\",\"inLanguage\":\"pt-BR\",\"@id\":\"https:\/\/www.educamaker.com.br\/portal\/#\/schema\/logo\/image\/\",\"url\":\"https:\/\/www.educamaker.com.br\/portal\/wp-content\/uploads\/2018\/04\/Logo-Principal.png\",\"contentUrl\":\"https:\/\/www.educamaker.com.br\/portal\/wp-content\/uploads\/2018\/04\/Logo-Principal.png\",\"width\":1250,\"height\":834,\"caption\":\"Educamaker\"},\"image\":{\"@id\":\"https:\/\/www.educamaker.com.br\/portal\/#\/schema\/logo\/image\/\"},\"sameAs\":[\"https:\/\/facebook.com\/educamakerbr\",\"https:\/\/instagram.com\/educamaker\",\"https:\/\/www.youtube.com\/educamaker\"]}]}<\/script>\n<!-- \/ Yoast SEO plugin. -->","yoast_head_json":{"title":"Plano Maker X-ENEM - Cursinho Online Educamaker","robots":{"index":"noindex","follow":"follow","max-snippet":"max-snippet:-1","max-image-preview":"max-image-preview:large","max-video-preview":"max-video-preview:-1"},"twitter_card":"summary_large_image","twitter_title":"Plano Maker X-ENEM - Cursinho Online Educamaker","twitter_description":"O que vamos te oferecer a partir disso?  N\u00f3s vamos te oferecer o Plano Maker, nele voc\u00ea vai encontrar todo o conte\u00fado do Ensino M\u00e9dio na Plataforma mais inteligente do pa\u00eds, mentorias com os professores para voc\u00ea tirar suas d\u00favidas e ainda um pacote com 10 reda\u00e7\u00f5es para voc\u00ea treinar a vontade.   Nosso pre\u00e7o convencional para tudo isso \u00e9 de R$ 299, mas voc\u00ea que participou da Semana X-ENEM poder\u00e1 adquirir seu Plano por apenas R$167.","schema":{"@context":"https:\/\/schema.org","@graph":[{"@type":"WebPage","@id":"https:\/\/www.educamaker.com.br\/portal\/produto\/plano-maker-x-enem\/","url":"https:\/\/www.educamaker.com.br\/portal\/produto\/plano-maker-x-enem\/","name":"Plano Maker X-ENEM - Cursinho Online Educamaker","isPartOf":{"@id":"https:\/\/www.educamaker.com.br\/portal\/#website"},"datePublished":"2019-08-08T17:05:25+00:00","dateModified":"2019-08-08T17:05:26+00:00","breadcrumb":{"@id":"https:\/\/www.educamaker.com.br\/portal\/produto\/plano-maker-x-enem\/#breadcrumb"},"inLanguage":"pt-BR","potentialAction":[{"@type":"ReadAction","target":["https:\/\/www.educamaker.com.br\/portal\/produto\/plano-maker-x-enem\/"]}]},{"@type":"BreadcrumbList","@id":"https:\/\/www.educamaker.com.br\/portal\/produto\/plano-maker-x-enem\/#breadcrumb","itemListElement":[{"@type":"ListItem","position":1,"name":"In\u00edcio","item":"https:\/\/www.educamaker.com.br\/portal\/"},{"@type":"ListItem","position":2,"name":"Produtos","item":"https:\/\/www.educamaker.com.br\/portal\/loja\/"},{"@type":"ListItem","position":3,"name":"Plano Maker X-ENEM"}]},{"@type":"WebSite","@id":"https:\/\/www.educamaker.com.br\/portal\/#website","url":"https:\/\/www.educamaker.com.br\/portal\/","name":"Cursinho Online Educamaker","description":"Cursinho Online focado nos principais vestibulares e no ENEM","publisher":{"@id":"https:\/\/www.educamaker.com.br\/portal\/#organization"},"potentialAction":[{"@type":"SearchAction","target":{"@type":"EntryPoint","urlTemplate":"https:\/\/www.educamaker.com.br\/portal\/?s={search_term_string}"},"query-input":{"@type":"PropertyValueSpecification","valueRequired":true,"valueName":"search_term_string"}}],"inLanguage":"pt-BR"},{"@type":"Organization","@id":"https:\/\/www.educamaker.com.br\/portal\/#organization","name":"Educamaker","url":"https:\/\/www.educamaker.com.br\/portal\/","logo":{"@type":"ImageObject","inLanguage":"pt-BR","@id":"https:\/\/www.educamaker.com.br\/portal\/#\/schema\/logo\/image\/","url":"https:\/\/www.educamaker.com.br\/portal\/wp-content\/uploads\/2018\/04\/Logo-Principal.png","contentUrl":"https:\/\/www.educamaker.com.br\/portal\/wp-content\/uploads\/2018\/04\/Logo-Principal.png","width":1250,"height":834,"caption":"Educamaker"},"image":{"@id":"https:\/\/www.educamaker.com.br\/portal\/#\/schema\/logo\/image\/"},"sameAs":["https:\/\/facebook.com\/educamakerbr","https:\/\/instagram.com\/educamaker","https:\/\/www.youtube.com\/educamaker"]}]}},"_links":{"self":[{"href":"https:\/\/www.educamaker.com.br\/portal\/wp-json\/wp\/v2\/product\/8125","targetHints":{"allow":["GET"]}}],"collection":[{"href":"https:\/\/www.educamaker.com.br\/portal\/wp-json\/wp\/v2\/product"}],"about":[{"href":"https:\/\/www.educamaker.com.br\/portal\/wp-json\/wp\/v2\/types\/product"}],"wp:attachment":[{"href":"https:\/\/www.educamaker.com.br\/portal\/wp-json\/wp\/v2\/media?parent=8125"}],"wp:term":[{"taxonomy":"product_brand","embeddable":true,"href":"https:\/\/www.educamaker.com.br\/portal\/wp-json\/wp\/v2\/product_brand?post=8125"},{"taxonomy":"product_cat","embeddable":true,"href":"https:\/\/www.educamaker.com.br\/portal\/wp-json\/wp\/v2\/product_cat?post=8125"},{"taxonomy":"product_tag","embeddable":true,"href":"https:\/\/www.educamaker.com.br\/portal\/wp-json\/wp\/v2\/product_tag?post=8125"}],"curies":[{"name":"wp","href":"https:\/\/api.w.org\/{rel}","templated":true}]}}