{"id":726,"date":"2018-06-20T15:47:38","date_gmt":"2018-06-20T15:47:38","guid":{"rendered":"http:\/\/loja.educamaker.com.br\/?post_type=product&#038;p=726"},"modified":"2018-09-11T14:41:15","modified_gmt":"2018-09-11T17:41:15","slug":"caderno-ciencias-humanas-e-suas-tecnologias","status":"publish","type":"product","link":"https:\/\/www.educamaker.com.br\/portal\/produto\/caderno-ciencias-humanas-e-suas-tecnologias\/","title":{"rendered":"Caderno Ci\u00eancias Humanas e suas Tecnologias"},"content":{"rendered":"<p style=\"text-align: center\"><span style=\"color: #ff0000\"><strong>CADERNO DE CI\u00caNCIAS HUMANAS E SUAS TECNOLOGIAS<\/strong> <\/span><\/p>\n<p style=\"text-align: center\"><span>\u00a0<\/span><span>Conflitos e movimentos sociais permanecem transformando a hist\u00f3ria da humanidade! O ser humano \u00e9 a principal causa de impacto nesta transforma\u00e7\u00e3o.<br \/>\nE voc\u00ea? No meio disso tudo est\u00e1 procurando um tempo para estudar para o ENEM?<\/span><\/p>\n<p><strong>SE LIGA!<\/strong><\/p>\n<p><span>\u00a0<\/span><\/p>\n<p><span>&#8211; Obtenha conte\u00fados exclusivos e atualizados <\/span><\/p>\n<p><span>&#8211; Realize atividades retiradas de provas do Enem <\/span><\/p>\n<p><span>&#8211;\u00a0 Utilize a melhor plataforma de ensino conectado do pa\u00eds<\/span><\/p>\n<p><span>&#8211; Saia na frente dos seus concorrentes <\/span><\/p>\n<p><span>\u00a0<\/span><\/p>\n<p><span>Todo o conte\u00fado do ensino m\u00e9dio, resumido e alinhado com as aulas dispon\u00edveis, com um pre\u00e7o que cabe no bolso do estudante! <\/span><strong><\/strong><\/p>\n<p>P\u00e1ginas: 558<\/p>\n<p>Peso: 1320 g<\/p>\n<p>Prazo de entrega: 15 dias a partir da confirma\u00e7\u00e3o de pagamento.<\/p>\n","protected":false},"excerpt":{"rendered":"<p><span>Voc\u00ea esta sem tempo para se preparar para o ENEM? Ent\u00e3o corra que ainda d\u00e1 tempo de se preparar!!<br \/>\n<\/span><\/p>\n","protected":false},"featured_media":1606,"template":"","meta":[],"product_brand":[],"product_cat":[24,31,39,37,36,38,32,26],"product_tag":[23],"class_list":{"0":"post-726","1":"product","2":"type-product","3":"status-publish","4":"has-post-thumbnail","6":"product_cat-apostilas","7":"product_cat-enem","8":"product_cat-filosofia","9":"product_cat-geografia","10":"product_cat-historio","11":"product_cat-sociologia","12":"product_cat-vestibular","13":"product_cat-video-aluas","14":"product_tag-apostilas","16":"first","17":"instock","18":"sale","19":"shipping-taxable","20":"purchasable","21":"product-type-simple"},"yoast_head":"<!-- This site is optimized with the Yoast SEO plugin v27.2 - https:\/\/yoast.com\/product\/yoast-seo-wordpress\/ -->\n<title>Caderno Ci\u00eancias Humanas e suas Tecnologias - Cursinho Online Educamaker<\/title>\n<meta name=\"description\" content=\"Compre agora mesmo o CADERNO DE CI\u00caNCIAS HUMANAS E SUAS TECNOLOGIA para o ENEM 2018 e acompanhe as video aulas atrav\u00e9s da plataforma Educamaker.\" \/>\n<meta name=\"robots\" content=\"noindex, follow, max-snippet:-1, max-image-preview:large, max-video-preview:-1\" \/>\n<meta name=\"twitter:card\" content=\"summary_large_image\" \/>\n<meta name=\"twitter:title\" content=\"Caderno Ci\u00eancias Humanas e suas Tecnologias - Cursinho Online Educamaker\" \/>\n<meta name=\"twitter:description\" content=\"Compre agora mesmo o CADERNO DE CI\u00caNCIAS HUMANAS E SUAS TECNOLOGIA para o ENEM 2018 e acompanhe as video aulas atrav\u00e9s da plataforma Educamaker.\" \/>\n<meta name=\"twitter:image\" content=\"https:\/\/www.educamaker.com.br\/portal\/wp-content\/uploads\/2018\/06\/ENEM-Teoria-Exerc\u00edcios-2009-a-2017-Ci\u00eancias-Humanas-e-suas-tecnologias.png\" \/>\n<meta name=\"twitter:label1\" content=\"Est. tempo de leitura\" \/>\n\t<meta name=\"twitter:data1\" content=\"1 minuto\" \/>\n<script type=\"application\/ld+json\" class=\"yoast-schema-graph\">{\"@context\":\"https:\/\/schema.org\",\"@graph\":[{\"@type\":\"WebPage\",\"@id\":\"https:\/\/www.educamaker.com.br\/portal\/produto\/caderno-ciencias-humanas-e-suas-tecnologias\/\",\"url\":\"https:\/\/www.educamaker.com.br\/portal\/produto\/caderno-ciencias-humanas-e-suas-tecnologias\/\",\"name\":\"Caderno Ci\u00eancias Humanas e suas Tecnologias - Cursinho Online Educamaker\",\"isPartOf\":{\"@id\":\"https:\/\/www.educamaker.com.br\/portal\/#website\"},\"primaryImageOfPage\":{\"@id\":\"https:\/\/www.educamaker.com.br\/portal\/produto\/caderno-ciencias-humanas-e-suas-tecnologias\/#primaryimage\"},\"image\":{\"@id\":\"https:\/\/www.educamaker.com.br\/portal\/produto\/caderno-ciencias-humanas-e-suas-tecnologias\/#primaryimage\"},\"thumbnailUrl\":\"https:\/\/www.educamaker.com.br\/portal\/wp-content\/uploads\/2018\/06\/ENEM-Teoria-Exerc\u00edcios-2009-a-2017-Ci\u00eancias-Humanas-e-suas-tecnologias.png\",\"datePublished\":\"2018-06-20T15:47:38+00:00\",\"dateModified\":\"2018-09-11T17:41:15+00:00\",\"description\":\"Compre agora mesmo o CADERNO DE CI\u00caNCIAS HUMANAS E SUAS TECNOLOGIA para o ENEM 2018 e acompanhe as video aulas atrav\u00e9s da plataforma Educamaker.\",\"breadcrumb\":{\"@id\":\"https:\/\/www.educamaker.com.br\/portal\/produto\/caderno-ciencias-humanas-e-suas-tecnologias\/#breadcrumb\"},\"inLanguage\":\"pt-BR\",\"potentialAction\":[{\"@type\":\"ReadAction\",\"target\":[\"https:\/\/www.educamaker.com.br\/portal\/produto\/caderno-ciencias-humanas-e-suas-tecnologias\/\"]}]},{\"@type\":\"ImageObject\",\"inLanguage\":\"pt-BR\",\"@id\":\"https:\/\/www.educamaker.com.br\/portal\/produto\/caderno-ciencias-humanas-e-suas-tecnologias\/#primaryimage\",\"url\":\"https:\/\/www.educamaker.com.br\/portal\/wp-content\/uploads\/2018\/06\/ENEM-Teoria-Exerc\u00edcios-2009-a-2017-Ci\u00eancias-Humanas-e-suas-tecnologias.png\",\"contentUrl\":\"https:\/\/www.educamaker.com.br\/portal\/wp-content\/uploads\/2018\/06\/ENEM-Teoria-Exerc\u00edcios-2009-a-2017-Ci\u00eancias-Humanas-e-suas-tecnologias.png\",\"width\":800,\"height\":1200},{\"@type\":\"BreadcrumbList\",\"@id\":\"https:\/\/www.educamaker.com.br\/portal\/produto\/caderno-ciencias-humanas-e-suas-tecnologias\/#breadcrumb\",\"itemListElement\":[{\"@type\":\"ListItem\",\"position\":1,\"name\":\"In\u00edcio\",\"item\":\"https:\/\/www.educamaker.com.br\/portal\/\"},{\"@type\":\"ListItem\",\"position\":2,\"name\":\"Produtos\",\"item\":\"https:\/\/www.educamaker.com.br\/portal\/loja\/\"},{\"@type\":\"ListItem\",\"position\":3,\"name\":\"Caderno Ci\u00eancias Humanas e suas Tecnologias\"}]},{\"@type\":\"WebSite\",\"@id\":\"https:\/\/www.educamaker.com.br\/portal\/#website\",\"url\":\"https:\/\/www.educamaker.com.br\/portal\/\",\"name\":\"Cursinho Online Educamaker\",\"description\":\"Cursinho Online focado nos principais vestibulares e no ENEM\",\"publisher\":{\"@id\":\"https:\/\/www.educamaker.com.br\/portal\/#organization\"},\"potentialAction\":[{\"@type\":\"SearchAction\",\"target\":{\"@type\":\"EntryPoint\",\"urlTemplate\":\"https:\/\/www.educamaker.com.br\/portal\/?s={search_term_string}\"},\"query-input\":{\"@type\":\"PropertyValueSpecification\",\"valueRequired\":true,\"valueName\":\"search_term_string\"}}],\"inLanguage\":\"pt-BR\"},{\"@type\":\"Organization\",\"@id\":\"https:\/\/www.educamaker.com.br\/portal\/#organization\",\"name\":\"Educamaker\",\"url\":\"https:\/\/www.educamaker.com.br\/portal\/\",\"logo\":{\"@type\":\"ImageObject\",\"inLanguage\":\"pt-BR\",\"@id\":\"https:\/\/www.educamaker.com.br\/portal\/#\/schema\/logo\/image\/\",\"url\":\"https:\/\/www.educamaker.com.br\/portal\/wp-content\/uploads\/2018\/04\/Logo-Principal.png\",\"contentUrl\":\"https:\/\/www.educamaker.com.br\/portal\/wp-content\/uploads\/2018\/04\/Logo-Principal.png\",\"width\":1250,\"height\":834,\"caption\":\"Educamaker\"},\"image\":{\"@id\":\"https:\/\/www.educamaker.com.br\/portal\/#\/schema\/logo\/image\/\"},\"sameAs\":[\"https:\/\/facebook.com\/educamakerbr\",\"https:\/\/instagram.com\/educamaker\",\"https:\/\/www.youtube.com\/educamaker\"]}]}<\/script>\n<!-- \/ Yoast SEO plugin. -->","yoast_head_json":{"title":"Caderno Ci\u00eancias Humanas e suas Tecnologias - Cursinho Online Educamaker","description":"Compre agora mesmo o CADERNO DE CI\u00caNCIAS HUMANAS E SUAS TECNOLOGIA para o ENEM 2018 e acompanhe as video aulas atrav\u00e9s da plataforma Educamaker.","robots":{"index":"noindex","follow":"follow","max-snippet":"max-snippet:-1","max-image-preview":"max-image-preview:large","max-video-preview":"max-video-preview:-1"},"twitter_card":"summary_large_image","twitter_title":"Caderno Ci\u00eancias Humanas e suas Tecnologias - Cursinho Online Educamaker","twitter_description":"Compre agora mesmo o CADERNO DE CI\u00caNCIAS HUMANAS E SUAS TECNOLOGIA para o ENEM 2018 e acompanhe as video aulas atrav\u00e9s da plataforma Educamaker.","twitter_image":"https:\/\/www.educamaker.com.br\/portal\/wp-content\/uploads\/2018\/06\/ENEM-Teoria-Exerc\u00edcios-2009-a-2017-Ci\u00eancias-Humanas-e-suas-tecnologias.png","twitter_misc":{"Est. tempo de leitura":"1 minuto"},"schema":{"@context":"https:\/\/schema.org","@graph":[{"@type":"WebPage","@id":"https:\/\/www.educamaker.com.br\/portal\/produto\/caderno-ciencias-humanas-e-suas-tecnologias\/","url":"https:\/\/www.educamaker.com.br\/portal\/produto\/caderno-ciencias-humanas-e-suas-tecnologias\/","name":"Caderno Ci\u00eancias Humanas e suas Tecnologias - Cursinho Online Educamaker","isPartOf":{"@id":"https:\/\/www.educamaker.com.br\/portal\/#website"},"primaryImageOfPage":{"@id":"https:\/\/www.educamaker.com.br\/portal\/produto\/caderno-ciencias-humanas-e-suas-tecnologias\/#primaryimage"},"image":{"@id":"https:\/\/www.educamaker.com.br\/portal\/produto\/caderno-ciencias-humanas-e-suas-tecnologias\/#primaryimage"},"thumbnailUrl":"https:\/\/www.educamaker.com.br\/portal\/wp-content\/uploads\/2018\/06\/ENEM-Teoria-Exerc\u00edcios-2009-a-2017-Ci\u00eancias-Humanas-e-suas-tecnologias.png","datePublished":"2018-06-20T15:47:38+00:00","dateModified":"2018-09-11T17:41:15+00:00","description":"Compre agora mesmo o CADERNO DE CI\u00caNCIAS HUMANAS E SUAS TECNOLOGIA para o ENEM 2018 e acompanhe as video aulas atrav\u00e9s da plataforma Educamaker.","breadcrumb":{"@id":"https:\/\/www.educamaker.com.br\/portal\/produto\/caderno-ciencias-humanas-e-suas-tecnologias\/#breadcrumb"},"inLanguage":"pt-BR","potentialAction":[{"@type":"ReadAction","target":["https:\/\/www.educamaker.com.br\/portal\/produto\/caderno-ciencias-humanas-e-suas-tecnologias\/"]}]},{"@type":"ImageObject","inLanguage":"pt-BR","@id":"https:\/\/www.educamaker.com.br\/portal\/produto\/caderno-ciencias-humanas-e-suas-tecnologias\/#primaryimage","url":"https:\/\/www.educamaker.com.br\/portal\/wp-content\/uploads\/2018\/06\/ENEM-Teoria-Exerc\u00edcios-2009-a-2017-Ci\u00eancias-Humanas-e-suas-tecnologias.png","contentUrl":"https:\/\/www.educamaker.com.br\/portal\/wp-content\/uploads\/2018\/06\/ENEM-Teoria-Exerc\u00edcios-2009-a-2017-Ci\u00eancias-Humanas-e-suas-tecnologias.png","width":800,"height":1200},{"@type":"BreadcrumbList","@id":"https:\/\/www.educamaker.com.br\/portal\/produto\/caderno-ciencias-humanas-e-suas-tecnologias\/#breadcrumb","itemListElement":[{"@type":"ListItem","position":1,"name":"In\u00edcio","item":"https:\/\/www.educamaker.com.br\/portal\/"},{"@type":"ListItem","position":2,"name":"Produtos","item":"https:\/\/www.educamaker.com.br\/portal\/loja\/"},{"@type":"ListItem","position":3,"name":"Caderno Ci\u00eancias Humanas e suas Tecnologias"}]},{"@type":"WebSite","@id":"https:\/\/www.educamaker.com.br\/portal\/#website","url":"https:\/\/www.educamaker.com.br\/portal\/","name":"Cursinho Online Educamaker","description":"Cursinho Online focado nos principais vestibulares e no ENEM","publisher":{"@id":"https:\/\/www.educamaker.com.br\/portal\/#organization"},"potentialAction":[{"@type":"SearchAction","target":{"@type":"EntryPoint","urlTemplate":"https:\/\/www.educamaker.com.br\/portal\/?s={search_term_string}"},"query-input":{"@type":"PropertyValueSpecification","valueRequired":true,"valueName":"search_term_string"}}],"inLanguage":"pt-BR"},{"@type":"Organization","@id":"https:\/\/www.educamaker.com.br\/portal\/#organization","name":"Educamaker","url":"https:\/\/www.educamaker.com.br\/portal\/","logo":{"@type":"ImageObject","inLanguage":"pt-BR","@id":"https:\/\/www.educamaker.com.br\/portal\/#\/schema\/logo\/image\/","url":"https:\/\/www.educamaker.com.br\/portal\/wp-content\/uploads\/2018\/04\/Logo-Principal.png","contentUrl":"https:\/\/www.educamaker.com.br\/portal\/wp-content\/uploads\/2018\/04\/Logo-Principal.png","width":1250,"height":834,"caption":"Educamaker"},"image":{"@id":"https:\/\/www.educamaker.com.br\/portal\/#\/schema\/logo\/image\/"},"sameAs":["https:\/\/facebook.com\/educamakerbr","https:\/\/instagram.com\/educamaker","https:\/\/www.youtube.com\/educamaker"]}]}},"_links":{"self":[{"href":"https:\/\/www.educamaker.com.br\/portal\/wp-json\/wp\/v2\/product\/726","targetHints":{"allow":["GET"]}}],"collection":[{"href":"https:\/\/www.educamaker.com.br\/portal\/wp-json\/wp\/v2\/product"}],"about":[{"href":"https:\/\/www.educamaker.com.br\/portal\/wp-json\/wp\/v2\/types\/product"}],"wp:featuredmedia":[{"embeddable":true,"href":"https:\/\/www.educamaker.com.br\/portal\/wp-json\/wp\/v2\/media\/1606"}],"wp:attachment":[{"href":"https:\/\/www.educamaker.com.br\/portal\/wp-json\/wp\/v2\/media?parent=726"}],"wp:term":[{"taxonomy":"product_brand","embeddable":true,"href":"https:\/\/www.educamaker.com.br\/portal\/wp-json\/wp\/v2\/product_brand?post=726"},{"taxonomy":"product_cat","embeddable":true,"href":"https:\/\/www.educamaker.com.br\/portal\/wp-json\/wp\/v2\/product_cat?post=726"},{"taxonomy":"product_tag","embeddable":true,"href":"https:\/\/www.educamaker.com.br\/portal\/wp-json\/wp\/v2\/product_tag?post=726"}],"curies":[{"name":"wp","href":"https:\/\/api.w.org\/{rel}","templated":true}]}}