{"id":721,"date":"2018-06-20T12:00:47","date_gmt":"2018-06-20T15:00:47","guid":{"rendered":"http:\/\/loja.educamaker.com.br\/?post_type=product&#038;p=721"},"modified":"2018-09-11T13:47:24","modified_gmt":"2018-09-11T16:47:24","slug":"caderno-matematica-e-suas-tecnologias","status":"publish","type":"product","link":"https:\/\/www.educamaker.com.br\/portal\/produto\/caderno-matematica-e-suas-tecnologias\/","title":{"rendered":"Caderno Matem\u00e1tica e suas Tecnologias"},"content":{"rendered":"<p style=\"text-align: center\"><span style=\"color: #ff0000\"><strong>CADERNO MATEM\u00c1TICA E SUAS TECNOLOGIAS<\/strong> <\/span><\/p>\n<p><span>\u00a0<\/span><\/p>\n<p><span>Se liga nessa f\u00f3rmula!<\/span><\/p>\n<p><span>\u00a0<\/span><\/p>\n<p style=\"text-align: center\"><span><strong>TEMPO CURTO + APOSTILA EDUCAMAKER = APROVA\u00c7\u00c3O NO ENEM!<\/strong> <\/span><\/p>\n<p><span>\u00a0<\/span><\/p>\n<p><span>Est\u00e1 sem tempo para se preparar para o ENEM?<\/span><\/p>\n<p><span>\u00a0<\/span><\/p>\n<p><span>&#8211; Obtenha conte\u00fados exclusivos e atualizados <\/span><\/p>\n<p><span>&#8211; Realize atividades retiradas de provas do Enem <\/span><\/p>\n<p><span>&#8211;\u00a0 Utilize a melhor plataforma de ensino conectado do pa\u00eds<\/span><\/p>\n<p><span>&#8211; Saia na frente dos seus concorrentes <\/span><\/p>\n<p><span>\u00a0<\/span><\/p>\n<p><span>Todo o conte\u00fado do ensino m\u00e9dio, resumido e alinhado com as aulas dispon\u00edveis a um pre\u00e7o que cabe no bolso do estudante! <\/span><\/p>\n<p>&nbsp;<\/p>\n<p>P\u00e1ginas: 156<\/p>\n<p>Peso: 400 g<\/p>\n<p>&nbsp;<\/p>\n<p>Prazo de entrega: 15 dias ap\u00f3s confirma\u00e7\u00e3o de pagamento.<\/p>\n","protected":false},"excerpt":{"rendered":"<p><span>Se liga nessa f\u00f3rmula!<\/span><\/p>\n<p style=\"text-align: center\"><span><strong>TEMPO CURTO + APOSTILA EDUCAMAKER = APROVA\u00c7\u00c3O NO ENEM!<\/strong> <\/span><\/p>\n","protected":false},"featured_media":1604,"template":"","meta":[],"product_brand":[],"product_cat":[24,31,35,32,26],"product_tag":[23],"class_list":{"0":"post-721","1":"product","2":"type-product","3":"status-publish","4":"has-post-thumbnail","6":"product_cat-apostilas","7":"product_cat-enem","8":"product_cat-matematica","9":"product_cat-vestibular","10":"product_cat-video-aluas","11":"product_tag-apostilas","13":"first","14":"instock","15":"sale","16":"shipping-taxable","17":"purchasable","18":"product-type-simple"},"yoast_head":"<!-- This site is optimized with the Yoast SEO plugin v27.2 - https:\/\/yoast.com\/product\/yoast-seo-wordpress\/ -->\n<title>Adquira j\u00e1 seu Caderno Matem\u00e1tica e suas Tecnologias - Enem 2018 - Cursinho Online Educamaker<\/title>\n<meta name=\"description\" content=\"Compre agora mesmo o CADERNO DE MATEM\u00c1TICA E SUAS TECNOLOGIA para o ENEM 2018 e acompanhe as video aulas atrav\u00e9s da plataforma Educamaker.\" \/>\n<meta name=\"robots\" content=\"noindex, follow, max-snippet:-1, max-image-preview:large, max-video-preview:-1\" \/>\n<meta name=\"twitter:card\" content=\"summary_large_image\" \/>\n<meta name=\"twitter:title\" content=\"Adquira j\u00e1 seu Caderno Matem\u00e1tica e suas Tecnologias - Enem 2018 - Cursinho Online Educamaker\" \/>\n<meta name=\"twitter:description\" content=\"Compre agora mesmo o CADERNO DE MATEM\u00c1TICA E SUAS TECNOLOGIA para o ENEM 2018 e acompanhe as video aulas atrav\u00e9s da plataforma Educamaker.\" \/>\n<meta name=\"twitter:image\" content=\"https:\/\/www.educamaker.com.br\/portal\/wp-content\/uploads\/2018\/06\/ENEM-Teoria-Exerc\u00edcios-2009-a-2017-matem\u00e1tica-e-suas-tecnologias.png\" \/>\n<meta name=\"twitter:label1\" content=\"Est. tempo de leitura\" \/>\n\t<meta name=\"twitter:data1\" content=\"1 minuto\" \/>\n<script type=\"application\/ld+json\" class=\"yoast-schema-graph\">{\"@context\":\"https:\/\/schema.org\",\"@graph\":[{\"@type\":\"WebPage\",\"@id\":\"https:\/\/www.educamaker.com.br\/portal\/produto\/caderno-matematica-e-suas-tecnologias\/\",\"url\":\"https:\/\/www.educamaker.com.br\/portal\/produto\/caderno-matematica-e-suas-tecnologias\/\",\"name\":\"Adquira j\u00e1 seu Caderno Matem\u00e1tica e suas Tecnologias - Enem 2018 - Cursinho Online Educamaker\",\"isPartOf\":{\"@id\":\"https:\/\/www.educamaker.com.br\/portal\/#website\"},\"primaryImageOfPage\":{\"@id\":\"https:\/\/www.educamaker.com.br\/portal\/produto\/caderno-matematica-e-suas-tecnologias\/#primaryimage\"},\"image\":{\"@id\":\"https:\/\/www.educamaker.com.br\/portal\/produto\/caderno-matematica-e-suas-tecnologias\/#primaryimage\"},\"thumbnailUrl\":\"https:\/\/www.educamaker.com.br\/portal\/wp-content\/uploads\/2018\/06\/ENEM-Teoria-Exerc\u00edcios-2009-a-2017-matem\u00e1tica-e-suas-tecnologias.png\",\"datePublished\":\"2018-06-20T15:00:47+00:00\",\"dateModified\":\"2018-09-11T16:47:24+00:00\",\"description\":\"Compre agora mesmo o CADERNO DE MATEM\u00c1TICA E SUAS TECNOLOGIA para o ENEM 2018 e acompanhe as video aulas atrav\u00e9s da plataforma Educamaker.\",\"breadcrumb\":{\"@id\":\"https:\/\/www.educamaker.com.br\/portal\/produto\/caderno-matematica-e-suas-tecnologias\/#breadcrumb\"},\"inLanguage\":\"pt-BR\",\"potentialAction\":[{\"@type\":\"ReadAction\",\"target\":[\"https:\/\/www.educamaker.com.br\/portal\/produto\/caderno-matematica-e-suas-tecnologias\/\"]}]},{\"@type\":\"ImageObject\",\"inLanguage\":\"pt-BR\",\"@id\":\"https:\/\/www.educamaker.com.br\/portal\/produto\/caderno-matematica-e-suas-tecnologias\/#primaryimage\",\"url\":\"https:\/\/www.educamaker.com.br\/portal\/wp-content\/uploads\/2018\/06\/ENEM-Teoria-Exerc\u00edcios-2009-a-2017-matem\u00e1tica-e-suas-tecnologias.png\",\"contentUrl\":\"https:\/\/www.educamaker.com.br\/portal\/wp-content\/uploads\/2018\/06\/ENEM-Teoria-Exerc\u00edcios-2009-a-2017-matem\u00e1tica-e-suas-tecnologias.png\",\"width\":800,\"height\":1200},{\"@type\":\"BreadcrumbList\",\"@id\":\"https:\/\/www.educamaker.com.br\/portal\/produto\/caderno-matematica-e-suas-tecnologias\/#breadcrumb\",\"itemListElement\":[{\"@type\":\"ListItem\",\"position\":1,\"name\":\"In\u00edcio\",\"item\":\"https:\/\/www.educamaker.com.br\/portal\/\"},{\"@type\":\"ListItem\",\"position\":2,\"name\":\"Produtos\",\"item\":\"https:\/\/www.educamaker.com.br\/portal\/loja\/\"},{\"@type\":\"ListItem\",\"position\":3,\"name\":\"Caderno Matem\u00e1tica e suas Tecnologias\"}]},{\"@type\":\"WebSite\",\"@id\":\"https:\/\/www.educamaker.com.br\/portal\/#website\",\"url\":\"https:\/\/www.educamaker.com.br\/portal\/\",\"name\":\"Cursinho Online Educamaker\",\"description\":\"Cursinho Online focado nos principais vestibulares e no ENEM\",\"publisher\":{\"@id\":\"https:\/\/www.educamaker.com.br\/portal\/#organization\"},\"potentialAction\":[{\"@type\":\"SearchAction\",\"target\":{\"@type\":\"EntryPoint\",\"urlTemplate\":\"https:\/\/www.educamaker.com.br\/portal\/?s={search_term_string}\"},\"query-input\":{\"@type\":\"PropertyValueSpecification\",\"valueRequired\":true,\"valueName\":\"search_term_string\"}}],\"inLanguage\":\"pt-BR\"},{\"@type\":\"Organization\",\"@id\":\"https:\/\/www.educamaker.com.br\/portal\/#organization\",\"name\":\"Educamaker\",\"url\":\"https:\/\/www.educamaker.com.br\/portal\/\",\"logo\":{\"@type\":\"ImageObject\",\"inLanguage\":\"pt-BR\",\"@id\":\"https:\/\/www.educamaker.com.br\/portal\/#\/schema\/logo\/image\/\",\"url\":\"https:\/\/www.educamaker.com.br\/portal\/wp-content\/uploads\/2018\/04\/Logo-Principal.png\",\"contentUrl\":\"https:\/\/www.educamaker.com.br\/portal\/wp-content\/uploads\/2018\/04\/Logo-Principal.png\",\"width\":1250,\"height\":834,\"caption\":\"Educamaker\"},\"image\":{\"@id\":\"https:\/\/www.educamaker.com.br\/portal\/#\/schema\/logo\/image\/\"},\"sameAs\":[\"https:\/\/facebook.com\/educamakerbr\",\"https:\/\/instagram.com\/educamaker\",\"https:\/\/www.youtube.com\/educamaker\"]}]}<\/script>\n<!-- \/ Yoast SEO plugin. -->","yoast_head_json":{"title":"Adquira j\u00e1 seu Caderno Matem\u00e1tica e suas Tecnologias - Enem 2018 - Cursinho Online Educamaker","description":"Compre agora mesmo o CADERNO DE MATEM\u00c1TICA E SUAS TECNOLOGIA para o ENEM 2018 e acompanhe as video aulas atrav\u00e9s da plataforma Educamaker.","robots":{"index":"noindex","follow":"follow","max-snippet":"max-snippet:-1","max-image-preview":"max-image-preview:large","max-video-preview":"max-video-preview:-1"},"twitter_card":"summary_large_image","twitter_title":"Adquira j\u00e1 seu Caderno Matem\u00e1tica e suas Tecnologias - Enem 2018 - Cursinho Online Educamaker","twitter_description":"Compre agora mesmo o CADERNO DE MATEM\u00c1TICA E SUAS TECNOLOGIA para o ENEM 2018 e acompanhe as video aulas atrav\u00e9s da plataforma Educamaker.","twitter_image":"https:\/\/www.educamaker.com.br\/portal\/wp-content\/uploads\/2018\/06\/ENEM-Teoria-Exerc\u00edcios-2009-a-2017-matem\u00e1tica-e-suas-tecnologias.png","twitter_misc":{"Est. tempo de leitura":"1 minuto"},"schema":{"@context":"https:\/\/schema.org","@graph":[{"@type":"WebPage","@id":"https:\/\/www.educamaker.com.br\/portal\/produto\/caderno-matematica-e-suas-tecnologias\/","url":"https:\/\/www.educamaker.com.br\/portal\/produto\/caderno-matematica-e-suas-tecnologias\/","name":"Adquira j\u00e1 seu Caderno Matem\u00e1tica e suas Tecnologias - Enem 2018 - Cursinho Online Educamaker","isPartOf":{"@id":"https:\/\/www.educamaker.com.br\/portal\/#website"},"primaryImageOfPage":{"@id":"https:\/\/www.educamaker.com.br\/portal\/produto\/caderno-matematica-e-suas-tecnologias\/#primaryimage"},"image":{"@id":"https:\/\/www.educamaker.com.br\/portal\/produto\/caderno-matematica-e-suas-tecnologias\/#primaryimage"},"thumbnailUrl":"https:\/\/www.educamaker.com.br\/portal\/wp-content\/uploads\/2018\/06\/ENEM-Teoria-Exerc\u00edcios-2009-a-2017-matem\u00e1tica-e-suas-tecnologias.png","datePublished":"2018-06-20T15:00:47+00:00","dateModified":"2018-09-11T16:47:24+00:00","description":"Compre agora mesmo o CADERNO DE MATEM\u00c1TICA E SUAS TECNOLOGIA para o ENEM 2018 e acompanhe as video aulas atrav\u00e9s da plataforma Educamaker.","breadcrumb":{"@id":"https:\/\/www.educamaker.com.br\/portal\/produto\/caderno-matematica-e-suas-tecnologias\/#breadcrumb"},"inLanguage":"pt-BR","potentialAction":[{"@type":"ReadAction","target":["https:\/\/www.educamaker.com.br\/portal\/produto\/caderno-matematica-e-suas-tecnologias\/"]}]},{"@type":"ImageObject","inLanguage":"pt-BR","@id":"https:\/\/www.educamaker.com.br\/portal\/produto\/caderno-matematica-e-suas-tecnologias\/#primaryimage","url":"https:\/\/www.educamaker.com.br\/portal\/wp-content\/uploads\/2018\/06\/ENEM-Teoria-Exerc\u00edcios-2009-a-2017-matem\u00e1tica-e-suas-tecnologias.png","contentUrl":"https:\/\/www.educamaker.com.br\/portal\/wp-content\/uploads\/2018\/06\/ENEM-Teoria-Exerc\u00edcios-2009-a-2017-matem\u00e1tica-e-suas-tecnologias.png","width":800,"height":1200},{"@type":"BreadcrumbList","@id":"https:\/\/www.educamaker.com.br\/portal\/produto\/caderno-matematica-e-suas-tecnologias\/#breadcrumb","itemListElement":[{"@type":"ListItem","position":1,"name":"In\u00edcio","item":"https:\/\/www.educamaker.com.br\/portal\/"},{"@type":"ListItem","position":2,"name":"Produtos","item":"https:\/\/www.educamaker.com.br\/portal\/loja\/"},{"@type":"ListItem","position":3,"name":"Caderno Matem\u00e1tica e suas Tecnologias"}]},{"@type":"WebSite","@id":"https:\/\/www.educamaker.com.br\/portal\/#website","url":"https:\/\/www.educamaker.com.br\/portal\/","name":"Cursinho Online Educamaker","description":"Cursinho Online focado nos principais vestibulares e no ENEM","publisher":{"@id":"https:\/\/www.educamaker.com.br\/portal\/#organization"},"potentialAction":[{"@type":"SearchAction","target":{"@type":"EntryPoint","urlTemplate":"https:\/\/www.educamaker.com.br\/portal\/?s={search_term_string}"},"query-input":{"@type":"PropertyValueSpecification","valueRequired":true,"valueName":"search_term_string"}}],"inLanguage":"pt-BR"},{"@type":"Organization","@id":"https:\/\/www.educamaker.com.br\/portal\/#organization","name":"Educamaker","url":"https:\/\/www.educamaker.com.br\/portal\/","logo":{"@type":"ImageObject","inLanguage":"pt-BR","@id":"https:\/\/www.educamaker.com.br\/portal\/#\/schema\/logo\/image\/","url":"https:\/\/www.educamaker.com.br\/portal\/wp-content\/uploads\/2018\/04\/Logo-Principal.png","contentUrl":"https:\/\/www.educamaker.com.br\/portal\/wp-content\/uploads\/2018\/04\/Logo-Principal.png","width":1250,"height":834,"caption":"Educamaker"},"image":{"@id":"https:\/\/www.educamaker.com.br\/portal\/#\/schema\/logo\/image\/"},"sameAs":["https:\/\/facebook.com\/educamakerbr","https:\/\/instagram.com\/educamaker","https:\/\/www.youtube.com\/educamaker"]}]}},"_links":{"self":[{"href":"https:\/\/www.educamaker.com.br\/portal\/wp-json\/wp\/v2\/product\/721","targetHints":{"allow":["GET"]}}],"collection":[{"href":"https:\/\/www.educamaker.com.br\/portal\/wp-json\/wp\/v2\/product"}],"about":[{"href":"https:\/\/www.educamaker.com.br\/portal\/wp-json\/wp\/v2\/types\/product"}],"wp:featuredmedia":[{"embeddable":true,"href":"https:\/\/www.educamaker.com.br\/portal\/wp-json\/wp\/v2\/media\/1604"}],"wp:attachment":[{"href":"https:\/\/www.educamaker.com.br\/portal\/wp-json\/wp\/v2\/media?parent=721"}],"wp:term":[{"taxonomy":"product_brand","embeddable":true,"href":"https:\/\/www.educamaker.com.br\/portal\/wp-json\/wp\/v2\/product_brand?post=721"},{"taxonomy":"product_cat","embeddable":true,"href":"https:\/\/www.educamaker.com.br\/portal\/wp-json\/wp\/v2\/product_cat?post=721"},{"taxonomy":"product_tag","embeddable":true,"href":"https:\/\/www.educamaker.com.br\/portal\/wp-json\/wp\/v2\/product_tag?post=721"}],"curies":[{"name":"wp","href":"https:\/\/api.w.org\/{rel}","templated":true}]}}