{"id":709,"date":"2018-06-20T05:37:07","date_gmt":"2018-06-20T08:37:07","guid":{"rendered":"http:\/\/loja.educamaker.com.br\/?post_type=product&#038;p=709"},"modified":"2018-09-14T16:16:25","modified_gmt":"2018-09-14T19:16:25","slug":"kit-enem-educamaker","status":"publish","type":"product","link":"https:\/\/www.educamaker.com.br\/portal\/produto\/kit-enem-educamaker\/","title":{"rendered":"Kit Enem EducaMaker"},"content":{"rendered":"<div>\n<h4 style=\"text-align: center\"><span style=\"color: #ff0000\"><strong>COMB\u00c3O ECON\u00d4MICO COM 4 VOLUMES!!!<\/strong><\/span><\/h4>\n<p><span>Um resum\u00e3o completo dos conte\u00fados do ensino m\u00e9dio em uma linguagem de f\u00e1cil compreens\u00e3o para quem pretende arrasar no ENEM! <\/span><\/p>\n<p><span>Ci\u00eancias Humanas e suas tecnologias<\/span><\/p>\n<p><span>Ci\u00eancias da natureza e suas tecnologias<\/span><\/p>\n<p><span>Linguagens, c\u00f3digos e suas tecnologias<\/span><\/p>\n<p><span>Matem\u00e1tica e suas tecnologias <\/span><\/p>\n<p><span>&#8211; Obtenha conte\u00fados exclusivos e atualizados<\/span><\/p>\n<p><span>&#8211; Realize atividades retiradas de provas do Enem<\/span><\/p>\n<p><span>&#8211;\u00a0 Utilize a melhor plataforma de ensino conectado do pa\u00eds<\/span><\/p>\n<p><span>&#8211; Saia na frente dos seus concorrentes<\/span><\/p>\n<p><span>Todo o conte\u00fado do ensino m\u00e9dio, resumido e alinhado com as aulas dispon\u00edveis, com um pre\u00e7o que cabe no bolso do estudante! <\/span><\/p>\n<p><span><strong><span style=\"color: #ff0000\">APENAS 15 EM ESTOQUE!<\/span><\/strong><\/span><\/p>\n<p><strong>P\u00e1ginas: Caderno de Linguagens: 312<br \/>\n<\/strong><\/p>\n<p>Caderno de Matem\u00e1tica: 156<\/p>\n<p>Caderno de Ci\u00eancias Humanas: 558<\/p>\n<p>Caderno de Ci\u00eancias da Natureza: 318<\/p>\n<\/div>\n<p>Peso: 3260 g<\/p>\n<p>&nbsp;<\/p>\n<p>Prazo de Entrega: 15 dias a partir da confirma\u00e7\u00e3o do pagamento.<\/p>\n","protected":false},"excerpt":{"rendered":"<p><span>Um resum\u00e3o completo dos conte\u00fados do ensino m\u00e9dio em uma linguagem de f\u00e1cil compreens\u00e3o para quem pretende arrasar no ENEM! <\/span><\/p>\n","protected":false},"featured_media":1753,"template":"","meta":[],"product_brand":[],"product_cat":[24,43,31,39,44,37,41,36,40,35,42,45,38,32,26],"product_tag":[23],"class_list":{"0":"post-709","1":"product","2":"type-product","3":"status-publish","4":"has-post-thumbnail","6":"product_cat-apostilas","7":"product_cat-biologia","8":"product_cat-enem","9":"product_cat-filosofia","10":"product_cat-fisica","11":"product_cat-geografia","12":"product_cat-gramatica","13":"product_cat-historio","14":"product_cat-literatura","15":"product_cat-matematica","16":"product_cat-producao-textual","17":"product_cat-quimica","18":"product_cat-sociologia","19":"product_cat-vestibular","20":"product_cat-video-aluas","21":"product_tag-apostilas","23":"first","24":"instock","25":"sale","26":"shipping-taxable","27":"purchasable","28":"product-type-simple"},"yoast_head":"<!-- This site is optimized with the Yoast SEO plugin v27.2 - https:\/\/yoast.com\/product\/yoast-seo-wordpress\/ -->\n<title>Kit Enem EducaMaker - Conjunto de Ap\u00f3stilas - Cursinho Online Educamaker<\/title>\n<meta name=\"description\" content=\"Ensino M\u00e9dio, Ci\u00eancias da Natureza e suas Tecnologias;Humanas e suas Tecnologias;Linguagens, C\u00f3digos e suas Tecnologias;Matem\u00e1tica e suas Tecnologias.\" \/>\n<meta name=\"robots\" content=\"noindex, follow, max-snippet:-1, max-image-preview:large, max-video-preview:-1\" \/>\n<meta name=\"twitter:card\" content=\"summary_large_image\" \/>\n<meta name=\"twitter:title\" content=\"Kit Enem EducaMaker - Conjunto de Ap\u00f3stilas - Cursinho Online Educamaker\" \/>\n<meta name=\"twitter:description\" content=\"Ensino M\u00e9dio, Ci\u00eancias da Natureza e suas Tecnologias;Humanas e suas Tecnologias;Linguagens, C\u00f3digos e suas Tecnologias;Matem\u00e1tica e suas Tecnologias.\" \/>\n<meta name=\"twitter:image\" content=\"https:\/\/www.educamaker.com.br\/portal\/wp-content\/uploads\/2018\/06\/novokit-enem.jpg\" \/>\n<meta name=\"twitter:label1\" content=\"Est. tempo de leitura\" \/>\n\t<meta name=\"twitter:data1\" content=\"1 minuto\" \/>\n<script type=\"application\/ld+json\" class=\"yoast-schema-graph\">{\"@context\":\"https:\/\/schema.org\",\"@graph\":[{\"@type\":\"WebPage\",\"@id\":\"https:\/\/www.educamaker.com.br\/portal\/produto\/kit-enem-educamaker\/\",\"url\":\"https:\/\/www.educamaker.com.br\/portal\/produto\/kit-enem-educamaker\/\",\"name\":\"Kit Enem EducaMaker - Conjunto de Ap\u00f3stilas - Cursinho Online Educamaker\",\"isPartOf\":{\"@id\":\"https:\/\/www.educamaker.com.br\/portal\/#website\"},\"primaryImageOfPage\":{\"@id\":\"https:\/\/www.educamaker.com.br\/portal\/produto\/kit-enem-educamaker\/#primaryimage\"},\"image\":{\"@id\":\"https:\/\/www.educamaker.com.br\/portal\/produto\/kit-enem-educamaker\/#primaryimage\"},\"thumbnailUrl\":\"https:\/\/www.educamaker.com.br\/portal\/wp-content\/uploads\/2018\/06\/novokit-enem.jpg\",\"datePublished\":\"2018-06-20T08:37:07+00:00\",\"dateModified\":\"2018-09-14T19:16:25+00:00\",\"description\":\"Ensino M\u00e9dio, Ci\u00eancias da Natureza e suas Tecnologias;Humanas e suas Tecnologias;Linguagens, C\u00f3digos e suas Tecnologias;Matem\u00e1tica e suas Tecnologias.\",\"breadcrumb\":{\"@id\":\"https:\/\/www.educamaker.com.br\/portal\/produto\/kit-enem-educamaker\/#breadcrumb\"},\"inLanguage\":\"pt-BR\",\"potentialAction\":[{\"@type\":\"ReadAction\",\"target\":[\"https:\/\/www.educamaker.com.br\/portal\/produto\/kit-enem-educamaker\/\"]}]},{\"@type\":\"ImageObject\",\"inLanguage\":\"pt-BR\",\"@id\":\"https:\/\/www.educamaker.com.br\/portal\/produto\/kit-enem-educamaker\/#primaryimage\",\"url\":\"https:\/\/www.educamaker.com.br\/portal\/wp-content\/uploads\/2018\/06\/novokit-enem.jpg\",\"contentUrl\":\"https:\/\/www.educamaker.com.br\/portal\/wp-content\/uploads\/2018\/06\/novokit-enem.jpg\",\"width\":800,\"height\":1200},{\"@type\":\"BreadcrumbList\",\"@id\":\"https:\/\/www.educamaker.com.br\/portal\/produto\/kit-enem-educamaker\/#breadcrumb\",\"itemListElement\":[{\"@type\":\"ListItem\",\"position\":1,\"name\":\"In\u00edcio\",\"item\":\"https:\/\/www.educamaker.com.br\/portal\/\"},{\"@type\":\"ListItem\",\"position\":2,\"name\":\"Produtos\",\"item\":\"https:\/\/www.educamaker.com.br\/portal\/loja\/\"},{\"@type\":\"ListItem\",\"position\":3,\"name\":\"Kit Enem EducaMaker\"}]},{\"@type\":\"WebSite\",\"@id\":\"https:\/\/www.educamaker.com.br\/portal\/#website\",\"url\":\"https:\/\/www.educamaker.com.br\/portal\/\",\"name\":\"Cursinho Online Educamaker\",\"description\":\"Cursinho Online focado nos principais vestibulares e no ENEM\",\"publisher\":{\"@id\":\"https:\/\/www.educamaker.com.br\/portal\/#organization\"},\"potentialAction\":[{\"@type\":\"SearchAction\",\"target\":{\"@type\":\"EntryPoint\",\"urlTemplate\":\"https:\/\/www.educamaker.com.br\/portal\/?s={search_term_string}\"},\"query-input\":{\"@type\":\"PropertyValueSpecification\",\"valueRequired\":true,\"valueName\":\"search_term_string\"}}],\"inLanguage\":\"pt-BR\"},{\"@type\":\"Organization\",\"@id\":\"https:\/\/www.educamaker.com.br\/portal\/#organization\",\"name\":\"Educamaker\",\"url\":\"https:\/\/www.educamaker.com.br\/portal\/\",\"logo\":{\"@type\":\"ImageObject\",\"inLanguage\":\"pt-BR\",\"@id\":\"https:\/\/www.educamaker.com.br\/portal\/#\/schema\/logo\/image\/\",\"url\":\"https:\/\/www.educamaker.com.br\/portal\/wp-content\/uploads\/2018\/04\/Logo-Principal.png\",\"contentUrl\":\"https:\/\/www.educamaker.com.br\/portal\/wp-content\/uploads\/2018\/04\/Logo-Principal.png\",\"width\":1250,\"height\":834,\"caption\":\"Educamaker\"},\"image\":{\"@id\":\"https:\/\/www.educamaker.com.br\/portal\/#\/schema\/logo\/image\/\"},\"sameAs\":[\"https:\/\/facebook.com\/educamakerbr\",\"https:\/\/instagram.com\/educamaker\",\"https:\/\/www.youtube.com\/educamaker\"]}]}<\/script>\n<!-- \/ Yoast SEO plugin. -->","yoast_head_json":{"title":"Kit Enem EducaMaker - Conjunto de Ap\u00f3stilas - Cursinho Online Educamaker","description":"Ensino M\u00e9dio, Ci\u00eancias da Natureza e suas Tecnologias;Humanas e suas Tecnologias;Linguagens, C\u00f3digos e suas Tecnologias;Matem\u00e1tica e suas Tecnologias.","robots":{"index":"noindex","follow":"follow","max-snippet":"max-snippet:-1","max-image-preview":"max-image-preview:large","max-video-preview":"max-video-preview:-1"},"twitter_card":"summary_large_image","twitter_title":"Kit Enem EducaMaker - Conjunto de Ap\u00f3stilas - Cursinho Online Educamaker","twitter_description":"Ensino M\u00e9dio, Ci\u00eancias da Natureza e suas Tecnologias;Humanas e suas Tecnologias;Linguagens, C\u00f3digos e suas Tecnologias;Matem\u00e1tica e suas Tecnologias.","twitter_image":"https:\/\/www.educamaker.com.br\/portal\/wp-content\/uploads\/2018\/06\/novokit-enem.jpg","twitter_misc":{"Est. tempo de leitura":"1 minuto"},"schema":{"@context":"https:\/\/schema.org","@graph":[{"@type":"WebPage","@id":"https:\/\/www.educamaker.com.br\/portal\/produto\/kit-enem-educamaker\/","url":"https:\/\/www.educamaker.com.br\/portal\/produto\/kit-enem-educamaker\/","name":"Kit Enem EducaMaker - Conjunto de Ap\u00f3stilas - Cursinho Online Educamaker","isPartOf":{"@id":"https:\/\/www.educamaker.com.br\/portal\/#website"},"primaryImageOfPage":{"@id":"https:\/\/www.educamaker.com.br\/portal\/produto\/kit-enem-educamaker\/#primaryimage"},"image":{"@id":"https:\/\/www.educamaker.com.br\/portal\/produto\/kit-enem-educamaker\/#primaryimage"},"thumbnailUrl":"https:\/\/www.educamaker.com.br\/portal\/wp-content\/uploads\/2018\/06\/novokit-enem.jpg","datePublished":"2018-06-20T08:37:07+00:00","dateModified":"2018-09-14T19:16:25+00:00","description":"Ensino M\u00e9dio, Ci\u00eancias da Natureza e suas Tecnologias;Humanas e suas Tecnologias;Linguagens, C\u00f3digos e suas Tecnologias;Matem\u00e1tica e suas Tecnologias.","breadcrumb":{"@id":"https:\/\/www.educamaker.com.br\/portal\/produto\/kit-enem-educamaker\/#breadcrumb"},"inLanguage":"pt-BR","potentialAction":[{"@type":"ReadAction","target":["https:\/\/www.educamaker.com.br\/portal\/produto\/kit-enem-educamaker\/"]}]},{"@type":"ImageObject","inLanguage":"pt-BR","@id":"https:\/\/www.educamaker.com.br\/portal\/produto\/kit-enem-educamaker\/#primaryimage","url":"https:\/\/www.educamaker.com.br\/portal\/wp-content\/uploads\/2018\/06\/novokit-enem.jpg","contentUrl":"https:\/\/www.educamaker.com.br\/portal\/wp-content\/uploads\/2018\/06\/novokit-enem.jpg","width":800,"height":1200},{"@type":"BreadcrumbList","@id":"https:\/\/www.educamaker.com.br\/portal\/produto\/kit-enem-educamaker\/#breadcrumb","itemListElement":[{"@type":"ListItem","position":1,"name":"In\u00edcio","item":"https:\/\/www.educamaker.com.br\/portal\/"},{"@type":"ListItem","position":2,"name":"Produtos","item":"https:\/\/www.educamaker.com.br\/portal\/loja\/"},{"@type":"ListItem","position":3,"name":"Kit Enem EducaMaker"}]},{"@type":"WebSite","@id":"https:\/\/www.educamaker.com.br\/portal\/#website","url":"https:\/\/www.educamaker.com.br\/portal\/","name":"Cursinho Online Educamaker","description":"Cursinho Online focado nos principais vestibulares e no ENEM","publisher":{"@id":"https:\/\/www.educamaker.com.br\/portal\/#organization"},"potentialAction":[{"@type":"SearchAction","target":{"@type":"EntryPoint","urlTemplate":"https:\/\/www.educamaker.com.br\/portal\/?s={search_term_string}"},"query-input":{"@type":"PropertyValueSpecification","valueRequired":true,"valueName":"search_term_string"}}],"inLanguage":"pt-BR"},{"@type":"Organization","@id":"https:\/\/www.educamaker.com.br\/portal\/#organization","name":"Educamaker","url":"https:\/\/www.educamaker.com.br\/portal\/","logo":{"@type":"ImageObject","inLanguage":"pt-BR","@id":"https:\/\/www.educamaker.com.br\/portal\/#\/schema\/logo\/image\/","url":"https:\/\/www.educamaker.com.br\/portal\/wp-content\/uploads\/2018\/04\/Logo-Principal.png","contentUrl":"https:\/\/www.educamaker.com.br\/portal\/wp-content\/uploads\/2018\/04\/Logo-Principal.png","width":1250,"height":834,"caption":"Educamaker"},"image":{"@id":"https:\/\/www.educamaker.com.br\/portal\/#\/schema\/logo\/image\/"},"sameAs":["https:\/\/facebook.com\/educamakerbr","https:\/\/instagram.com\/educamaker","https:\/\/www.youtube.com\/educamaker"]}]}},"_links":{"self":[{"href":"https:\/\/www.educamaker.com.br\/portal\/wp-json\/wp\/v2\/product\/709","targetHints":{"allow":["GET"]}}],"collection":[{"href":"https:\/\/www.educamaker.com.br\/portal\/wp-json\/wp\/v2\/product"}],"about":[{"href":"https:\/\/www.educamaker.com.br\/portal\/wp-json\/wp\/v2\/types\/product"}],"wp:featuredmedia":[{"embeddable":true,"href":"https:\/\/www.educamaker.com.br\/portal\/wp-json\/wp\/v2\/media\/1753"}],"wp:attachment":[{"href":"https:\/\/www.educamaker.com.br\/portal\/wp-json\/wp\/v2\/media?parent=709"}],"wp:term":[{"taxonomy":"product_brand","embeddable":true,"href":"https:\/\/www.educamaker.com.br\/portal\/wp-json\/wp\/v2\/product_brand?post=709"},{"taxonomy":"product_cat","embeddable":true,"href":"https:\/\/www.educamaker.com.br\/portal\/wp-json\/wp\/v2\/product_cat?post=709"},{"taxonomy":"product_tag","embeddable":true,"href":"https:\/\/www.educamaker.com.br\/portal\/wp-json\/wp\/v2\/product_tag?post=709"}],"curies":[{"name":"wp","href":"https:\/\/api.w.org\/{rel}","templated":true}]}}