{"id":6910,"date":"2019-07-17T16:26:58","date_gmt":"2019-07-17T19:26:58","guid":{"rendered":"https:\/\/www.educamaker.com.br\/portal\/?post_type=product&#038;p=6910"},"modified":"2019-07-23T12:27:37","modified_gmt":"2019-07-23T15:27:37","slug":"mentoria-exclusiva-uel","status":"publish","type":"product","link":"https:\/\/www.educamaker.com.br\/portal\/produto\/mentoria-exclusiva-uel\/","title":{"rendered":"Mentoria Exclusiva UEL"},"content":{"rendered":"<p>Nosso conte\u00fado tem foco na prepara\u00e7\u00e3o de jovens e adultos para enfrentar a concorr\u00eancia dos principais vestibulares do pa\u00eds, UEL e ENEM 2019 para todos os curso.<\/p>\n<p>Conte\u00fado Ao Vivo para Segunda Fase UEL.<\/p>\n<ul>\n<li>Aulas Ao Vivo tr\u00eas dias da semana depois do resultado Primeira Fase;<\/li>\n<li>Aulas de F\u00edsica, Qu\u00edmica, Biologia, Atualidades e Reda\u00e7\u00e3o;<\/li>\n<li>Aulas de corre\u00e7\u00f5es de exerc\u00edcios;<\/li>\n<li>Aulas interdisciplinares;<\/li>\n<li>Aulas de monitoria com os pr\u00f3prios professores;<\/li>\n<li>Tira d\u00favidas e interatividade durante as aulas.<\/li>\n<\/ul>\n<ul>\n<li><\/li>\n<\/ul>\n<p>Sobre o conte\u00fado dispon\u00edvel:<\/p>\n<ul>\n<li>+ de 1000 aulas com todo o conte\u00fado do Ensino M\u00e9dio;<\/li>\n<li>Centenas de exerc\u00edcios e in\u00fameros simulados;<\/li>\n<li>Tudo organizado em 8 fases;<\/li>\n<li>Plataforma Inteligente que analisa sua performance e mostra seu desempenho al\u00e9m de compar\u00e1-lo com seus concorrentes.<\/li>\n<\/ul>\n<h5 style=\"text-align: center;\"><span style=\"color: #ff0000;\"><strong>Acesso aos conte\u00fados IMEDIATO at\u00e9 o dia 31 de janeiro de 2020.<\/strong><\/span><\/h5>\n<ul>\n<li><\/li>\n<\/ul>\n","protected":false},"excerpt":{"rendered":"<p><span><strong>Al\u00e9m das + de 1000 aulas com todo conte\u00fado do Ensino M\u00e9dio, voc\u00ea ter\u00e1 acesso a um cronograma de aulas Ao Vivo todos os dias, milhares de exerc\u00edcios e in\u00fameros simulados.<br \/>\n<\/strong><\/span><\/p>\n<h3 style=\"text-align: center;\"><strong><span style=\"color: #ff0000;\">Acesso IMEDIATO<\/span><\/strong><\/h3>\n","protected":false},"featured_media":6872,"template":"","meta":[],"product_brand":[],"product_cat":[63,62],"product_tag":[],"class_list":{"0":"post-6910","1":"product","2":"type-product","3":"status-publish","4":"has-post-thumbnail","6":"product_cat-medicina","7":"product_cat-planos-e-programas-de-estudo","9":"first","10":"instock","11":"sale","12":"virtual","13":"purchasable","14":"product-type-simple"},"yoast_head":"<!-- This site is optimized with the Yoast SEO plugin v27.2 - https:\/\/yoast.com\/product\/yoast-seo-wordpress\/ -->\n<title>Mentoria Exclusiva UEL - Cursinho Online Educamaker<\/title>\n<meta name=\"robots\" content=\"noindex, follow, max-snippet:-1, max-image-preview:large, max-video-preview:-1\" \/>\n<meta name=\"twitter:card\" content=\"summary_large_image\" \/>\n<meta name=\"twitter:title\" content=\"Mentoria Exclusiva UEL - Cursinho Online Educamaker\" \/>\n<meta name=\"twitter:description\" content=\"Al\u00e9m das + de 1000 aulas com todo conte\u00fado do Ensino M\u00e9dio, voc\u00ea ter\u00e1 acesso a um cronograma de aulas Ao Vivo todos os dias, milhares de exerc\u00edcios e in\u00fameros simulados.  Acesso IMEDIATO\" \/>\n<meta name=\"twitter:image\" content=\"https:\/\/www.educamaker.com.br\/portal\/wp-content\/uploads\/2019\/07\/pagina-de-vendas-banner.png\" \/>\n<meta name=\"twitter:label1\" content=\"Est. tempo de leitura\" \/>\n\t<meta name=\"twitter:data1\" content=\"1 minuto\" \/>\n<script type=\"application\/ld+json\" class=\"yoast-schema-graph\">{\"@context\":\"https:\/\/schema.org\",\"@graph\":[{\"@type\":\"WebPage\",\"@id\":\"https:\/\/www.educamaker.com.br\/portal\/produto\/mentoria-exclusiva-uel\/\",\"url\":\"https:\/\/www.educamaker.com.br\/portal\/produto\/mentoria-exclusiva-uel\/\",\"name\":\"Mentoria Exclusiva UEL - Cursinho Online Educamaker\",\"isPartOf\":{\"@id\":\"https:\/\/www.educamaker.com.br\/portal\/#website\"},\"primaryImageOfPage\":{\"@id\":\"https:\/\/www.educamaker.com.br\/portal\/produto\/mentoria-exclusiva-uel\/#primaryimage\"},\"image\":{\"@id\":\"https:\/\/www.educamaker.com.br\/portal\/produto\/mentoria-exclusiva-uel\/#primaryimage\"},\"thumbnailUrl\":\"https:\/\/www.educamaker.com.br\/portal\/wp-content\/uploads\/2019\/07\/pagina-de-vendas-banner.png\",\"datePublished\":\"2019-07-17T19:26:58+00:00\",\"dateModified\":\"2019-07-23T15:27:37+00:00\",\"breadcrumb\":{\"@id\":\"https:\/\/www.educamaker.com.br\/portal\/produto\/mentoria-exclusiva-uel\/#breadcrumb\"},\"inLanguage\":\"pt-BR\",\"potentialAction\":[{\"@type\":\"ReadAction\",\"target\":[\"https:\/\/www.educamaker.com.br\/portal\/produto\/mentoria-exclusiva-uel\/\"]}]},{\"@type\":\"ImageObject\",\"inLanguage\":\"pt-BR\",\"@id\":\"https:\/\/www.educamaker.com.br\/portal\/produto\/mentoria-exclusiva-uel\/#primaryimage\",\"url\":\"https:\/\/www.educamaker.com.br\/portal\/wp-content\/uploads\/2019\/07\/pagina-de-vendas-banner.png\",\"contentUrl\":\"https:\/\/www.educamaker.com.br\/portal\/wp-content\/uploads\/2019\/07\/pagina-de-vendas-banner.png\",\"width\":800,\"height\":832},{\"@type\":\"BreadcrumbList\",\"@id\":\"https:\/\/www.educamaker.com.br\/portal\/produto\/mentoria-exclusiva-uel\/#breadcrumb\",\"itemListElement\":[{\"@type\":\"ListItem\",\"position\":1,\"name\":\"In\u00edcio\",\"item\":\"https:\/\/www.educamaker.com.br\/portal\/\"},{\"@type\":\"ListItem\",\"position\":2,\"name\":\"Produtos\",\"item\":\"https:\/\/www.educamaker.com.br\/portal\/loja\/\"},{\"@type\":\"ListItem\",\"position\":3,\"name\":\"Mentoria Exclusiva UEL\"}]},{\"@type\":\"WebSite\",\"@id\":\"https:\/\/www.educamaker.com.br\/portal\/#website\",\"url\":\"https:\/\/www.educamaker.com.br\/portal\/\",\"name\":\"Cursinho Online Educamaker\",\"description\":\"Cursinho Online focado nos principais vestibulares e no ENEM\",\"publisher\":{\"@id\":\"https:\/\/www.educamaker.com.br\/portal\/#organization\"},\"potentialAction\":[{\"@type\":\"SearchAction\",\"target\":{\"@type\":\"EntryPoint\",\"urlTemplate\":\"https:\/\/www.educamaker.com.br\/portal\/?s={search_term_string}\"},\"query-input\":{\"@type\":\"PropertyValueSpecification\",\"valueRequired\":true,\"valueName\":\"search_term_string\"}}],\"inLanguage\":\"pt-BR\"},{\"@type\":\"Organization\",\"@id\":\"https:\/\/www.educamaker.com.br\/portal\/#organization\",\"name\":\"Educamaker\",\"url\":\"https:\/\/www.educamaker.com.br\/portal\/\",\"logo\":{\"@type\":\"ImageObject\",\"inLanguage\":\"pt-BR\",\"@id\":\"https:\/\/www.educamaker.com.br\/portal\/#\/schema\/logo\/image\/\",\"url\":\"https:\/\/www.educamaker.com.br\/portal\/wp-content\/uploads\/2018\/04\/Logo-Principal.png\",\"contentUrl\":\"https:\/\/www.educamaker.com.br\/portal\/wp-content\/uploads\/2018\/04\/Logo-Principal.png\",\"width\":1250,\"height\":834,\"caption\":\"Educamaker\"},\"image\":{\"@id\":\"https:\/\/www.educamaker.com.br\/portal\/#\/schema\/logo\/image\/\"},\"sameAs\":[\"https:\/\/facebook.com\/educamakerbr\",\"https:\/\/instagram.com\/educamaker\",\"https:\/\/www.youtube.com\/educamaker\"]}]}<\/script>\n<!-- \/ Yoast SEO plugin. -->","yoast_head_json":{"title":"Mentoria Exclusiva UEL - Cursinho Online Educamaker","robots":{"index":"noindex","follow":"follow","max-snippet":"max-snippet:-1","max-image-preview":"max-image-preview:large","max-video-preview":"max-video-preview:-1"},"twitter_card":"summary_large_image","twitter_title":"Mentoria Exclusiva UEL - Cursinho Online Educamaker","twitter_description":"Al\u00e9m das + de 1000 aulas com todo conte\u00fado do Ensino M\u00e9dio, voc\u00ea ter\u00e1 acesso a um cronograma de aulas Ao Vivo todos os dias, milhares de exerc\u00edcios e in\u00fameros simulados.  Acesso IMEDIATO","twitter_image":"https:\/\/www.educamaker.com.br\/portal\/wp-content\/uploads\/2019\/07\/pagina-de-vendas-banner.png","twitter_misc":{"Est. tempo de leitura":"1 minuto"},"schema":{"@context":"https:\/\/schema.org","@graph":[{"@type":"WebPage","@id":"https:\/\/www.educamaker.com.br\/portal\/produto\/mentoria-exclusiva-uel\/","url":"https:\/\/www.educamaker.com.br\/portal\/produto\/mentoria-exclusiva-uel\/","name":"Mentoria Exclusiva UEL - Cursinho Online Educamaker","isPartOf":{"@id":"https:\/\/www.educamaker.com.br\/portal\/#website"},"primaryImageOfPage":{"@id":"https:\/\/www.educamaker.com.br\/portal\/produto\/mentoria-exclusiva-uel\/#primaryimage"},"image":{"@id":"https:\/\/www.educamaker.com.br\/portal\/produto\/mentoria-exclusiva-uel\/#primaryimage"},"thumbnailUrl":"https:\/\/www.educamaker.com.br\/portal\/wp-content\/uploads\/2019\/07\/pagina-de-vendas-banner.png","datePublished":"2019-07-17T19:26:58+00:00","dateModified":"2019-07-23T15:27:37+00:00","breadcrumb":{"@id":"https:\/\/www.educamaker.com.br\/portal\/produto\/mentoria-exclusiva-uel\/#breadcrumb"},"inLanguage":"pt-BR","potentialAction":[{"@type":"ReadAction","target":["https:\/\/www.educamaker.com.br\/portal\/produto\/mentoria-exclusiva-uel\/"]}]},{"@type":"ImageObject","inLanguage":"pt-BR","@id":"https:\/\/www.educamaker.com.br\/portal\/produto\/mentoria-exclusiva-uel\/#primaryimage","url":"https:\/\/www.educamaker.com.br\/portal\/wp-content\/uploads\/2019\/07\/pagina-de-vendas-banner.png","contentUrl":"https:\/\/www.educamaker.com.br\/portal\/wp-content\/uploads\/2019\/07\/pagina-de-vendas-banner.png","width":800,"height":832},{"@type":"BreadcrumbList","@id":"https:\/\/www.educamaker.com.br\/portal\/produto\/mentoria-exclusiva-uel\/#breadcrumb","itemListElement":[{"@type":"ListItem","position":1,"name":"In\u00edcio","item":"https:\/\/www.educamaker.com.br\/portal\/"},{"@type":"ListItem","position":2,"name":"Produtos","item":"https:\/\/www.educamaker.com.br\/portal\/loja\/"},{"@type":"ListItem","position":3,"name":"Mentoria Exclusiva UEL"}]},{"@type":"WebSite","@id":"https:\/\/www.educamaker.com.br\/portal\/#website","url":"https:\/\/www.educamaker.com.br\/portal\/","name":"Cursinho Online Educamaker","description":"Cursinho Online focado nos principais vestibulares e no ENEM","publisher":{"@id":"https:\/\/www.educamaker.com.br\/portal\/#organization"},"potentialAction":[{"@type":"SearchAction","target":{"@type":"EntryPoint","urlTemplate":"https:\/\/www.educamaker.com.br\/portal\/?s={search_term_string}"},"query-input":{"@type":"PropertyValueSpecification","valueRequired":true,"valueName":"search_term_string"}}],"inLanguage":"pt-BR"},{"@type":"Organization","@id":"https:\/\/www.educamaker.com.br\/portal\/#organization","name":"Educamaker","url":"https:\/\/www.educamaker.com.br\/portal\/","logo":{"@type":"ImageObject","inLanguage":"pt-BR","@id":"https:\/\/www.educamaker.com.br\/portal\/#\/schema\/logo\/image\/","url":"https:\/\/www.educamaker.com.br\/portal\/wp-content\/uploads\/2018\/04\/Logo-Principal.png","contentUrl":"https:\/\/www.educamaker.com.br\/portal\/wp-content\/uploads\/2018\/04\/Logo-Principal.png","width":1250,"height":834,"caption":"Educamaker"},"image":{"@id":"https:\/\/www.educamaker.com.br\/portal\/#\/schema\/logo\/image\/"},"sameAs":["https:\/\/facebook.com\/educamakerbr","https:\/\/instagram.com\/educamaker","https:\/\/www.youtube.com\/educamaker"]}]}},"_links":{"self":[{"href":"https:\/\/www.educamaker.com.br\/portal\/wp-json\/wp\/v2\/product\/6910","targetHints":{"allow":["GET"]}}],"collection":[{"href":"https:\/\/www.educamaker.com.br\/portal\/wp-json\/wp\/v2\/product"}],"about":[{"href":"https:\/\/www.educamaker.com.br\/portal\/wp-json\/wp\/v2\/types\/product"}],"wp:featuredmedia":[{"embeddable":true,"href":"https:\/\/www.educamaker.com.br\/portal\/wp-json\/wp\/v2\/media\/6872"}],"wp:attachment":[{"href":"https:\/\/www.educamaker.com.br\/portal\/wp-json\/wp\/v2\/media?parent=6910"}],"wp:term":[{"taxonomy":"product_brand","embeddable":true,"href":"https:\/\/www.educamaker.com.br\/portal\/wp-json\/wp\/v2\/product_brand?post=6910"},{"taxonomy":"product_cat","embeddable":true,"href":"https:\/\/www.educamaker.com.br\/portal\/wp-json\/wp\/v2\/product_cat?post=6910"},{"taxonomy":"product_tag","embeddable":true,"href":"https:\/\/www.educamaker.com.br\/portal\/wp-json\/wp\/v2\/product_tag?post=6910"}],"curies":[{"name":"wp","href":"https:\/\/api.w.org\/{rel}","templated":true}]}}