{"id":4625,"date":"2019-05-30T10:32:10","date_gmt":"2019-05-30T13:32:10","guid":{"rendered":"https:\/\/www.educamaker.com.br\/portal\/?post_type=product&#038;p=4625"},"modified":"2019-07-26T13:12:06","modified_gmt":"2019-07-26T16:12:06","slug":"material-digital-enem-2019-1000-aulas-simulados-atividades-promocional","status":"publish","type":"product","link":"https:\/\/www.educamaker.com.br\/portal\/produto\/material-digital-enem-2019-1000-aulas-simulados-atividades-promocional\/","title":{"rendered":"Material Digital ENEM 2019: + 1000 aulas + simulados + atividades"},"content":{"rendered":"<p>Nosso conte\u00fado tem foco na prepara\u00e7\u00e3o de jovens e adultos para os principais vestibulares do pa\u00eds e no ENEM 2019.<\/p>\n<p>Sobre o conte\u00fado:<\/p>\n<ul>\n<li>+ de 1000 aulas com todo o conte\u00fado do Ensino M\u00e9dio;<\/li>\n<li>Centenas de exerc\u00edcios e in\u00fameros simulados;<\/li>\n<li>Tudo organizado em 8 fases;<\/li>\n<li>Plataforma Inteligente que analisa sua performance e mostra seu desempenho al\u00e9m de compar\u00e1-lo com seus concorrentes.<\/li>\n<\/ul>\n<p>Ainda tem mais:<\/p>\n<ul>\n<li>Voc\u00ea ter\u00e1 direito a participar de 5 cursos de reda\u00e7\u00e3o com temas espec\u00edficos;<\/li>\n<li>Todas as atividades e simulados s\u00e3o corrigidos com o m\u00e9todo TRI;<\/li>\n<li>Aulas Ao Vivo na v\u00e9spera do ENEM para tirar as d\u00favidas.<\/li>\n<\/ul>\n<p>Conte\u00fado Gameficado:<\/p>\n<ul>\n<li>Voc\u00ea escolhe o n\u00edvel de dificuldade que quer enfrentar durante os estudos;<\/li>\n<li>Avan\u00e7a na aprendizagem passando de fase;<\/li>\n<li>Pode retornar nas fases e garantir uma melhora de desempenho.<\/li>\n<\/ul>\n<h5 style=\"text-align: center;\"><strong><span style=\"color: #0000ff;\">Acesso aos conte\u00fados IMEDIATO at\u00e9 o final do ENEM 2019.<\/span><\/strong><\/h5>\n","protected":false},"excerpt":{"rendered":"<h5 style=\"text-align: center;\"><span style=\"color: #ff0000;\">Pagamento &#8220;\u00danico&#8221;, sem mensalidades.<br \/>\n<\/span><\/h5>\n<p style=\"text-align: left;\"><span style=\"color: #0000ff;\">Tenha acesso a todo conte\u00fado do Ensino M\u00e9dio organizado em <span style=\"color: #ff0000;\">mais de 1000 aulas<\/span>, divididos em 8 fases. Al\u00e9m disso voc\u00ea ter\u00e1 acesso a <span style=\"color: #ff0000;\">milhares de atividades e in\u00fameros simulados<\/span> para treinar todo conte\u00fado.<\/span><\/p>\n<h5 style=\"text-align: center;\"><strong>Acesso aos conte\u00fados IMEDIATO at\u00e9 o final do ENEM 2019.<\/strong><\/h5>\n","protected":false},"featured_media":1942,"template":"","meta":[],"product_brand":[],"product_cat":[62],"product_tag":[],"class_list":{"0":"post-4625","1":"product","2":"type-product","3":"status-publish","4":"has-post-thumbnail","6":"product_cat-planos-e-programas-de-estudo","8":"first","9":"instock","10":"sale","11":"virtual","12":"purchasable","13":"product-type-simple"},"yoast_head":"<!-- This site is optimized with the Yoast SEO plugin v27.2 - https:\/\/yoast.com\/product\/yoast-seo-wordpress\/ -->\n<title>Material Digital ENEM 2019: + 1000 aulas + simulados + atividades - Cursinho Online Educamaker<\/title>\n<meta name=\"description\" content=\"CURSINHO VESTIBULAR - Mais de 1000 videoaulas para voc\u00ea obter sucesso no ENEM, SISU e outros Vestibulares\" \/>\n<meta name=\"robots\" content=\"noindex, follow, max-snippet:-1, max-image-preview:large, max-video-preview:-1\" \/>\n<meta name=\"twitter:card\" content=\"summary_large_image\" \/>\n<meta name=\"twitter:title\" content=\"Material Digital ENEM 2019: + 1000 aulas + simulados + atividades - Cursinho Online Educamaker\" \/>\n<meta name=\"twitter:description\" content=\"CURSINHO VESTIBULAR - Mais de 1000 videoaulas para voc\u00ea obter sucesso no ENEM, SISU e outros Vestibulares\" \/>\n<meta name=\"twitter:image\" content=\"https:\/\/www.educamaker.com.br\/portal\/wp-content\/uploads\/2018\/12\/capa-material-digital.jpg\" \/>\n<meta name=\"twitter:label1\" content=\"Est. tempo de leitura\" \/>\n\t<meta name=\"twitter:data1\" content=\"1 minuto\" \/>\n<script type=\"application\/ld+json\" class=\"yoast-schema-graph\">{\"@context\":\"https:\/\/schema.org\",\"@graph\":[{\"@type\":\"WebPage\",\"@id\":\"https:\/\/www.educamaker.com.br\/portal\/produto\/material-digital-enem-2019-1000-aulas-simulados-atividades-promocional\/\",\"url\":\"https:\/\/www.educamaker.com.br\/portal\/produto\/material-digital-enem-2019-1000-aulas-simulados-atividades-promocional\/\",\"name\":\"Material Digital ENEM 2019: + 1000 aulas + simulados + atividades - Cursinho Online Educamaker\",\"isPartOf\":{\"@id\":\"https:\/\/www.educamaker.com.br\/portal\/#website\"},\"primaryImageOfPage\":{\"@id\":\"https:\/\/www.educamaker.com.br\/portal\/produto\/material-digital-enem-2019-1000-aulas-simulados-atividades-promocional\/#primaryimage\"},\"image\":{\"@id\":\"https:\/\/www.educamaker.com.br\/portal\/produto\/material-digital-enem-2019-1000-aulas-simulados-atividades-promocional\/#primaryimage\"},\"thumbnailUrl\":\"https:\/\/www.educamaker.com.br\/portal\/wp-content\/uploads\/2018\/12\/capa-material-digital.jpg\",\"datePublished\":\"2019-05-30T13:32:10+00:00\",\"dateModified\":\"2019-07-26T16:12:06+00:00\",\"description\":\"CURSINHO VESTIBULAR - Mais de 1000 videoaulas para voc\u00ea obter sucesso no ENEM, SISU e outros Vestibulares\",\"breadcrumb\":{\"@id\":\"https:\/\/www.educamaker.com.br\/portal\/produto\/material-digital-enem-2019-1000-aulas-simulados-atividades-promocional\/#breadcrumb\"},\"inLanguage\":\"pt-BR\",\"potentialAction\":[{\"@type\":\"ReadAction\",\"target\":[\"https:\/\/www.educamaker.com.br\/portal\/produto\/material-digital-enem-2019-1000-aulas-simulados-atividades-promocional\/\"]}]},{\"@type\":\"ImageObject\",\"inLanguage\":\"pt-BR\",\"@id\":\"https:\/\/www.educamaker.com.br\/portal\/produto\/material-digital-enem-2019-1000-aulas-simulados-atividades-promocional\/#primaryimage\",\"url\":\"https:\/\/www.educamaker.com.br\/portal\/wp-content\/uploads\/2018\/12\/capa-material-digital.jpg\",\"contentUrl\":\"https:\/\/www.educamaker.com.br\/portal\/wp-content\/uploads\/2018\/12\/capa-material-digital.jpg\",\"width\":800,\"height\":1200},{\"@type\":\"BreadcrumbList\",\"@id\":\"https:\/\/www.educamaker.com.br\/portal\/produto\/material-digital-enem-2019-1000-aulas-simulados-atividades-promocional\/#breadcrumb\",\"itemListElement\":[{\"@type\":\"ListItem\",\"position\":1,\"name\":\"In\u00edcio\",\"item\":\"https:\/\/www.educamaker.com.br\/portal\/\"},{\"@type\":\"ListItem\",\"position\":2,\"name\":\"Produtos\",\"item\":\"https:\/\/www.educamaker.com.br\/portal\/loja\/\"},{\"@type\":\"ListItem\",\"position\":3,\"name\":\"Material Digital ENEM 2019: + 1000 aulas + simulados + atividades\"}]},{\"@type\":\"WebSite\",\"@id\":\"https:\/\/www.educamaker.com.br\/portal\/#website\",\"url\":\"https:\/\/www.educamaker.com.br\/portal\/\",\"name\":\"Cursinho Online Educamaker\",\"description\":\"Cursinho Online focado nos principais vestibulares e no ENEM\",\"publisher\":{\"@id\":\"https:\/\/www.educamaker.com.br\/portal\/#organization\"},\"potentialAction\":[{\"@type\":\"SearchAction\",\"target\":{\"@type\":\"EntryPoint\",\"urlTemplate\":\"https:\/\/www.educamaker.com.br\/portal\/?s={search_term_string}\"},\"query-input\":{\"@type\":\"PropertyValueSpecification\",\"valueRequired\":true,\"valueName\":\"search_term_string\"}}],\"inLanguage\":\"pt-BR\"},{\"@type\":\"Organization\",\"@id\":\"https:\/\/www.educamaker.com.br\/portal\/#organization\",\"name\":\"Educamaker\",\"url\":\"https:\/\/www.educamaker.com.br\/portal\/\",\"logo\":{\"@type\":\"ImageObject\",\"inLanguage\":\"pt-BR\",\"@id\":\"https:\/\/www.educamaker.com.br\/portal\/#\/schema\/logo\/image\/\",\"url\":\"https:\/\/www.educamaker.com.br\/portal\/wp-content\/uploads\/2018\/04\/Logo-Principal.png\",\"contentUrl\":\"https:\/\/www.educamaker.com.br\/portal\/wp-content\/uploads\/2018\/04\/Logo-Principal.png\",\"width\":1250,\"height\":834,\"caption\":\"Educamaker\"},\"image\":{\"@id\":\"https:\/\/www.educamaker.com.br\/portal\/#\/schema\/logo\/image\/\"},\"sameAs\":[\"https:\/\/facebook.com\/educamakerbr\",\"https:\/\/instagram.com\/educamaker\",\"https:\/\/www.youtube.com\/educamaker\"]}]}<\/script>\n<!-- \/ Yoast SEO plugin. -->","yoast_head_json":{"title":"Material Digital ENEM 2019: + 1000 aulas + simulados + atividades - Cursinho Online Educamaker","description":"CURSINHO VESTIBULAR - Mais de 1000 videoaulas para voc\u00ea obter sucesso no ENEM, SISU e outros Vestibulares","robots":{"index":"noindex","follow":"follow","max-snippet":"max-snippet:-1","max-image-preview":"max-image-preview:large","max-video-preview":"max-video-preview:-1"},"twitter_card":"summary_large_image","twitter_title":"Material Digital ENEM 2019: + 1000 aulas + simulados + atividades - Cursinho Online Educamaker","twitter_description":"CURSINHO VESTIBULAR - Mais de 1000 videoaulas para voc\u00ea obter sucesso no ENEM, SISU e outros Vestibulares","twitter_image":"https:\/\/www.educamaker.com.br\/portal\/wp-content\/uploads\/2018\/12\/capa-material-digital.jpg","twitter_misc":{"Est. tempo de leitura":"1 minuto"},"schema":{"@context":"https:\/\/schema.org","@graph":[{"@type":"WebPage","@id":"https:\/\/www.educamaker.com.br\/portal\/produto\/material-digital-enem-2019-1000-aulas-simulados-atividades-promocional\/","url":"https:\/\/www.educamaker.com.br\/portal\/produto\/material-digital-enem-2019-1000-aulas-simulados-atividades-promocional\/","name":"Material Digital ENEM 2019: + 1000 aulas + simulados + atividades - Cursinho Online Educamaker","isPartOf":{"@id":"https:\/\/www.educamaker.com.br\/portal\/#website"},"primaryImageOfPage":{"@id":"https:\/\/www.educamaker.com.br\/portal\/produto\/material-digital-enem-2019-1000-aulas-simulados-atividades-promocional\/#primaryimage"},"image":{"@id":"https:\/\/www.educamaker.com.br\/portal\/produto\/material-digital-enem-2019-1000-aulas-simulados-atividades-promocional\/#primaryimage"},"thumbnailUrl":"https:\/\/www.educamaker.com.br\/portal\/wp-content\/uploads\/2018\/12\/capa-material-digital.jpg","datePublished":"2019-05-30T13:32:10+00:00","dateModified":"2019-07-26T16:12:06+00:00","description":"CURSINHO VESTIBULAR - Mais de 1000 videoaulas para voc\u00ea obter sucesso no ENEM, SISU e outros Vestibulares","breadcrumb":{"@id":"https:\/\/www.educamaker.com.br\/portal\/produto\/material-digital-enem-2019-1000-aulas-simulados-atividades-promocional\/#breadcrumb"},"inLanguage":"pt-BR","potentialAction":[{"@type":"ReadAction","target":["https:\/\/www.educamaker.com.br\/portal\/produto\/material-digital-enem-2019-1000-aulas-simulados-atividades-promocional\/"]}]},{"@type":"ImageObject","inLanguage":"pt-BR","@id":"https:\/\/www.educamaker.com.br\/portal\/produto\/material-digital-enem-2019-1000-aulas-simulados-atividades-promocional\/#primaryimage","url":"https:\/\/www.educamaker.com.br\/portal\/wp-content\/uploads\/2018\/12\/capa-material-digital.jpg","contentUrl":"https:\/\/www.educamaker.com.br\/portal\/wp-content\/uploads\/2018\/12\/capa-material-digital.jpg","width":800,"height":1200},{"@type":"BreadcrumbList","@id":"https:\/\/www.educamaker.com.br\/portal\/produto\/material-digital-enem-2019-1000-aulas-simulados-atividades-promocional\/#breadcrumb","itemListElement":[{"@type":"ListItem","position":1,"name":"In\u00edcio","item":"https:\/\/www.educamaker.com.br\/portal\/"},{"@type":"ListItem","position":2,"name":"Produtos","item":"https:\/\/www.educamaker.com.br\/portal\/loja\/"},{"@type":"ListItem","position":3,"name":"Material Digital ENEM 2019: + 1000 aulas + simulados + atividades"}]},{"@type":"WebSite","@id":"https:\/\/www.educamaker.com.br\/portal\/#website","url":"https:\/\/www.educamaker.com.br\/portal\/","name":"Cursinho Online Educamaker","description":"Cursinho Online focado nos principais vestibulares e no ENEM","publisher":{"@id":"https:\/\/www.educamaker.com.br\/portal\/#organization"},"potentialAction":[{"@type":"SearchAction","target":{"@type":"EntryPoint","urlTemplate":"https:\/\/www.educamaker.com.br\/portal\/?s={search_term_string}"},"query-input":{"@type":"PropertyValueSpecification","valueRequired":true,"valueName":"search_term_string"}}],"inLanguage":"pt-BR"},{"@type":"Organization","@id":"https:\/\/www.educamaker.com.br\/portal\/#organization","name":"Educamaker","url":"https:\/\/www.educamaker.com.br\/portal\/","logo":{"@type":"ImageObject","inLanguage":"pt-BR","@id":"https:\/\/www.educamaker.com.br\/portal\/#\/schema\/logo\/image\/","url":"https:\/\/www.educamaker.com.br\/portal\/wp-content\/uploads\/2018\/04\/Logo-Principal.png","contentUrl":"https:\/\/www.educamaker.com.br\/portal\/wp-content\/uploads\/2018\/04\/Logo-Principal.png","width":1250,"height":834,"caption":"Educamaker"},"image":{"@id":"https:\/\/www.educamaker.com.br\/portal\/#\/schema\/logo\/image\/"},"sameAs":["https:\/\/facebook.com\/educamakerbr","https:\/\/instagram.com\/educamaker","https:\/\/www.youtube.com\/educamaker"]}]}},"_links":{"self":[{"href":"https:\/\/www.educamaker.com.br\/portal\/wp-json\/wp\/v2\/product\/4625","targetHints":{"allow":["GET"]}}],"collection":[{"href":"https:\/\/www.educamaker.com.br\/portal\/wp-json\/wp\/v2\/product"}],"about":[{"href":"https:\/\/www.educamaker.com.br\/portal\/wp-json\/wp\/v2\/types\/product"}],"wp:featuredmedia":[{"embeddable":true,"href":"https:\/\/www.educamaker.com.br\/portal\/wp-json\/wp\/v2\/media\/1942"}],"wp:attachment":[{"href":"https:\/\/www.educamaker.com.br\/portal\/wp-json\/wp\/v2\/media?parent=4625"}],"wp:term":[{"taxonomy":"product_brand","embeddable":true,"href":"https:\/\/www.educamaker.com.br\/portal\/wp-json\/wp\/v2\/product_brand?post=4625"},{"taxonomy":"product_cat","embeddable":true,"href":"https:\/\/www.educamaker.com.br\/portal\/wp-json\/wp\/v2\/product_cat?post=4625"},{"taxonomy":"product_tag","embeddable":true,"href":"https:\/\/www.educamaker.com.br\/portal\/wp-json\/wp\/v2\/product_tag?post=4625"}],"curies":[{"name":"wp","href":"https:\/\/api.w.org\/{rel}","templated":true}]}}