{"id":4485,"date":"2019-05-16T08:17:56","date_gmt":"2019-05-16T11:17:56","guid":{"rendered":"https:\/\/www.educamaker.com.br\/portal\/?post_type=product&#038;p=4485"},"modified":"2019-05-16T08:17:57","modified_gmt":"2019-05-16T11:17:57","slug":"curso-filosofare-redacao-e-atualidades","status":"publish","type":"product","link":"https:\/\/www.educamaker.com.br\/portal\/produto\/curso-filosofare-redacao-e-atualidades\/","title":{"rendered":"Curso Filosofare: Reda\u00e7\u00e3o e Atualidades"},"content":{"rendered":"<p>Todo nosso conte\u00fado tem foco na SUA prepara\u00e7\u00e3o para as provas de humanas e, principalmente, na REDA\u00c7\u00c3O. Voc\u00ea vai aprender o que realmente importa, desde t\u00e9cnicas de escrita at\u00e9 conte\u00fados que v\u00e3o deixar seu texto mais atraente para o corretor.<\/p>\n<p>Sobre o conte\u00fado:<\/p>\n<ul>\n<li>Todos conte\u00fado de Filosofia e Sociologia;<\/li>\n<li>Apostila exclusiva;<\/li>\n<li>Centenas de exerc\u00edcios e in\u00fameros simulados;<\/li>\n<li>Tudo organizado em 8 fases;<\/li>\n<li>Plataforma Inteligente que analisa sua performance e mostra seu desempenho al\u00e9m de compar\u00e1-lo com seus concorrentes;<\/li>\n<li><span style=\"color: #000080;\"><strong>10 REDA\u00c7\u00d5ES CORRIGIDAS POR NOSSA EQUIPE COMPLETAMENTE DE GRA\u00c7A.<\/strong><\/span><\/li>\n<\/ul>\n<p>Ainda tem mais:<\/p>\n<ul>\n<li>Voc\u00ea ter\u00e1 direito a participar de 5 cursos de reda\u00e7\u00e3o com temas espec\u00edficos;<\/li>\n<li>Monitorias com os professores nos \u00faltimos 60 dias que antecedem a prova;<\/li>\n<li>Todas as atividades e simulados s\u00e3o corrigidos com o m\u00e9todo TRI;<\/li>\n<li>Aulas Ao Vivo na v\u00e9spera do ENEM para tirar as d\u00favidas.<\/li>\n<\/ul>\n<p>Conte\u00fado Gameficado:<\/p>\n<ul>\n<li style=\"list-style-type: none;\">\n<ul>\n<li>Voc\u00ea escolhe o n\u00edvel de dificuldade que quer enfrentar durante os estudos;<\/li>\n<li>Avan\u00e7a na aprendizagem passando de fase;<\/li>\n<li>Pode retornar nas fases e garantir uma melhora de desempenho.<\/li>\n<\/ul>\n<\/li>\n<\/ul>\n<p>COMPROMISSO DE SATISFA\u00c7\u00c3O<\/p>\n<ul><\/ul>\n<h5><img loading=\"lazy\" decoding=\"async\" src=\"https:\/\/www.educamaker.com.br\/portal\/wp-content\/uploads\/2019\/05\/7-dias-de-garantia-ou-seu-dinheiro-de-volta-1-300x261.png\" alt=\"\" class=\"aligncenter size-medium wp-image-4487\" width=\"300\" height=\"261\" srcset=\"https:\/\/www.educamaker.com.br\/portal\/wp-content\/uploads\/2019\/05\/7-dias-de-garantia-ou-seu-dinheiro-de-volta-1-300x261.png 300w, https:\/\/www.educamaker.com.br\/portal\/wp-content\/uploads\/2019\/05\/7-dias-de-garantia-ou-seu-dinheiro-de-volta-1.png 450w\" sizes=\"auto, (max-width: 300px) 100vw, 300px\" \/><\/h5>\n","protected":false},"excerpt":{"rendered":"<p>A forma mais r\u00e1pida e eficiente para voc\u00ea se preparar para a Reda\u00e7\u00e3o e os principais assuntos da Atualidade. Nesse curso voc\u00ea vai ter acesso a todo conte\u00fado de Filosofia e Sociologia; centenas de exerc\u00edcios e simulados; 8 Aulas Ao Vivo (Mentorias) para voc\u00ea tirar todas as suas d\u00favidas; Conte\u00fado exclusivo com t\u00e9cnicas de reda\u00e7\u00e3o; e vai GANHAR TOTALMENTE DE GRA\u00c7A 10 reda\u00e7\u00f5es EXCLUSIVAS corrigidas por nossa equipe.<\/p>\n","protected":false},"featured_media":4486,"template":"","meta":[],"product_brand":[],"product_cat":[22],"product_tag":[],"class_list":{"0":"post-4485","1":"product","2":"type-product","3":"status-publish","4":"has-post-thumbnail","6":"product_cat-sem-categoria","7":"product_shipping_class-apostilas","9":"first","10":"instock","11":"sale","12":"shipping-taxable","13":"purchasable","14":"product-type-simple"},"yoast_head":"<!-- This site is optimized with the Yoast SEO plugin v27.2 - https:\/\/yoast.com\/product\/yoast-seo-wordpress\/ -->\n<title>Curso Filosofare: Reda\u00e7\u00e3o e Atualidades - Cursinho Online Educamaker<\/title>\n<meta name=\"robots\" content=\"noindex, follow, max-snippet:-1, max-image-preview:large, max-video-preview:-1\" \/>\n<meta name=\"twitter:card\" content=\"summary_large_image\" \/>\n<meta name=\"twitter:title\" content=\"Curso Filosofare: Reda\u00e7\u00e3o e Atualidades - Cursinho Online Educamaker\" \/>\n<meta name=\"twitter:description\" content=\"A forma mais r\u00e1pida e eficiente para voc\u00ea se preparar para a Reda\u00e7\u00e3o e os principais assuntos da Atualidade. Nesse curso voc\u00ea vai ter acesso a todo conte\u00fado de Filosofia e Sociologia; centenas de exerc\u00edcios e simulados; 8 Aulas Ao Vivo (Mentorias) para voc\u00ea tirar todas as suas d\u00favidas; Conte\u00fado exclusivo com t\u00e9cnicas de reda\u00e7\u00e3o; e vai GANHAR TOTALMENTE DE GRA\u00c7A 10 reda\u00e7\u00f5es EXCLUSIVAS corrigidas por nossa equipe.\" \/>\n<meta name=\"twitter:image\" content=\"https:\/\/www.educamaker.com.br\/portal\/wp-content\/uploads\/2019\/05\/FILOSOFARE-CAPA.jpg\" \/>\n<meta name=\"twitter:label1\" content=\"Est. tempo de leitura\" \/>\n\t<meta name=\"twitter:data1\" content=\"1 minuto\" \/>\n<script type=\"application\/ld+json\" class=\"yoast-schema-graph\">{\"@context\":\"https:\/\/schema.org\",\"@graph\":[{\"@type\":\"WebPage\",\"@id\":\"https:\/\/www.educamaker.com.br\/portal\/produto\/curso-filosofare-redacao-e-atualidades\/\",\"url\":\"https:\/\/www.educamaker.com.br\/portal\/produto\/curso-filosofare-redacao-e-atualidades\/\",\"name\":\"Curso Filosofare: Reda\u00e7\u00e3o e Atualidades - Cursinho Online Educamaker\",\"isPartOf\":{\"@id\":\"https:\/\/www.educamaker.com.br\/portal\/#website\"},\"primaryImageOfPage\":{\"@id\":\"https:\/\/www.educamaker.com.br\/portal\/produto\/curso-filosofare-redacao-e-atualidades\/#primaryimage\"},\"image\":{\"@id\":\"https:\/\/www.educamaker.com.br\/portal\/produto\/curso-filosofare-redacao-e-atualidades\/#primaryimage\"},\"thumbnailUrl\":\"https:\/\/www.educamaker.com.br\/portal\/wp-content\/uploads\/2019\/05\/FILOSOFARE-CAPA.jpg\",\"datePublished\":\"2019-05-16T11:17:56+00:00\",\"dateModified\":\"2019-05-16T11:17:57+00:00\",\"breadcrumb\":{\"@id\":\"https:\/\/www.educamaker.com.br\/portal\/produto\/curso-filosofare-redacao-e-atualidades\/#breadcrumb\"},\"inLanguage\":\"pt-BR\",\"potentialAction\":[{\"@type\":\"ReadAction\",\"target\":[\"https:\/\/www.educamaker.com.br\/portal\/produto\/curso-filosofare-redacao-e-atualidades\/\"]}]},{\"@type\":\"ImageObject\",\"inLanguage\":\"pt-BR\",\"@id\":\"https:\/\/www.educamaker.com.br\/portal\/produto\/curso-filosofare-redacao-e-atualidades\/#primaryimage\",\"url\":\"https:\/\/www.educamaker.com.br\/portal\/wp-content\/uploads\/2019\/05\/FILOSOFARE-CAPA.jpg\",\"contentUrl\":\"https:\/\/www.educamaker.com.br\/portal\/wp-content\/uploads\/2019\/05\/FILOSOFARE-CAPA.jpg\",\"width\":800,\"height\":1200},{\"@type\":\"BreadcrumbList\",\"@id\":\"https:\/\/www.educamaker.com.br\/portal\/produto\/curso-filosofare-redacao-e-atualidades\/#breadcrumb\",\"itemListElement\":[{\"@type\":\"ListItem\",\"position\":1,\"name\":\"In\u00edcio\",\"item\":\"https:\/\/www.educamaker.com.br\/portal\/\"},{\"@type\":\"ListItem\",\"position\":2,\"name\":\"Produtos\",\"item\":\"https:\/\/www.educamaker.com.br\/portal\/loja\/\"},{\"@type\":\"ListItem\",\"position\":3,\"name\":\"Curso Filosofare: Reda\u00e7\u00e3o e Atualidades\"}]},{\"@type\":\"WebSite\",\"@id\":\"https:\/\/www.educamaker.com.br\/portal\/#website\",\"url\":\"https:\/\/www.educamaker.com.br\/portal\/\",\"name\":\"Cursinho Online Educamaker\",\"description\":\"Cursinho Online focado nos principais vestibulares e no ENEM\",\"publisher\":{\"@id\":\"https:\/\/www.educamaker.com.br\/portal\/#organization\"},\"potentialAction\":[{\"@type\":\"SearchAction\",\"target\":{\"@type\":\"EntryPoint\",\"urlTemplate\":\"https:\/\/www.educamaker.com.br\/portal\/?s={search_term_string}\"},\"query-input\":{\"@type\":\"PropertyValueSpecification\",\"valueRequired\":true,\"valueName\":\"search_term_string\"}}],\"inLanguage\":\"pt-BR\"},{\"@type\":\"Organization\",\"@id\":\"https:\/\/www.educamaker.com.br\/portal\/#organization\",\"name\":\"Educamaker\",\"url\":\"https:\/\/www.educamaker.com.br\/portal\/\",\"logo\":{\"@type\":\"ImageObject\",\"inLanguage\":\"pt-BR\",\"@id\":\"https:\/\/www.educamaker.com.br\/portal\/#\/schema\/logo\/image\/\",\"url\":\"https:\/\/www.educamaker.com.br\/portal\/wp-content\/uploads\/2018\/04\/Logo-Principal.png\",\"contentUrl\":\"https:\/\/www.educamaker.com.br\/portal\/wp-content\/uploads\/2018\/04\/Logo-Principal.png\",\"width\":1250,\"height\":834,\"caption\":\"Educamaker\"},\"image\":{\"@id\":\"https:\/\/www.educamaker.com.br\/portal\/#\/schema\/logo\/image\/\"},\"sameAs\":[\"https:\/\/facebook.com\/educamakerbr\",\"https:\/\/instagram.com\/educamaker\",\"https:\/\/www.youtube.com\/educamaker\"]}]}<\/script>\n<!-- \/ Yoast SEO plugin. -->","yoast_head_json":{"title":"Curso Filosofare: Reda\u00e7\u00e3o e Atualidades - Cursinho Online Educamaker","robots":{"index":"noindex","follow":"follow","max-snippet":"max-snippet:-1","max-image-preview":"max-image-preview:large","max-video-preview":"max-video-preview:-1"},"twitter_card":"summary_large_image","twitter_title":"Curso Filosofare: Reda\u00e7\u00e3o e Atualidades - Cursinho Online Educamaker","twitter_description":"A forma mais r\u00e1pida e eficiente para voc\u00ea se preparar para a Reda\u00e7\u00e3o e os principais assuntos da Atualidade. Nesse curso voc\u00ea vai ter acesso a todo conte\u00fado de Filosofia e Sociologia; centenas de exerc\u00edcios e simulados; 8 Aulas Ao Vivo (Mentorias) para voc\u00ea tirar todas as suas d\u00favidas; Conte\u00fado exclusivo com t\u00e9cnicas de reda\u00e7\u00e3o; e vai GANHAR TOTALMENTE DE GRA\u00c7A 10 reda\u00e7\u00f5es EXCLUSIVAS corrigidas por nossa equipe.","twitter_image":"https:\/\/www.educamaker.com.br\/portal\/wp-content\/uploads\/2019\/05\/FILOSOFARE-CAPA.jpg","twitter_misc":{"Est. tempo de leitura":"1 minuto"},"schema":{"@context":"https:\/\/schema.org","@graph":[{"@type":"WebPage","@id":"https:\/\/www.educamaker.com.br\/portal\/produto\/curso-filosofare-redacao-e-atualidades\/","url":"https:\/\/www.educamaker.com.br\/portal\/produto\/curso-filosofare-redacao-e-atualidades\/","name":"Curso Filosofare: Reda\u00e7\u00e3o e Atualidades - Cursinho Online Educamaker","isPartOf":{"@id":"https:\/\/www.educamaker.com.br\/portal\/#website"},"primaryImageOfPage":{"@id":"https:\/\/www.educamaker.com.br\/portal\/produto\/curso-filosofare-redacao-e-atualidades\/#primaryimage"},"image":{"@id":"https:\/\/www.educamaker.com.br\/portal\/produto\/curso-filosofare-redacao-e-atualidades\/#primaryimage"},"thumbnailUrl":"https:\/\/www.educamaker.com.br\/portal\/wp-content\/uploads\/2019\/05\/FILOSOFARE-CAPA.jpg","datePublished":"2019-05-16T11:17:56+00:00","dateModified":"2019-05-16T11:17:57+00:00","breadcrumb":{"@id":"https:\/\/www.educamaker.com.br\/portal\/produto\/curso-filosofare-redacao-e-atualidades\/#breadcrumb"},"inLanguage":"pt-BR","potentialAction":[{"@type":"ReadAction","target":["https:\/\/www.educamaker.com.br\/portal\/produto\/curso-filosofare-redacao-e-atualidades\/"]}]},{"@type":"ImageObject","inLanguage":"pt-BR","@id":"https:\/\/www.educamaker.com.br\/portal\/produto\/curso-filosofare-redacao-e-atualidades\/#primaryimage","url":"https:\/\/www.educamaker.com.br\/portal\/wp-content\/uploads\/2019\/05\/FILOSOFARE-CAPA.jpg","contentUrl":"https:\/\/www.educamaker.com.br\/portal\/wp-content\/uploads\/2019\/05\/FILOSOFARE-CAPA.jpg","width":800,"height":1200},{"@type":"BreadcrumbList","@id":"https:\/\/www.educamaker.com.br\/portal\/produto\/curso-filosofare-redacao-e-atualidades\/#breadcrumb","itemListElement":[{"@type":"ListItem","position":1,"name":"In\u00edcio","item":"https:\/\/www.educamaker.com.br\/portal\/"},{"@type":"ListItem","position":2,"name":"Produtos","item":"https:\/\/www.educamaker.com.br\/portal\/loja\/"},{"@type":"ListItem","position":3,"name":"Curso Filosofare: Reda\u00e7\u00e3o e Atualidades"}]},{"@type":"WebSite","@id":"https:\/\/www.educamaker.com.br\/portal\/#website","url":"https:\/\/www.educamaker.com.br\/portal\/","name":"Cursinho Online Educamaker","description":"Cursinho Online focado nos principais vestibulares e no ENEM","publisher":{"@id":"https:\/\/www.educamaker.com.br\/portal\/#organization"},"potentialAction":[{"@type":"SearchAction","target":{"@type":"EntryPoint","urlTemplate":"https:\/\/www.educamaker.com.br\/portal\/?s={search_term_string}"},"query-input":{"@type":"PropertyValueSpecification","valueRequired":true,"valueName":"search_term_string"}}],"inLanguage":"pt-BR"},{"@type":"Organization","@id":"https:\/\/www.educamaker.com.br\/portal\/#organization","name":"Educamaker","url":"https:\/\/www.educamaker.com.br\/portal\/","logo":{"@type":"ImageObject","inLanguage":"pt-BR","@id":"https:\/\/www.educamaker.com.br\/portal\/#\/schema\/logo\/image\/","url":"https:\/\/www.educamaker.com.br\/portal\/wp-content\/uploads\/2018\/04\/Logo-Principal.png","contentUrl":"https:\/\/www.educamaker.com.br\/portal\/wp-content\/uploads\/2018\/04\/Logo-Principal.png","width":1250,"height":834,"caption":"Educamaker"},"image":{"@id":"https:\/\/www.educamaker.com.br\/portal\/#\/schema\/logo\/image\/"},"sameAs":["https:\/\/facebook.com\/educamakerbr","https:\/\/instagram.com\/educamaker","https:\/\/www.youtube.com\/educamaker"]}]}},"_links":{"self":[{"href":"https:\/\/www.educamaker.com.br\/portal\/wp-json\/wp\/v2\/product\/4485","targetHints":{"allow":["GET"]}}],"collection":[{"href":"https:\/\/www.educamaker.com.br\/portal\/wp-json\/wp\/v2\/product"}],"about":[{"href":"https:\/\/www.educamaker.com.br\/portal\/wp-json\/wp\/v2\/types\/product"}],"wp:featuredmedia":[{"embeddable":true,"href":"https:\/\/www.educamaker.com.br\/portal\/wp-json\/wp\/v2\/media\/4486"}],"wp:attachment":[{"href":"https:\/\/www.educamaker.com.br\/portal\/wp-json\/wp\/v2\/media?parent=4485"}],"wp:term":[{"taxonomy":"product_brand","embeddable":true,"href":"https:\/\/www.educamaker.com.br\/portal\/wp-json\/wp\/v2\/product_brand?post=4485"},{"taxonomy":"product_cat","embeddable":true,"href":"https:\/\/www.educamaker.com.br\/portal\/wp-json\/wp\/v2\/product_cat?post=4485"},{"taxonomy":"product_tag","embeddable":true,"href":"https:\/\/www.educamaker.com.br\/portal\/wp-json\/wp\/v2\/product_tag?post=4485"}],"curies":[{"name":"wp","href":"https:\/\/api.w.org\/{rel}","templated":true}]}}