{"id":4151,"date":"2019-04-08T14:38:30","date_gmt":"2019-04-08T17:38:30","guid":{"rendered":"https:\/\/www.educamaker.com.br\/portal\/?post_type=product&#038;p=4151"},"modified":"2019-04-08T15:09:16","modified_gmt":"2019-04-08T18:09:16","slug":"plano-de-redacao","status":"publish","type":"product","link":"https:\/\/www.educamaker.com.br\/portal\/produto\/plano-de-redacao\/","title":{"rendered":"Plano de Reda\u00e7\u00e3o"},"content":{"rendered":"<h4>Como Funciona:<\/h4>\n<h4>Voc\u00ea se cadastra em nossa plataforma (www.educamaker.com.br), escreva seu texto em uma folha, tire uma foto e nos envie. Um professor especializado em corre\u00e7\u00f5es de reda\u00e7\u00e3o far\u00e1 a leitura do texto, um segundo professor ir\u00e1 analisar a gram\u00e1tica e voc\u00ea vai receber o resultado comentado de acordo com os crit\u00e9rios utilizados pelo Enem e os principais vestibulares do pa\u00eds.<\/h4>\n<h4>Esse cr\u00e9dito vai te dar direito a enviar uma reda\u00e7\u00e3o para a corre\u00e7\u00e3o de acordo com o tema escolhido por voc\u00ea ou sugerido por n\u00f3s.<\/h4>\n","protected":false},"excerpt":{"rendered":"<p>Adquira seu cr\u00e9dito para OBTER A CORRE\u00c7\u00c3O DE SEUS TEXTOS. Corrigido de acordo com os mesmos crit\u00e9rios utilizados pelo Enem, Voc\u00eas escolhe o tema e insere o texto na Plataforma, n\u00f3s corrigimos e comentamos de acordo com as exig\u00eancias formalizadas pelo Enem em at\u00e9 48 horas.<\/p>\n","protected":false},"featured_media":4152,"template":"","meta":[],"product_brand":[],"product_cat":[42],"product_tag":[],"class_list":{"0":"post-4151","1":"product","2":"type-product","3":"status-publish","4":"has-post-thumbnail","6":"product_cat-producao-textual","8":"first","9":"instock","10":"virtual","11":"purchasable","12":"product-type-simple"},"yoast_head":"<!-- This site is optimized with the Yoast SEO plugin v27.2 - https:\/\/yoast.com\/product\/yoast-seo-wordpress\/ -->\n<title>Plano de Reda\u00e7\u00e3o - Cursinho Online Educamaker<\/title>\n<meta name=\"robots\" content=\"noindex, follow, max-snippet:-1, max-image-preview:large, max-video-preview:-1\" \/>\n<meta name=\"twitter:card\" content=\"summary_large_image\" \/>\n<meta name=\"twitter:title\" content=\"Plano de Reda\u00e7\u00e3o - Cursinho Online Educamaker\" \/>\n<meta name=\"twitter:description\" content=\"Adquira seu cr\u00e9dito para OBTER A CORRE\u00c7\u00c3O DE SEUS TEXTOS. Corrigido de acordo com os mesmos crit\u00e9rios utilizados pelo Enem, Voc\u00eas escolhe o tema e insere o texto na Plataforma, n\u00f3s corrigimos e comentamos de acordo com as exig\u00eancias formalizadas pelo Enem em at\u00e9 48 horas.\" \/>\n<meta name=\"twitter:image\" content=\"https:\/\/www.educamaker.com.br\/portal\/wp-content\/uploads\/2019\/04\/capa-reda\u00e7\u00e3o.jpg\" \/>\n<script type=\"application\/ld+json\" class=\"yoast-schema-graph\">{\"@context\":\"https:\/\/schema.org\",\"@graph\":[{\"@type\":\"WebPage\",\"@id\":\"https:\/\/www.educamaker.com.br\/portal\/produto\/plano-de-redacao\/\",\"url\":\"https:\/\/www.educamaker.com.br\/portal\/produto\/plano-de-redacao\/\",\"name\":\"Plano de Reda\u00e7\u00e3o - Cursinho Online Educamaker\",\"isPartOf\":{\"@id\":\"https:\/\/www.educamaker.com.br\/portal\/#website\"},\"primaryImageOfPage\":{\"@id\":\"https:\/\/www.educamaker.com.br\/portal\/produto\/plano-de-redacao\/#primaryimage\"},\"image\":{\"@id\":\"https:\/\/www.educamaker.com.br\/portal\/produto\/plano-de-redacao\/#primaryimage\"},\"thumbnailUrl\":\"https:\/\/www.educamaker.com.br\/portal\/wp-content\/uploads\/2019\/04\/capa-reda\u00e7\u00e3o.jpg\",\"datePublished\":\"2019-04-08T17:38:30+00:00\",\"dateModified\":\"2019-04-08T18:09:16+00:00\",\"breadcrumb\":{\"@id\":\"https:\/\/www.educamaker.com.br\/portal\/produto\/plano-de-redacao\/#breadcrumb\"},\"inLanguage\":\"pt-BR\",\"potentialAction\":[{\"@type\":\"ReadAction\",\"target\":[\"https:\/\/www.educamaker.com.br\/portal\/produto\/plano-de-redacao\/\"]}]},{\"@type\":\"ImageObject\",\"inLanguage\":\"pt-BR\",\"@id\":\"https:\/\/www.educamaker.com.br\/portal\/produto\/plano-de-redacao\/#primaryimage\",\"url\":\"https:\/\/www.educamaker.com.br\/portal\/wp-content\/uploads\/2019\/04\/capa-reda\u00e7\u00e3o.jpg\",\"contentUrl\":\"https:\/\/www.educamaker.com.br\/portal\/wp-content\/uploads\/2019\/04\/capa-reda\u00e7\u00e3o.jpg\",\"width\":800,\"height\":1200},{\"@type\":\"BreadcrumbList\",\"@id\":\"https:\/\/www.educamaker.com.br\/portal\/produto\/plano-de-redacao\/#breadcrumb\",\"itemListElement\":[{\"@type\":\"ListItem\",\"position\":1,\"name\":\"In\u00edcio\",\"item\":\"https:\/\/www.educamaker.com.br\/portal\/\"},{\"@type\":\"ListItem\",\"position\":2,\"name\":\"Produtos\",\"item\":\"https:\/\/www.educamaker.com.br\/portal\/loja\/\"},{\"@type\":\"ListItem\",\"position\":3,\"name\":\"Plano de Reda\u00e7\u00e3o\"}]},{\"@type\":\"WebSite\",\"@id\":\"https:\/\/www.educamaker.com.br\/portal\/#website\",\"url\":\"https:\/\/www.educamaker.com.br\/portal\/\",\"name\":\"Cursinho Online Educamaker\",\"description\":\"Cursinho Online focado nos principais vestibulares e no ENEM\",\"publisher\":{\"@id\":\"https:\/\/www.educamaker.com.br\/portal\/#organization\"},\"potentialAction\":[{\"@type\":\"SearchAction\",\"target\":{\"@type\":\"EntryPoint\",\"urlTemplate\":\"https:\/\/www.educamaker.com.br\/portal\/?s={search_term_string}\"},\"query-input\":{\"@type\":\"PropertyValueSpecification\",\"valueRequired\":true,\"valueName\":\"search_term_string\"}}],\"inLanguage\":\"pt-BR\"},{\"@type\":\"Organization\",\"@id\":\"https:\/\/www.educamaker.com.br\/portal\/#organization\",\"name\":\"Educamaker\",\"url\":\"https:\/\/www.educamaker.com.br\/portal\/\",\"logo\":{\"@type\":\"ImageObject\",\"inLanguage\":\"pt-BR\",\"@id\":\"https:\/\/www.educamaker.com.br\/portal\/#\/schema\/logo\/image\/\",\"url\":\"https:\/\/www.educamaker.com.br\/portal\/wp-content\/uploads\/2018\/04\/Logo-Principal.png\",\"contentUrl\":\"https:\/\/www.educamaker.com.br\/portal\/wp-content\/uploads\/2018\/04\/Logo-Principal.png\",\"width\":1250,\"height\":834,\"caption\":\"Educamaker\"},\"image\":{\"@id\":\"https:\/\/www.educamaker.com.br\/portal\/#\/schema\/logo\/image\/\"},\"sameAs\":[\"https:\/\/facebook.com\/educamakerbr\",\"https:\/\/instagram.com\/educamaker\",\"https:\/\/www.youtube.com\/educamaker\"]}]}<\/script>\n<!-- \/ Yoast SEO plugin. -->","yoast_head_json":{"title":"Plano de Reda\u00e7\u00e3o - Cursinho Online Educamaker","robots":{"index":"noindex","follow":"follow","max-snippet":"max-snippet:-1","max-image-preview":"max-image-preview:large","max-video-preview":"max-video-preview:-1"},"twitter_card":"summary_large_image","twitter_title":"Plano de Reda\u00e7\u00e3o - Cursinho Online Educamaker","twitter_description":"Adquira seu cr\u00e9dito para OBTER A CORRE\u00c7\u00c3O DE SEUS TEXTOS. Corrigido de acordo com os mesmos crit\u00e9rios utilizados pelo Enem, Voc\u00eas escolhe o tema e insere o texto na Plataforma, n\u00f3s corrigimos e comentamos de acordo com as exig\u00eancias formalizadas pelo Enem em at\u00e9 48 horas.","twitter_image":"https:\/\/www.educamaker.com.br\/portal\/wp-content\/uploads\/2019\/04\/capa-reda\u00e7\u00e3o.jpg","schema":{"@context":"https:\/\/schema.org","@graph":[{"@type":"WebPage","@id":"https:\/\/www.educamaker.com.br\/portal\/produto\/plano-de-redacao\/","url":"https:\/\/www.educamaker.com.br\/portal\/produto\/plano-de-redacao\/","name":"Plano de Reda\u00e7\u00e3o - Cursinho Online Educamaker","isPartOf":{"@id":"https:\/\/www.educamaker.com.br\/portal\/#website"},"primaryImageOfPage":{"@id":"https:\/\/www.educamaker.com.br\/portal\/produto\/plano-de-redacao\/#primaryimage"},"image":{"@id":"https:\/\/www.educamaker.com.br\/portal\/produto\/plano-de-redacao\/#primaryimage"},"thumbnailUrl":"https:\/\/www.educamaker.com.br\/portal\/wp-content\/uploads\/2019\/04\/capa-reda\u00e7\u00e3o.jpg","datePublished":"2019-04-08T17:38:30+00:00","dateModified":"2019-04-08T18:09:16+00:00","breadcrumb":{"@id":"https:\/\/www.educamaker.com.br\/portal\/produto\/plano-de-redacao\/#breadcrumb"},"inLanguage":"pt-BR","potentialAction":[{"@type":"ReadAction","target":["https:\/\/www.educamaker.com.br\/portal\/produto\/plano-de-redacao\/"]}]},{"@type":"ImageObject","inLanguage":"pt-BR","@id":"https:\/\/www.educamaker.com.br\/portal\/produto\/plano-de-redacao\/#primaryimage","url":"https:\/\/www.educamaker.com.br\/portal\/wp-content\/uploads\/2019\/04\/capa-reda\u00e7\u00e3o.jpg","contentUrl":"https:\/\/www.educamaker.com.br\/portal\/wp-content\/uploads\/2019\/04\/capa-reda\u00e7\u00e3o.jpg","width":800,"height":1200},{"@type":"BreadcrumbList","@id":"https:\/\/www.educamaker.com.br\/portal\/produto\/plano-de-redacao\/#breadcrumb","itemListElement":[{"@type":"ListItem","position":1,"name":"In\u00edcio","item":"https:\/\/www.educamaker.com.br\/portal\/"},{"@type":"ListItem","position":2,"name":"Produtos","item":"https:\/\/www.educamaker.com.br\/portal\/loja\/"},{"@type":"ListItem","position":3,"name":"Plano de Reda\u00e7\u00e3o"}]},{"@type":"WebSite","@id":"https:\/\/www.educamaker.com.br\/portal\/#website","url":"https:\/\/www.educamaker.com.br\/portal\/","name":"Cursinho Online Educamaker","description":"Cursinho Online focado nos principais vestibulares e no ENEM","publisher":{"@id":"https:\/\/www.educamaker.com.br\/portal\/#organization"},"potentialAction":[{"@type":"SearchAction","target":{"@type":"EntryPoint","urlTemplate":"https:\/\/www.educamaker.com.br\/portal\/?s={search_term_string}"},"query-input":{"@type":"PropertyValueSpecification","valueRequired":true,"valueName":"search_term_string"}}],"inLanguage":"pt-BR"},{"@type":"Organization","@id":"https:\/\/www.educamaker.com.br\/portal\/#organization","name":"Educamaker","url":"https:\/\/www.educamaker.com.br\/portal\/","logo":{"@type":"ImageObject","inLanguage":"pt-BR","@id":"https:\/\/www.educamaker.com.br\/portal\/#\/schema\/logo\/image\/","url":"https:\/\/www.educamaker.com.br\/portal\/wp-content\/uploads\/2018\/04\/Logo-Principal.png","contentUrl":"https:\/\/www.educamaker.com.br\/portal\/wp-content\/uploads\/2018\/04\/Logo-Principal.png","width":1250,"height":834,"caption":"Educamaker"},"image":{"@id":"https:\/\/www.educamaker.com.br\/portal\/#\/schema\/logo\/image\/"},"sameAs":["https:\/\/facebook.com\/educamakerbr","https:\/\/instagram.com\/educamaker","https:\/\/www.youtube.com\/educamaker"]}]}},"_links":{"self":[{"href":"https:\/\/www.educamaker.com.br\/portal\/wp-json\/wp\/v2\/product\/4151","targetHints":{"allow":["GET"]}}],"collection":[{"href":"https:\/\/www.educamaker.com.br\/portal\/wp-json\/wp\/v2\/product"}],"about":[{"href":"https:\/\/www.educamaker.com.br\/portal\/wp-json\/wp\/v2\/types\/product"}],"wp:featuredmedia":[{"embeddable":true,"href":"https:\/\/www.educamaker.com.br\/portal\/wp-json\/wp\/v2\/media\/4152"}],"wp:attachment":[{"href":"https:\/\/www.educamaker.com.br\/portal\/wp-json\/wp\/v2\/media?parent=4151"}],"wp:term":[{"taxonomy":"product_brand","embeddable":true,"href":"https:\/\/www.educamaker.com.br\/portal\/wp-json\/wp\/v2\/product_brand?post=4151"},{"taxonomy":"product_cat","embeddable":true,"href":"https:\/\/www.educamaker.com.br\/portal\/wp-json\/wp\/v2\/product_cat?post=4151"},{"taxonomy":"product_tag","embeddable":true,"href":"https:\/\/www.educamaker.com.br\/portal\/wp-json\/wp\/v2\/product_tag?post=4151"}],"curies":[{"name":"wp","href":"https:\/\/api.w.org\/{rel}","templated":true}]}}