{"id":3588,"date":"2019-02-26T19:12:55","date_gmt":"2019-02-26T22:12:55","guid":{"rendered":"https:\/\/www.educamaker.com.br\/portal\/?post_type=product&#038;p=3588"},"modified":"2019-05-27T15:30:13","modified_gmt":"2019-05-27T18:30:13","slug":"material-digital-encceja-2019","status":"publish","type":"product","link":"https:\/\/www.educamaker.com.br\/portal\/produto\/material-digital-encceja-2019\/","title":{"rendered":"Material Digital ENCCEJA 2019: + 1000 aulas + simulados + atividades"},"content":{"rendered":"<p>Nosso conte\u00fado tem foco na prepara\u00e7\u00e3o de jovens e adultos para os principais vestibulares do pa\u00eds, para o ENEM e o ENCCEJA.<\/p>\n<p>Sobre o conte\u00fado:<\/p>\n<ul>\n<li>+ de 1000 aulas com todo o conte\u00fado do Ensino M\u00e9dio;<\/li>\n<li>Centenas de exerc\u00edcios e in\u00fameros simulados;<\/li>\n<li>Tudo organizado em 8 fases;<\/li>\n<li>Plataforma Inteligente que analisa sua performance e mostra seu desempenho al\u00e9m de compar\u00e1-lo com seus concorrentes.<\/li>\n<\/ul>\n<p>Ainda tem mais:<\/p>\n<ul>\n<li>Voc\u00ea ter\u00e1 direito a participar de 5 cursos de reda\u00e7\u00e3o com temas espec\u00edficos;<\/li>\n<li>Todas as atividades e simulados s\u00e3o corrigidos com o m\u00e9todo TRI;<\/li>\n<li>Aulas Ao Vivo na v\u00e9spera do ENCCEJA para tirar as d\u00favidas.<\/li>\n<\/ul>\n<p>Conte\u00fado Gameficado:<\/p>\n<ul>\n<li style=\"list-style-type: none;\">\n<ul>\n<li>Voc\u00ea escolhe o n\u00edvel de dificuldade que quer enfrentar durante os estudos;<\/li>\n<li>Avan\u00e7a na aprendizagem passando de fase;<\/li>\n<li>Pode retornar nas fases e garantir uma melhora de desempenho.<\/li>\n<\/ul>\n<\/li>\n<\/ul>\n<p>COMPROMISSO DE APROVA\u00c7\u00c3O:<\/p>\n<ul>\n<li>Assim que voc\u00ea fizer o pedido ter\u00e1 seu acesso liberado 100%;<\/li>\n<li>Voc\u00ea poder\u00e1 participar das aulas ao vivo sempre que dispon\u00edveis;<\/li>\n<li>Estuda DA FORMA QUE QUISER;<\/li>\n<li>e se n\u00e3o for aprovado renovamos sua assinatura AUTOMATICAMENTE sem custo algum;<\/li>\n<li>N\u00c3O H\u00c1 EXCE\u00c7\u00d5ES PARA ESSA PROMO\u00c7\u00c3O.<\/li>\n<\/ul>\n<h5 style=\"text-align: center;\"><strong>Acesso IMEDIATO aos conte\u00fados e s\u00f3 termina quando voc\u00ea conseguir seu CERTIFICADO DO ENSINO M\u00c9DIO.<\/strong><\/h5><\/p>\n","protected":false},"excerpt":{"rendered":"<p>A Plataforma de Ensino da EducaMaker vai garantir sua prepara\u00e7\u00e3o para a prova do ENCCEJA de 2019 com v\u00e1rios recursos. S\u00e3o mais de 1000 videoaulas, simulados e quest\u00f5es para voc\u00ea treinar o quanto quiser. Voc\u00ea tamb\u00e9m ir\u00e1 contar com nosso COMPROMISSO DE APROVA\u00c7\u00c3O, assim enquanto voc\u00ea n\u00e3o obter seu certificado do Ensino M\u00e9dio, n\u00f3s n\u00e3o vamos desistir de voc\u00ea. Conhe\u00e7a as vantagens detalhadas na descri\u00e7\u00e3o.<span style=\"color: #0000ff;\"><\/span><\/p>\n<h5 style=\"text-align: center;\"><strong>Acesso IMEDIATO aos conte\u00fados ap\u00f3s a realiza\u00e7\u00e3o do pedido e s\u00f3 termina quando voc\u00ea conseguir seu CERTIFICADO DE ENSINO M\u00c9DIO.<\/strong><\/h5>\n","protected":false},"featured_media":3672,"template":"","meta":[],"product_brand":[],"product_cat":[62],"product_tag":[],"class_list":{"0":"post-3588","1":"product","2":"type-product","3":"status-publish","4":"has-post-thumbnail","6":"product_cat-planos-e-programas-de-estudo","8":"first","9":"instock","10":"sale","11":"virtual","12":"purchasable","13":"product-type-simple"},"yoast_head":"<!-- This site is optimized with the Yoast SEO plugin v27.2 - https:\/\/yoast.com\/product\/yoast-seo-wordpress\/ -->\n<title>Material Digital ENCCEJA 2019: + 1000 aulas + simulados + atividades - Cursinho Online Educamaker<\/title>\n<meta name=\"description\" content=\"CURSINHO ENCCEJA - Mais de 1000 videoaulas para voc\u00ea obter sucesso no ENCCEJA e conseguir o certificado do Ensino M\u00e9dio.\" \/>\n<meta name=\"robots\" content=\"noindex, follow, max-snippet:-1, max-image-preview:large, max-video-preview:-1\" \/>\n<meta name=\"twitter:card\" content=\"summary_large_image\" \/>\n<meta name=\"twitter:title\" content=\"Material Digital ENCCEJA 2019: + 1000 aulas + simulados + atividades - Cursinho Online Educamaker\" \/>\n<meta name=\"twitter:description\" content=\"CURSINHO ENCCEJA - Mais de 1000 videoaulas para voc\u00ea obter sucesso no ENCCEJA e conseguir o certificado do Ensino M\u00e9dio.\" \/>\n<meta name=\"twitter:image\" content=\"https:\/\/www.educamaker.com.br\/portal\/wp-content\/uploads\/2019\/02\/capa-EnCCEja2019.jpg\" \/>\n<meta name=\"twitter:label1\" content=\"Est. tempo de leitura\" \/>\n\t<meta name=\"twitter:data1\" content=\"1 minuto\" \/>\n<script type=\"application\/ld+json\" class=\"yoast-schema-graph\">{\"@context\":\"https:\/\/schema.org\",\"@graph\":[{\"@type\":\"WebPage\",\"@id\":\"https:\/\/www.educamaker.com.br\/portal\/produto\/material-digital-encceja-2019\/\",\"url\":\"https:\/\/www.educamaker.com.br\/portal\/produto\/material-digital-encceja-2019\/\",\"name\":\"Material Digital ENCCEJA 2019: + 1000 aulas + simulados + atividades - Cursinho Online Educamaker\",\"isPartOf\":{\"@id\":\"https:\/\/www.educamaker.com.br\/portal\/#website\"},\"primaryImageOfPage\":{\"@id\":\"https:\/\/www.educamaker.com.br\/portal\/produto\/material-digital-encceja-2019\/#primaryimage\"},\"image\":{\"@id\":\"https:\/\/www.educamaker.com.br\/portal\/produto\/material-digital-encceja-2019\/#primaryimage\"},\"thumbnailUrl\":\"https:\/\/www.educamaker.com.br\/portal\/wp-content\/uploads\/2019\/02\/capa-EnCCEja2019.jpg\",\"datePublished\":\"2019-02-26T22:12:55+00:00\",\"dateModified\":\"2019-05-27T18:30:13+00:00\",\"description\":\"CURSINHO ENCCEJA - Mais de 1000 videoaulas para voc\u00ea obter sucesso no ENCCEJA e conseguir o certificado do Ensino M\u00e9dio.\",\"breadcrumb\":{\"@id\":\"https:\/\/www.educamaker.com.br\/portal\/produto\/material-digital-encceja-2019\/#breadcrumb\"},\"inLanguage\":\"pt-BR\",\"potentialAction\":[{\"@type\":\"ReadAction\",\"target\":[\"https:\/\/www.educamaker.com.br\/portal\/produto\/material-digital-encceja-2019\/\"]}]},{\"@type\":\"ImageObject\",\"inLanguage\":\"pt-BR\",\"@id\":\"https:\/\/www.educamaker.com.br\/portal\/produto\/material-digital-encceja-2019\/#primaryimage\",\"url\":\"https:\/\/www.educamaker.com.br\/portal\/wp-content\/uploads\/2019\/02\/capa-EnCCEja2019.jpg\",\"contentUrl\":\"https:\/\/www.educamaker.com.br\/portal\/wp-content\/uploads\/2019\/02\/capa-EnCCEja2019.jpg\",\"width\":800,\"height\":1200},{\"@type\":\"BreadcrumbList\",\"@id\":\"https:\/\/www.educamaker.com.br\/portal\/produto\/material-digital-encceja-2019\/#breadcrumb\",\"itemListElement\":[{\"@type\":\"ListItem\",\"position\":1,\"name\":\"In\u00edcio\",\"item\":\"https:\/\/www.educamaker.com.br\/portal\/\"},{\"@type\":\"ListItem\",\"position\":2,\"name\":\"Produtos\",\"item\":\"https:\/\/www.educamaker.com.br\/portal\/loja\/\"},{\"@type\":\"ListItem\",\"position\":3,\"name\":\"Material Digital ENCCEJA 2019: + 1000 aulas + simulados + atividades\"}]},{\"@type\":\"WebSite\",\"@id\":\"https:\/\/www.educamaker.com.br\/portal\/#website\",\"url\":\"https:\/\/www.educamaker.com.br\/portal\/\",\"name\":\"Cursinho Online Educamaker\",\"description\":\"Cursinho Online focado nos principais vestibulares e no ENEM\",\"publisher\":{\"@id\":\"https:\/\/www.educamaker.com.br\/portal\/#organization\"},\"potentialAction\":[{\"@type\":\"SearchAction\",\"target\":{\"@type\":\"EntryPoint\",\"urlTemplate\":\"https:\/\/www.educamaker.com.br\/portal\/?s={search_term_string}\"},\"query-input\":{\"@type\":\"PropertyValueSpecification\",\"valueRequired\":true,\"valueName\":\"search_term_string\"}}],\"inLanguage\":\"pt-BR\"},{\"@type\":\"Organization\",\"@id\":\"https:\/\/www.educamaker.com.br\/portal\/#organization\",\"name\":\"Educamaker\",\"url\":\"https:\/\/www.educamaker.com.br\/portal\/\",\"logo\":{\"@type\":\"ImageObject\",\"inLanguage\":\"pt-BR\",\"@id\":\"https:\/\/www.educamaker.com.br\/portal\/#\/schema\/logo\/image\/\",\"url\":\"https:\/\/www.educamaker.com.br\/portal\/wp-content\/uploads\/2018\/04\/Logo-Principal.png\",\"contentUrl\":\"https:\/\/www.educamaker.com.br\/portal\/wp-content\/uploads\/2018\/04\/Logo-Principal.png\",\"width\":1250,\"height\":834,\"caption\":\"Educamaker\"},\"image\":{\"@id\":\"https:\/\/www.educamaker.com.br\/portal\/#\/schema\/logo\/image\/\"},\"sameAs\":[\"https:\/\/facebook.com\/educamakerbr\",\"https:\/\/instagram.com\/educamaker\",\"https:\/\/www.youtube.com\/educamaker\"]}]}<\/script>\n<!-- \/ Yoast SEO plugin. -->","yoast_head_json":{"title":"Material Digital ENCCEJA 2019: + 1000 aulas + simulados + atividades - Cursinho Online Educamaker","description":"CURSINHO ENCCEJA - Mais de 1000 videoaulas para voc\u00ea obter sucesso no ENCCEJA e conseguir o certificado do Ensino M\u00e9dio.","robots":{"index":"noindex","follow":"follow","max-snippet":"max-snippet:-1","max-image-preview":"max-image-preview:large","max-video-preview":"max-video-preview:-1"},"twitter_card":"summary_large_image","twitter_title":"Material Digital ENCCEJA 2019: + 1000 aulas + simulados + atividades - Cursinho Online Educamaker","twitter_description":"CURSINHO ENCCEJA - Mais de 1000 videoaulas para voc\u00ea obter sucesso no ENCCEJA e conseguir o certificado do Ensino M\u00e9dio.","twitter_image":"https:\/\/www.educamaker.com.br\/portal\/wp-content\/uploads\/2019\/02\/capa-EnCCEja2019.jpg","twitter_misc":{"Est. tempo de leitura":"1 minuto"},"schema":{"@context":"https:\/\/schema.org","@graph":[{"@type":"WebPage","@id":"https:\/\/www.educamaker.com.br\/portal\/produto\/material-digital-encceja-2019\/","url":"https:\/\/www.educamaker.com.br\/portal\/produto\/material-digital-encceja-2019\/","name":"Material Digital ENCCEJA 2019: + 1000 aulas + simulados + atividades - Cursinho Online Educamaker","isPartOf":{"@id":"https:\/\/www.educamaker.com.br\/portal\/#website"},"primaryImageOfPage":{"@id":"https:\/\/www.educamaker.com.br\/portal\/produto\/material-digital-encceja-2019\/#primaryimage"},"image":{"@id":"https:\/\/www.educamaker.com.br\/portal\/produto\/material-digital-encceja-2019\/#primaryimage"},"thumbnailUrl":"https:\/\/www.educamaker.com.br\/portal\/wp-content\/uploads\/2019\/02\/capa-EnCCEja2019.jpg","datePublished":"2019-02-26T22:12:55+00:00","dateModified":"2019-05-27T18:30:13+00:00","description":"CURSINHO ENCCEJA - Mais de 1000 videoaulas para voc\u00ea obter sucesso no ENCCEJA e conseguir o certificado do Ensino M\u00e9dio.","breadcrumb":{"@id":"https:\/\/www.educamaker.com.br\/portal\/produto\/material-digital-encceja-2019\/#breadcrumb"},"inLanguage":"pt-BR","potentialAction":[{"@type":"ReadAction","target":["https:\/\/www.educamaker.com.br\/portal\/produto\/material-digital-encceja-2019\/"]}]},{"@type":"ImageObject","inLanguage":"pt-BR","@id":"https:\/\/www.educamaker.com.br\/portal\/produto\/material-digital-encceja-2019\/#primaryimage","url":"https:\/\/www.educamaker.com.br\/portal\/wp-content\/uploads\/2019\/02\/capa-EnCCEja2019.jpg","contentUrl":"https:\/\/www.educamaker.com.br\/portal\/wp-content\/uploads\/2019\/02\/capa-EnCCEja2019.jpg","width":800,"height":1200},{"@type":"BreadcrumbList","@id":"https:\/\/www.educamaker.com.br\/portal\/produto\/material-digital-encceja-2019\/#breadcrumb","itemListElement":[{"@type":"ListItem","position":1,"name":"In\u00edcio","item":"https:\/\/www.educamaker.com.br\/portal\/"},{"@type":"ListItem","position":2,"name":"Produtos","item":"https:\/\/www.educamaker.com.br\/portal\/loja\/"},{"@type":"ListItem","position":3,"name":"Material Digital ENCCEJA 2019: + 1000 aulas + simulados + atividades"}]},{"@type":"WebSite","@id":"https:\/\/www.educamaker.com.br\/portal\/#website","url":"https:\/\/www.educamaker.com.br\/portal\/","name":"Cursinho Online Educamaker","description":"Cursinho Online focado nos principais vestibulares e no ENEM","publisher":{"@id":"https:\/\/www.educamaker.com.br\/portal\/#organization"},"potentialAction":[{"@type":"SearchAction","target":{"@type":"EntryPoint","urlTemplate":"https:\/\/www.educamaker.com.br\/portal\/?s={search_term_string}"},"query-input":{"@type":"PropertyValueSpecification","valueRequired":true,"valueName":"search_term_string"}}],"inLanguage":"pt-BR"},{"@type":"Organization","@id":"https:\/\/www.educamaker.com.br\/portal\/#organization","name":"Educamaker","url":"https:\/\/www.educamaker.com.br\/portal\/","logo":{"@type":"ImageObject","inLanguage":"pt-BR","@id":"https:\/\/www.educamaker.com.br\/portal\/#\/schema\/logo\/image\/","url":"https:\/\/www.educamaker.com.br\/portal\/wp-content\/uploads\/2018\/04\/Logo-Principal.png","contentUrl":"https:\/\/www.educamaker.com.br\/portal\/wp-content\/uploads\/2018\/04\/Logo-Principal.png","width":1250,"height":834,"caption":"Educamaker"},"image":{"@id":"https:\/\/www.educamaker.com.br\/portal\/#\/schema\/logo\/image\/"},"sameAs":["https:\/\/facebook.com\/educamakerbr","https:\/\/instagram.com\/educamaker","https:\/\/www.youtube.com\/educamaker"]}]}},"_links":{"self":[{"href":"https:\/\/www.educamaker.com.br\/portal\/wp-json\/wp\/v2\/product\/3588","targetHints":{"allow":["GET"]}}],"collection":[{"href":"https:\/\/www.educamaker.com.br\/portal\/wp-json\/wp\/v2\/product"}],"about":[{"href":"https:\/\/www.educamaker.com.br\/portal\/wp-json\/wp\/v2\/types\/product"}],"wp:featuredmedia":[{"embeddable":true,"href":"https:\/\/www.educamaker.com.br\/portal\/wp-json\/wp\/v2\/media\/3672"}],"wp:attachment":[{"href":"https:\/\/www.educamaker.com.br\/portal\/wp-json\/wp\/v2\/media?parent=3588"}],"wp:term":[{"taxonomy":"product_brand","embeddable":true,"href":"https:\/\/www.educamaker.com.br\/portal\/wp-json\/wp\/v2\/product_brand?post=3588"},{"taxonomy":"product_cat","embeddable":true,"href":"https:\/\/www.educamaker.com.br\/portal\/wp-json\/wp\/v2\/product_cat?post=3588"},{"taxonomy":"product_tag","embeddable":true,"href":"https:\/\/www.educamaker.com.br\/portal\/wp-json\/wp\/v2\/product_tag?post=3588"}],"curies":[{"name":"wp","href":"https:\/\/api.w.org\/{rel}","templated":true}]}}