{"id":3371,"date":"2019-01-25T08:24:40","date_gmt":"2019-01-25T11:24:40","guid":{"rendered":"https:\/\/www.educamaker.com.br\/portal\/?post_type=product&#038;p=3371"},"modified":"2019-01-25T08:27:43","modified_gmt":"2019-01-25T11:27:43","slug":"material-digital-para-colegios","status":"publish","type":"product","link":"https:\/\/www.educamaker.com.br\/portal\/produto\/material-digital-para-colegios\/","title":{"rendered":"Material Digital para Col\u00e9gios"},"content":{"rendered":"<p><span>Material desenvolvido para que Institui\u00e7\u00f5es de Ensino possam aumentar a carga hor\u00e1ria de seus alunos e intensificar a prepara\u00e7\u00e3o para o ENEM e vestibulares com um baixo investimento.<\/span><\/p>\n<p>&nbsp;<\/p>\n<p><strong>O que o aluno recebe?<\/strong><\/p>\n<ul>\n<li>+ de 1000 aulas com todo o conte\u00fado do Ensino M\u00e9dio;<\/li>\n<li>Plataforma Inteligente que analisa o desenvolvimento do aluno e prop\u00f5e um plano de corre\u00e7\u00e3o daquilo que o aluno possui dificuldades, al\u00e9m de todo conte\u00fado estar organizado em fases;<\/li>\n<li>Milhares de atividades e simulados para treinar, todos corrigidos com o m\u00e9todo TRI, o mesmo utilizado pelo ENEM;<\/li>\n<li>Gr\u00e1ficos de an\u00e1lise de seu desempenho e comparativo com seus concorrentes.<\/li>\n<\/ul>\n<p><strong>O que voc\u00ea recebe?<\/strong><\/p>\n<ul>\n<li>Login de acesso exclusivo para acompanhar o rendimento dos alunos;<\/li>\n<li>Gr\u00e1ficos individuais e coletivos com o desempenho dos alunos;<\/li>\n<li>Possibilidade de enviar mensagens motivacionais durante o processo de ensino aprendizagem;<\/li>\n<li>Gr\u00e1ficos que comparam o desempenho dos seus alunos a outras institui\u00e7\u00f5es.<\/li>\n<\/ul>\n<p>&nbsp;<\/p>\n","protected":false},"excerpt":{"rendered":"<p><span>Material desenvolvido para que Institui\u00e7\u00f5es de Ensino possam aumentar a carga hor\u00e1ria de seus alunos e intensificar a prepara\u00e7\u00e3o para o ENEM e vestibulares com um baixo investimento.<\/span><\/p>\n","protected":false},"featured_media":1942,"template":"","meta":[],"product_brand":[],"product_cat":[62],"product_tag":[],"class_list":{"0":"post-3371","1":"product","2":"type-product","3":"status-publish","4":"has-post-thumbnail","6":"product_cat-planos-e-programas-de-estudo","8":"first","9":"instock","10":"virtual","11":"purchasable","12":"product-type-simple"},"yoast_head":"<!-- This site is optimized with the Yoast SEO plugin v27.2 - https:\/\/yoast.com\/product\/yoast-seo-wordpress\/ -->\n<title>Material Digital para Col\u00e9gios - Cursinho Online Educamaker<\/title>\n<meta name=\"robots\" content=\"noindex, follow, max-snippet:-1, max-image-preview:large, max-video-preview:-1\" \/>\n<meta name=\"twitter:card\" content=\"summary_large_image\" \/>\n<meta name=\"twitter:title\" content=\"Material Digital para Col\u00e9gios - Cursinho Online Educamaker\" \/>\n<meta name=\"twitter:description\" content=\"Material desenvolvido para que Institui\u00e7\u00f5es de Ensino possam aumentar a carga hor\u00e1ria de seus alunos e intensificar a prepara\u00e7\u00e3o para o ENEM e vestibulares com um baixo investimento.\" \/>\n<meta name=\"twitter:image\" content=\"https:\/\/www.educamaker.com.br\/portal\/wp-content\/uploads\/2018\/12\/capa-material-digital.jpg\" \/>\n<meta name=\"twitter:label1\" content=\"Est. tempo de leitura\" \/>\n\t<meta name=\"twitter:data1\" content=\"1 minuto\" \/>\n<script type=\"application\/ld+json\" class=\"yoast-schema-graph\">{\"@context\":\"https:\/\/schema.org\",\"@graph\":[{\"@type\":\"WebPage\",\"@id\":\"https:\/\/www.educamaker.com.br\/portal\/produto\/material-digital-para-colegios\/\",\"url\":\"https:\/\/www.educamaker.com.br\/portal\/produto\/material-digital-para-colegios\/\",\"name\":\"Material Digital para Col\u00e9gios - Cursinho Online Educamaker\",\"isPartOf\":{\"@id\":\"https:\/\/www.educamaker.com.br\/portal\/#website\"},\"primaryImageOfPage\":{\"@id\":\"https:\/\/www.educamaker.com.br\/portal\/produto\/material-digital-para-colegios\/#primaryimage\"},\"image\":{\"@id\":\"https:\/\/www.educamaker.com.br\/portal\/produto\/material-digital-para-colegios\/#primaryimage\"},\"thumbnailUrl\":\"https:\/\/www.educamaker.com.br\/portal\/wp-content\/uploads\/2018\/12\/capa-material-digital.jpg\",\"datePublished\":\"2019-01-25T11:24:40+00:00\",\"dateModified\":\"2019-01-25T11:27:43+00:00\",\"breadcrumb\":{\"@id\":\"https:\/\/www.educamaker.com.br\/portal\/produto\/material-digital-para-colegios\/#breadcrumb\"},\"inLanguage\":\"pt-BR\",\"potentialAction\":[{\"@type\":\"ReadAction\",\"target\":[\"https:\/\/www.educamaker.com.br\/portal\/produto\/material-digital-para-colegios\/\"]}]},{\"@type\":\"ImageObject\",\"inLanguage\":\"pt-BR\",\"@id\":\"https:\/\/www.educamaker.com.br\/portal\/produto\/material-digital-para-colegios\/#primaryimage\",\"url\":\"https:\/\/www.educamaker.com.br\/portal\/wp-content\/uploads\/2018\/12\/capa-material-digital.jpg\",\"contentUrl\":\"https:\/\/www.educamaker.com.br\/portal\/wp-content\/uploads\/2018\/12\/capa-material-digital.jpg\",\"width\":800,\"height\":1200},{\"@type\":\"BreadcrumbList\",\"@id\":\"https:\/\/www.educamaker.com.br\/portal\/produto\/material-digital-para-colegios\/#breadcrumb\",\"itemListElement\":[{\"@type\":\"ListItem\",\"position\":1,\"name\":\"In\u00edcio\",\"item\":\"https:\/\/www.educamaker.com.br\/portal\/\"},{\"@type\":\"ListItem\",\"position\":2,\"name\":\"Produtos\",\"item\":\"https:\/\/www.educamaker.com.br\/portal\/loja\/\"},{\"@type\":\"ListItem\",\"position\":3,\"name\":\"Material Digital para Col\u00e9gios\"}]},{\"@type\":\"WebSite\",\"@id\":\"https:\/\/www.educamaker.com.br\/portal\/#website\",\"url\":\"https:\/\/www.educamaker.com.br\/portal\/\",\"name\":\"Cursinho Online Educamaker\",\"description\":\"Cursinho Online focado nos principais vestibulares e no ENEM\",\"publisher\":{\"@id\":\"https:\/\/www.educamaker.com.br\/portal\/#organization\"},\"potentialAction\":[{\"@type\":\"SearchAction\",\"target\":{\"@type\":\"EntryPoint\",\"urlTemplate\":\"https:\/\/www.educamaker.com.br\/portal\/?s={search_term_string}\"},\"query-input\":{\"@type\":\"PropertyValueSpecification\",\"valueRequired\":true,\"valueName\":\"search_term_string\"}}],\"inLanguage\":\"pt-BR\"},{\"@type\":\"Organization\",\"@id\":\"https:\/\/www.educamaker.com.br\/portal\/#organization\",\"name\":\"Educamaker\",\"url\":\"https:\/\/www.educamaker.com.br\/portal\/\",\"logo\":{\"@type\":\"ImageObject\",\"inLanguage\":\"pt-BR\",\"@id\":\"https:\/\/www.educamaker.com.br\/portal\/#\/schema\/logo\/image\/\",\"url\":\"https:\/\/www.educamaker.com.br\/portal\/wp-content\/uploads\/2018\/04\/Logo-Principal.png\",\"contentUrl\":\"https:\/\/www.educamaker.com.br\/portal\/wp-content\/uploads\/2018\/04\/Logo-Principal.png\",\"width\":1250,\"height\":834,\"caption\":\"Educamaker\"},\"image\":{\"@id\":\"https:\/\/www.educamaker.com.br\/portal\/#\/schema\/logo\/image\/\"},\"sameAs\":[\"https:\/\/facebook.com\/educamakerbr\",\"https:\/\/instagram.com\/educamaker\",\"https:\/\/www.youtube.com\/educamaker\"]}]}<\/script>\n<!-- \/ Yoast SEO plugin. -->","yoast_head_json":{"title":"Material Digital para Col\u00e9gios - Cursinho Online Educamaker","robots":{"index":"noindex","follow":"follow","max-snippet":"max-snippet:-1","max-image-preview":"max-image-preview:large","max-video-preview":"max-video-preview:-1"},"twitter_card":"summary_large_image","twitter_title":"Material Digital para Col\u00e9gios - Cursinho Online Educamaker","twitter_description":"Material desenvolvido para que Institui\u00e7\u00f5es de Ensino possam aumentar a carga hor\u00e1ria de seus alunos e intensificar a prepara\u00e7\u00e3o para o ENEM e vestibulares com um baixo investimento.","twitter_image":"https:\/\/www.educamaker.com.br\/portal\/wp-content\/uploads\/2018\/12\/capa-material-digital.jpg","twitter_misc":{"Est. tempo de leitura":"1 minuto"},"schema":{"@context":"https:\/\/schema.org","@graph":[{"@type":"WebPage","@id":"https:\/\/www.educamaker.com.br\/portal\/produto\/material-digital-para-colegios\/","url":"https:\/\/www.educamaker.com.br\/portal\/produto\/material-digital-para-colegios\/","name":"Material Digital para Col\u00e9gios - Cursinho Online Educamaker","isPartOf":{"@id":"https:\/\/www.educamaker.com.br\/portal\/#website"},"primaryImageOfPage":{"@id":"https:\/\/www.educamaker.com.br\/portal\/produto\/material-digital-para-colegios\/#primaryimage"},"image":{"@id":"https:\/\/www.educamaker.com.br\/portal\/produto\/material-digital-para-colegios\/#primaryimage"},"thumbnailUrl":"https:\/\/www.educamaker.com.br\/portal\/wp-content\/uploads\/2018\/12\/capa-material-digital.jpg","datePublished":"2019-01-25T11:24:40+00:00","dateModified":"2019-01-25T11:27:43+00:00","breadcrumb":{"@id":"https:\/\/www.educamaker.com.br\/portal\/produto\/material-digital-para-colegios\/#breadcrumb"},"inLanguage":"pt-BR","potentialAction":[{"@type":"ReadAction","target":["https:\/\/www.educamaker.com.br\/portal\/produto\/material-digital-para-colegios\/"]}]},{"@type":"ImageObject","inLanguage":"pt-BR","@id":"https:\/\/www.educamaker.com.br\/portal\/produto\/material-digital-para-colegios\/#primaryimage","url":"https:\/\/www.educamaker.com.br\/portal\/wp-content\/uploads\/2018\/12\/capa-material-digital.jpg","contentUrl":"https:\/\/www.educamaker.com.br\/portal\/wp-content\/uploads\/2018\/12\/capa-material-digital.jpg","width":800,"height":1200},{"@type":"BreadcrumbList","@id":"https:\/\/www.educamaker.com.br\/portal\/produto\/material-digital-para-colegios\/#breadcrumb","itemListElement":[{"@type":"ListItem","position":1,"name":"In\u00edcio","item":"https:\/\/www.educamaker.com.br\/portal\/"},{"@type":"ListItem","position":2,"name":"Produtos","item":"https:\/\/www.educamaker.com.br\/portal\/loja\/"},{"@type":"ListItem","position":3,"name":"Material Digital para Col\u00e9gios"}]},{"@type":"WebSite","@id":"https:\/\/www.educamaker.com.br\/portal\/#website","url":"https:\/\/www.educamaker.com.br\/portal\/","name":"Cursinho Online Educamaker","description":"Cursinho Online focado nos principais vestibulares e no ENEM","publisher":{"@id":"https:\/\/www.educamaker.com.br\/portal\/#organization"},"potentialAction":[{"@type":"SearchAction","target":{"@type":"EntryPoint","urlTemplate":"https:\/\/www.educamaker.com.br\/portal\/?s={search_term_string}"},"query-input":{"@type":"PropertyValueSpecification","valueRequired":true,"valueName":"search_term_string"}}],"inLanguage":"pt-BR"},{"@type":"Organization","@id":"https:\/\/www.educamaker.com.br\/portal\/#organization","name":"Educamaker","url":"https:\/\/www.educamaker.com.br\/portal\/","logo":{"@type":"ImageObject","inLanguage":"pt-BR","@id":"https:\/\/www.educamaker.com.br\/portal\/#\/schema\/logo\/image\/","url":"https:\/\/www.educamaker.com.br\/portal\/wp-content\/uploads\/2018\/04\/Logo-Principal.png","contentUrl":"https:\/\/www.educamaker.com.br\/portal\/wp-content\/uploads\/2018\/04\/Logo-Principal.png","width":1250,"height":834,"caption":"Educamaker"},"image":{"@id":"https:\/\/www.educamaker.com.br\/portal\/#\/schema\/logo\/image\/"},"sameAs":["https:\/\/facebook.com\/educamakerbr","https:\/\/instagram.com\/educamaker","https:\/\/www.youtube.com\/educamaker"]}]}},"_links":{"self":[{"href":"https:\/\/www.educamaker.com.br\/portal\/wp-json\/wp\/v2\/product\/3371","targetHints":{"allow":["GET"]}}],"collection":[{"href":"https:\/\/www.educamaker.com.br\/portal\/wp-json\/wp\/v2\/product"}],"about":[{"href":"https:\/\/www.educamaker.com.br\/portal\/wp-json\/wp\/v2\/types\/product"}],"wp:featuredmedia":[{"embeddable":true,"href":"https:\/\/www.educamaker.com.br\/portal\/wp-json\/wp\/v2\/media\/1942"}],"wp:attachment":[{"href":"https:\/\/www.educamaker.com.br\/portal\/wp-json\/wp\/v2\/media?parent=3371"}],"wp:term":[{"taxonomy":"product_brand","embeddable":true,"href":"https:\/\/www.educamaker.com.br\/portal\/wp-json\/wp\/v2\/product_brand?post=3371"},{"taxonomy":"product_cat","embeddable":true,"href":"https:\/\/www.educamaker.com.br\/portal\/wp-json\/wp\/v2\/product_cat?post=3371"},{"taxonomy":"product_tag","embeddable":true,"href":"https:\/\/www.educamaker.com.br\/portal\/wp-json\/wp\/v2\/product_tag?post=3371"}],"curies":[{"name":"wp","href":"https:\/\/api.w.org\/{rel}","templated":true}]}}