{"id":2098,"date":"2018-12-20T12:54:52","date_gmt":"2018-12-20T15:54:52","guid":{"rendered":"https:\/\/www.educamaker.com.br\/portal\/?post_type=product&#038;p=2098"},"modified":"2019-01-18T14:36:06","modified_gmt":"2019-01-18T17:36:06","slug":"programa-adote-um-aluno-2019","status":"publish","type":"product","link":"https:\/\/www.educamaker.com.br\/portal\/produto\/programa-adote-um-aluno-2019\/","title":{"rendered":"Programa Adote um Aluno 2019"},"content":{"rendered":"<p>O Programa Adote um Aluno 2019 foi desenvolvido com o objetivo de levar uma educa\u00e7\u00e3o de qualidade e comprometida com o desenvolvimento humano a jovens que n\u00e3o tem acesso a esse modelo de educa\u00e7\u00e3o.<\/p>\n<p>Em 2018 a EducaMaker passou a receber institui\u00e7\u00f5es governamentais, religiosas e ONG\u2019s, que atendem adolescentes com esse prop\u00f3sito e adot\u00e1-los com o objetivo de garantir uma prepara\u00e7\u00e3o satisfat\u00f3ria afim de que esses jovens possam ingressar em universidades p\u00fablicas, ou privadas atrav\u00e9s de bolsas de estudo, pelo pa\u00eds todo.<\/p>\n<p>Sua ajuda contribui para que, cada vez mais, possamos atender um maior n\u00famero de alunos e impactar positivamente a sociedade, de forma que os menos favorecidos tenham a chance de concorrer de igual para igual, nos vestibulares e no ENEM.<\/p>\n<p>&nbsp;<\/p>\n<p><strong>O que o aluno recebe?<\/strong><\/p>\n<ul>\n<li>+ de 1000 aulas com todo o conte\u00fado do Ensino M\u00e9dio;<\/li>\n<li>Plataforma Inteligente que analisa o desenvolvimento do aluno e prop\u00f5e um plano de corre\u00e7\u00e3o daquilo que o aluno possui dificuldades, al\u00e9m de todo conte\u00fado estar organizado em fases;<\/li>\n<li>Milhares de atividades e simulados para treinar, todos corrigidos com o m\u00e9todo TRI, o mesmo utilizado pelo ENEM;<\/li>\n<li>Gr\u00e1ficos de an\u00e1lise de seu desempenho e comparativo com seus concorrentes.<\/li>\n<\/ul>\n<p><strong>O que voc\u00ea recebe?<\/strong><\/p>\n<ul>\n<li>Login de acesso exclusivo para acompanhar o rendimento dos alunos adotados;<\/li>\n<li>Gr\u00e1ficos individuais e coletivos com o desempenho dos alunos;<\/li>\n<li>Possibilidade de enviar mensagens motivacionais durante o processo de ensino aprendizagem;<\/li>\n<li>Selo EducaMaker Responsabilidade Social, que pode ser usado pela sua empresa;<\/li>\n<li>Espa\u00e7o para divulga\u00e7\u00e3o da parceria na Plataforma EducaMaker;<\/li>\n<li>Principalmente, certeza que est\u00e1 fazendo o bem para o pr\u00f3ximo mais necessitado.<\/li>\n<\/ul>\n<p>&nbsp;<\/p>\n<h4 style=\"text-align: center;\"><span style=\"color: #0000ff;\"><strong>\u201cA responsabilidade tamb\u00e9m \u00e9 sua\u201d.<\/strong><\/span><\/h4>\n","protected":false},"excerpt":{"rendered":"<h5 style=\"text-align: center;\"><span style=\"color: #0000ff;\"><strong>Parab\u00e9ns, voc\u00ea est\u00e1 perto de transforma a vida de uma pessoa!<\/strong><\/span><\/h5>\n<p>Se voc\u00ea clicar em comprar, estar\u00e1 adotando 01 (um) aluno, de institui\u00e7\u00f5es parceiras, que ir\u00e1 estudar com a EducaMaker durante o ano letivo de 2019.<\/p>\n","protected":false},"featured_media":2099,"template":"","meta":[],"product_brand":[],"product_cat":[62],"product_tag":[],"class_list":{"0":"post-2098","1":"product","2":"type-product","3":"status-publish","4":"has-post-thumbnail","6":"product_cat-planos-e-programas-de-estudo","8":"first","9":"instock","10":"virtual","11":"purchasable","12":"product-type-simple"},"yoast_head":"<!-- This site is optimized with the Yoast SEO plugin v27.2 - https:\/\/yoast.com\/product\/yoast-seo-wordpress\/ -->\n<title>Programa Adote um Aluno 2019 - Cursinho Online Educamaker<\/title>\n<meta name=\"robots\" content=\"noindex, follow, max-snippet:-1, max-image-preview:large, max-video-preview:-1\" \/>\n<meta name=\"twitter:card\" content=\"summary_large_image\" \/>\n<meta name=\"twitter:title\" content=\"Programa Adote um Aluno 2019 - Cursinho Online Educamaker\" \/>\n<meta name=\"twitter:description\" content=\"Parab\u00e9ns, voc\u00ea est\u00e1 perto de transforma a vida de uma pessoa! Se voc\u00ea clicar em comprar, estar\u00e1 adotando 01 (um) aluno, de institui\u00e7\u00f5es parceiras, que ir\u00e1 estudar com a EducaMaker durante o ano letivo de 2019.\" \/>\n<meta name=\"twitter:image\" content=\"https:\/\/www.educamaker.com.br\/portal\/wp-content\/uploads\/2018\/12\/capa-adote-um-aluno.png\" \/>\n<meta name=\"twitter:label1\" content=\"Est. tempo de leitura\" \/>\n\t<meta name=\"twitter:data1\" content=\"1 minuto\" \/>\n<script type=\"application\/ld+json\" class=\"yoast-schema-graph\">{\"@context\":\"https:\/\/schema.org\",\"@graph\":[{\"@type\":\"WebPage\",\"@id\":\"https:\/\/www.educamaker.com.br\/portal\/produto\/programa-adote-um-aluno-2019\/\",\"url\":\"https:\/\/www.educamaker.com.br\/portal\/produto\/programa-adote-um-aluno-2019\/\",\"name\":\"Programa Adote um Aluno 2019 - Cursinho Online Educamaker\",\"isPartOf\":{\"@id\":\"https:\/\/www.educamaker.com.br\/portal\/#website\"},\"primaryImageOfPage\":{\"@id\":\"https:\/\/www.educamaker.com.br\/portal\/produto\/programa-adote-um-aluno-2019\/#primaryimage\"},\"image\":{\"@id\":\"https:\/\/www.educamaker.com.br\/portal\/produto\/programa-adote-um-aluno-2019\/#primaryimage\"},\"thumbnailUrl\":\"https:\/\/www.educamaker.com.br\/portal\/wp-content\/uploads\/2018\/12\/capa-adote-um-aluno.png\",\"datePublished\":\"2018-12-20T15:54:52+00:00\",\"dateModified\":\"2019-01-18T17:36:06+00:00\",\"breadcrumb\":{\"@id\":\"https:\/\/www.educamaker.com.br\/portal\/produto\/programa-adote-um-aluno-2019\/#breadcrumb\"},\"inLanguage\":\"pt-BR\",\"potentialAction\":[{\"@type\":\"ReadAction\",\"target\":[\"https:\/\/www.educamaker.com.br\/portal\/produto\/programa-adote-um-aluno-2019\/\"]}]},{\"@type\":\"ImageObject\",\"inLanguage\":\"pt-BR\",\"@id\":\"https:\/\/www.educamaker.com.br\/portal\/produto\/programa-adote-um-aluno-2019\/#primaryimage\",\"url\":\"https:\/\/www.educamaker.com.br\/portal\/wp-content\/uploads\/2018\/12\/capa-adote-um-aluno.png\",\"contentUrl\":\"https:\/\/www.educamaker.com.br\/portal\/wp-content\/uploads\/2018\/12\/capa-adote-um-aluno.png\",\"width\":800,\"height\":1200},{\"@type\":\"BreadcrumbList\",\"@id\":\"https:\/\/www.educamaker.com.br\/portal\/produto\/programa-adote-um-aluno-2019\/#breadcrumb\",\"itemListElement\":[{\"@type\":\"ListItem\",\"position\":1,\"name\":\"In\u00edcio\",\"item\":\"https:\/\/www.educamaker.com.br\/portal\/\"},{\"@type\":\"ListItem\",\"position\":2,\"name\":\"Produtos\",\"item\":\"https:\/\/www.educamaker.com.br\/portal\/loja\/\"},{\"@type\":\"ListItem\",\"position\":3,\"name\":\"Programa Adote um Aluno 2019\"}]},{\"@type\":\"WebSite\",\"@id\":\"https:\/\/www.educamaker.com.br\/portal\/#website\",\"url\":\"https:\/\/www.educamaker.com.br\/portal\/\",\"name\":\"Cursinho Online Educamaker\",\"description\":\"Cursinho Online focado nos principais vestibulares e no ENEM\",\"publisher\":{\"@id\":\"https:\/\/www.educamaker.com.br\/portal\/#organization\"},\"potentialAction\":[{\"@type\":\"SearchAction\",\"target\":{\"@type\":\"EntryPoint\",\"urlTemplate\":\"https:\/\/www.educamaker.com.br\/portal\/?s={search_term_string}\"},\"query-input\":{\"@type\":\"PropertyValueSpecification\",\"valueRequired\":true,\"valueName\":\"search_term_string\"}}],\"inLanguage\":\"pt-BR\"},{\"@type\":\"Organization\",\"@id\":\"https:\/\/www.educamaker.com.br\/portal\/#organization\",\"name\":\"Educamaker\",\"url\":\"https:\/\/www.educamaker.com.br\/portal\/\",\"logo\":{\"@type\":\"ImageObject\",\"inLanguage\":\"pt-BR\",\"@id\":\"https:\/\/www.educamaker.com.br\/portal\/#\/schema\/logo\/image\/\",\"url\":\"https:\/\/www.educamaker.com.br\/portal\/wp-content\/uploads\/2018\/04\/Logo-Principal.png\",\"contentUrl\":\"https:\/\/www.educamaker.com.br\/portal\/wp-content\/uploads\/2018\/04\/Logo-Principal.png\",\"width\":1250,\"height\":834,\"caption\":\"Educamaker\"},\"image\":{\"@id\":\"https:\/\/www.educamaker.com.br\/portal\/#\/schema\/logo\/image\/\"},\"sameAs\":[\"https:\/\/facebook.com\/educamakerbr\",\"https:\/\/instagram.com\/educamaker\",\"https:\/\/www.youtube.com\/educamaker\"]}]}<\/script>\n<!-- \/ Yoast SEO plugin. -->","yoast_head_json":{"title":"Programa Adote um Aluno 2019 - Cursinho Online Educamaker","robots":{"index":"noindex","follow":"follow","max-snippet":"max-snippet:-1","max-image-preview":"max-image-preview:large","max-video-preview":"max-video-preview:-1"},"twitter_card":"summary_large_image","twitter_title":"Programa Adote um Aluno 2019 - Cursinho Online Educamaker","twitter_description":"Parab\u00e9ns, voc\u00ea est\u00e1 perto de transforma a vida de uma pessoa! Se voc\u00ea clicar em comprar, estar\u00e1 adotando 01 (um) aluno, de institui\u00e7\u00f5es parceiras, que ir\u00e1 estudar com a EducaMaker durante o ano letivo de 2019.","twitter_image":"https:\/\/www.educamaker.com.br\/portal\/wp-content\/uploads\/2018\/12\/capa-adote-um-aluno.png","twitter_misc":{"Est. tempo de leitura":"1 minuto"},"schema":{"@context":"https:\/\/schema.org","@graph":[{"@type":"WebPage","@id":"https:\/\/www.educamaker.com.br\/portal\/produto\/programa-adote-um-aluno-2019\/","url":"https:\/\/www.educamaker.com.br\/portal\/produto\/programa-adote-um-aluno-2019\/","name":"Programa Adote um Aluno 2019 - Cursinho Online Educamaker","isPartOf":{"@id":"https:\/\/www.educamaker.com.br\/portal\/#website"},"primaryImageOfPage":{"@id":"https:\/\/www.educamaker.com.br\/portal\/produto\/programa-adote-um-aluno-2019\/#primaryimage"},"image":{"@id":"https:\/\/www.educamaker.com.br\/portal\/produto\/programa-adote-um-aluno-2019\/#primaryimage"},"thumbnailUrl":"https:\/\/www.educamaker.com.br\/portal\/wp-content\/uploads\/2018\/12\/capa-adote-um-aluno.png","datePublished":"2018-12-20T15:54:52+00:00","dateModified":"2019-01-18T17:36:06+00:00","breadcrumb":{"@id":"https:\/\/www.educamaker.com.br\/portal\/produto\/programa-adote-um-aluno-2019\/#breadcrumb"},"inLanguage":"pt-BR","potentialAction":[{"@type":"ReadAction","target":["https:\/\/www.educamaker.com.br\/portal\/produto\/programa-adote-um-aluno-2019\/"]}]},{"@type":"ImageObject","inLanguage":"pt-BR","@id":"https:\/\/www.educamaker.com.br\/portal\/produto\/programa-adote-um-aluno-2019\/#primaryimage","url":"https:\/\/www.educamaker.com.br\/portal\/wp-content\/uploads\/2018\/12\/capa-adote-um-aluno.png","contentUrl":"https:\/\/www.educamaker.com.br\/portal\/wp-content\/uploads\/2018\/12\/capa-adote-um-aluno.png","width":800,"height":1200},{"@type":"BreadcrumbList","@id":"https:\/\/www.educamaker.com.br\/portal\/produto\/programa-adote-um-aluno-2019\/#breadcrumb","itemListElement":[{"@type":"ListItem","position":1,"name":"In\u00edcio","item":"https:\/\/www.educamaker.com.br\/portal\/"},{"@type":"ListItem","position":2,"name":"Produtos","item":"https:\/\/www.educamaker.com.br\/portal\/loja\/"},{"@type":"ListItem","position":3,"name":"Programa Adote um Aluno 2019"}]},{"@type":"WebSite","@id":"https:\/\/www.educamaker.com.br\/portal\/#website","url":"https:\/\/www.educamaker.com.br\/portal\/","name":"Cursinho Online Educamaker","description":"Cursinho Online focado nos principais vestibulares e no ENEM","publisher":{"@id":"https:\/\/www.educamaker.com.br\/portal\/#organization"},"potentialAction":[{"@type":"SearchAction","target":{"@type":"EntryPoint","urlTemplate":"https:\/\/www.educamaker.com.br\/portal\/?s={search_term_string}"},"query-input":{"@type":"PropertyValueSpecification","valueRequired":true,"valueName":"search_term_string"}}],"inLanguage":"pt-BR"},{"@type":"Organization","@id":"https:\/\/www.educamaker.com.br\/portal\/#organization","name":"Educamaker","url":"https:\/\/www.educamaker.com.br\/portal\/","logo":{"@type":"ImageObject","inLanguage":"pt-BR","@id":"https:\/\/www.educamaker.com.br\/portal\/#\/schema\/logo\/image\/","url":"https:\/\/www.educamaker.com.br\/portal\/wp-content\/uploads\/2018\/04\/Logo-Principal.png","contentUrl":"https:\/\/www.educamaker.com.br\/portal\/wp-content\/uploads\/2018\/04\/Logo-Principal.png","width":1250,"height":834,"caption":"Educamaker"},"image":{"@id":"https:\/\/www.educamaker.com.br\/portal\/#\/schema\/logo\/image\/"},"sameAs":["https:\/\/facebook.com\/educamakerbr","https:\/\/instagram.com\/educamaker","https:\/\/www.youtube.com\/educamaker"]}]}},"_links":{"self":[{"href":"https:\/\/www.educamaker.com.br\/portal\/wp-json\/wp\/v2\/product\/2098","targetHints":{"allow":["GET"]}}],"collection":[{"href":"https:\/\/www.educamaker.com.br\/portal\/wp-json\/wp\/v2\/product"}],"about":[{"href":"https:\/\/www.educamaker.com.br\/portal\/wp-json\/wp\/v2\/types\/product"}],"wp:featuredmedia":[{"embeddable":true,"href":"https:\/\/www.educamaker.com.br\/portal\/wp-json\/wp\/v2\/media\/2099"}],"wp:attachment":[{"href":"https:\/\/www.educamaker.com.br\/portal\/wp-json\/wp\/v2\/media?parent=2098"}],"wp:term":[{"taxonomy":"product_brand","embeddable":true,"href":"https:\/\/www.educamaker.com.br\/portal\/wp-json\/wp\/v2\/product_brand?post=2098"},{"taxonomy":"product_cat","embeddable":true,"href":"https:\/\/www.educamaker.com.br\/portal\/wp-json\/wp\/v2\/product_cat?post=2098"},{"taxonomy":"product_tag","embeddable":true,"href":"https:\/\/www.educamaker.com.br\/portal\/wp-json\/wp\/v2\/product_tag?post=2098"}],"curies":[{"name":"wp","href":"https:\/\/api.w.org\/{rel}","templated":true}]}}