{"id":1933,"date":"2018-12-05T11:10:23","date_gmt":"2018-12-05T14:10:23","guid":{"rendered":"https:\/\/www.educamaker.com.br\/portal\/?post_type=product&#038;p=1933"},"modified":"2019-02-15T14:06:25","modified_gmt":"2019-02-15T17:06:25","slug":"plano-maker-premium-medicina-aulas-ao-vivo-aulas-ao-vivo-para-medicina","status":"publish","type":"product","link":"https:\/\/www.educamaker.com.br\/portal\/produto\/plano-maker-premium-medicina-aulas-ao-vivo-aulas-ao-vivo-para-medicina\/","title":{"rendered":"Plano Maker Premium Medicina: Aulas Ao Vivo + Aulas Ao Vivo para Medicina"},"content":{"rendered":"<p>Nosso conte\u00fado tem foco na prepara\u00e7\u00e3o de jovens e adultos para enfrentar a concorr\u00eancia dos principais vestibulares do pa\u00eds e no ENEM 2019 para o curso de MEDICINA.<\/p>\n<p>Conte\u00fado Ao Vivo para Medicina:<\/p>\n<ul>\n<li>Aulas Ao Vivo tr\u00eas dias da semana (14h \u00e0s 16h);<\/li>\n<li>Aulas de F\u00edsica, Qu\u00edmica, Biologia, Atualidades e Reda\u00e7\u00e3o;<\/li>\n<li>Aulas de corre\u00e7\u00f5es de exerc\u00edcios;<\/li>\n<li>Aulas interdisciplinares;<\/li>\n<li>Aulas de monitoria com os pr\u00f3prios professores;<\/li>\n<li>Tira d\u00favidas e interatividade durante as aulas.<\/li>\n<\/ul>\n<p>Conte\u00fado Ao Vivo das outras disciplinas:<\/p>\n<ul>\n<li>Aulas Ao Vivo todos os dias (19h \u00e0s 21h);<\/li>\n<li>Todas as disciplinas contempladas;<\/li>\n<li>Aulas sobre temas espec\u00edficos de reda\u00e7\u00e3o;<\/li>\n<li>Aulas de corre\u00e7\u00f5es de exerc\u00edcios;<\/li>\n<li>Aulas interdisciplinares;<\/li>\n<li>Aulas de monitoria com os pr\u00f3prios professores;<\/li>\n<li>Tira d\u00favidas e interatividade durante as aulas.<\/li>\n<\/ul>\n<p>Sobre o conte\u00fado dispon\u00edvel:<\/p>\n<ul>\n<li>+ de 1000 aulas com todo o conte\u00fado do Ensino M\u00e9dio;<\/li>\n<li>Centenas de exerc\u00edcios e in\u00fameros simulados;<\/li>\n<li>Tudo organizado em 8 fases;<\/li>\n<li>Plataforma Inteligente que analisa sua performance e mostra seu desempenho al\u00e9m de compar\u00e1-lo com seus concorrentes.<\/li>\n<\/ul>\n<h5 style=\"text-align: center;\"><span style=\"color: #ff0000;\"><strong>Acesso aos conte\u00fados IMEDIATO at\u00e9 o final do ENEM 2019.<\/strong><\/span><\/h5>\n<h4><span>Ainda tem mais:<\/span><\/h4>\n<ul>\n<li>Voc\u00ea ter\u00e1 direito a participar de 05 cursos de reda\u00e7\u00e3o com temas espec\u00edficos;<\/li>\n<li>08 corre\u00e7\u00f5es de reda\u00e7\u00e3o por m\u00eas;<\/li>\n<li>Todas as atividades e simulados s\u00e3o corrigidos com o m\u00e9todo TRI;<\/li>\n<li>Aulas Ao Vivo na v\u00e9spera do ENEM para tirar as d\u00favidas.<\/li>\n<\/ul>\n","protected":false},"excerpt":{"rendered":"<p><span><strong>Al\u00e9m das + de 1000 aulas com todo conte\u00fado do Ensino M\u00e9dio, voc\u00ea ter\u00e1 acesso a um cronograma de aulas Ao Vivo todos os dias + Aulas Ao Vivo 3 vezes na semana exclusivo para MEDICINA, milhares de exerc\u00edcios e in\u00fameros simulados.<br \/>\n<\/strong><\/span><\/p>\n","protected":false},"featured_media":1934,"template":"","meta":[],"product_brand":[],"product_cat":[63,62],"product_tag":[],"class_list":{"0":"post-1933","1":"product","2":"type-product","3":"status-publish","4":"has-post-thumbnail","6":"product_cat-medicina","7":"product_cat-planos-e-programas-de-estudo","9":"first","10":"instock","11":"sale","12":"virtual","13":"purchasable","14":"product-type-simple"},"yoast_head":"<!-- This site is optimized with the Yoast SEO plugin v27.2 - https:\/\/yoast.com\/product\/yoast-seo-wordpress\/ -->\n<title>Plano Maker Premium Medicina: Aulas Ao Vivo + Aulas Ao Vivo para Medicina - Cursinho Online Educamaker<\/title>\n<meta name=\"robots\" content=\"noindex, follow, max-snippet:-1, max-image-preview:large, max-video-preview:-1\" \/>\n<meta name=\"twitter:card\" content=\"summary_large_image\" \/>\n<meta name=\"twitter:title\" content=\"Plano Maker Premium Medicina: Aulas Ao Vivo + Aulas Ao Vivo para Medicina - Cursinho Online Educamaker\" \/>\n<meta name=\"twitter:description\" content=\"Al\u00e9m das + de 1000 aulas com todo conte\u00fado do Ensino M\u00e9dio, voc\u00ea ter\u00e1 acesso a um cronograma de aulas Ao Vivo todos os dias + Aulas Ao Vivo 3 vezes na semana exclusivo para MEDICINA, milhares de exerc\u00edcios e in\u00fameros simulados.\" \/>\n<meta name=\"twitter:image\" content=\"https:\/\/www.educamaker.com.br\/portal\/wp-content\/uploads\/2018\/12\/capa-plano-maker-premium-medicina.jpg\" \/>\n<meta name=\"twitter:label1\" content=\"Est. tempo de leitura\" \/>\n\t<meta name=\"twitter:data1\" content=\"1 minuto\" \/>\n<script type=\"application\/ld+json\" class=\"yoast-schema-graph\">{\"@context\":\"https:\/\/schema.org\",\"@graph\":[{\"@type\":\"WebPage\",\"@id\":\"https:\/\/www.educamaker.com.br\/portal\/produto\/plano-maker-premium-medicina-aulas-ao-vivo-aulas-ao-vivo-para-medicina\/\",\"url\":\"https:\/\/www.educamaker.com.br\/portal\/produto\/plano-maker-premium-medicina-aulas-ao-vivo-aulas-ao-vivo-para-medicina\/\",\"name\":\"Plano Maker Premium Medicina: Aulas Ao Vivo + Aulas Ao Vivo para Medicina - Cursinho Online Educamaker\",\"isPartOf\":{\"@id\":\"https:\/\/www.educamaker.com.br\/portal\/#website\"},\"primaryImageOfPage\":{\"@id\":\"https:\/\/www.educamaker.com.br\/portal\/produto\/plano-maker-premium-medicina-aulas-ao-vivo-aulas-ao-vivo-para-medicina\/#primaryimage\"},\"image\":{\"@id\":\"https:\/\/www.educamaker.com.br\/portal\/produto\/plano-maker-premium-medicina-aulas-ao-vivo-aulas-ao-vivo-para-medicina\/#primaryimage\"},\"thumbnailUrl\":\"https:\/\/www.educamaker.com.br\/portal\/wp-content\/uploads\/2018\/12\/capa-plano-maker-premium-medicina.jpg\",\"datePublished\":\"2018-12-05T14:10:23+00:00\",\"dateModified\":\"2019-02-15T17:06:25+00:00\",\"breadcrumb\":{\"@id\":\"https:\/\/www.educamaker.com.br\/portal\/produto\/plano-maker-premium-medicina-aulas-ao-vivo-aulas-ao-vivo-para-medicina\/#breadcrumb\"},\"inLanguage\":\"pt-BR\",\"potentialAction\":[{\"@type\":\"ReadAction\",\"target\":[\"https:\/\/www.educamaker.com.br\/portal\/produto\/plano-maker-premium-medicina-aulas-ao-vivo-aulas-ao-vivo-para-medicina\/\"]}]},{\"@type\":\"ImageObject\",\"inLanguage\":\"pt-BR\",\"@id\":\"https:\/\/www.educamaker.com.br\/portal\/produto\/plano-maker-premium-medicina-aulas-ao-vivo-aulas-ao-vivo-para-medicina\/#primaryimage\",\"url\":\"https:\/\/www.educamaker.com.br\/portal\/wp-content\/uploads\/2018\/12\/capa-plano-maker-premium-medicina.jpg\",\"contentUrl\":\"https:\/\/www.educamaker.com.br\/portal\/wp-content\/uploads\/2018\/12\/capa-plano-maker-premium-medicina.jpg\",\"width\":800,\"height\":1200},{\"@type\":\"BreadcrumbList\",\"@id\":\"https:\/\/www.educamaker.com.br\/portal\/produto\/plano-maker-premium-medicina-aulas-ao-vivo-aulas-ao-vivo-para-medicina\/#breadcrumb\",\"itemListElement\":[{\"@type\":\"ListItem\",\"position\":1,\"name\":\"In\u00edcio\",\"item\":\"https:\/\/www.educamaker.com.br\/portal\/\"},{\"@type\":\"ListItem\",\"position\":2,\"name\":\"Produtos\",\"item\":\"https:\/\/www.educamaker.com.br\/portal\/loja\/\"},{\"@type\":\"ListItem\",\"position\":3,\"name\":\"Plano Maker Premium Medicina: Aulas Ao Vivo + Aulas Ao Vivo para Medicina\"}]},{\"@type\":\"WebSite\",\"@id\":\"https:\/\/www.educamaker.com.br\/portal\/#website\",\"url\":\"https:\/\/www.educamaker.com.br\/portal\/\",\"name\":\"Cursinho Online Educamaker\",\"description\":\"Cursinho Online focado nos principais vestibulares e no ENEM\",\"publisher\":{\"@id\":\"https:\/\/www.educamaker.com.br\/portal\/#organization\"},\"potentialAction\":[{\"@type\":\"SearchAction\",\"target\":{\"@type\":\"EntryPoint\",\"urlTemplate\":\"https:\/\/www.educamaker.com.br\/portal\/?s={search_term_string}\"},\"query-input\":{\"@type\":\"PropertyValueSpecification\",\"valueRequired\":true,\"valueName\":\"search_term_string\"}}],\"inLanguage\":\"pt-BR\"},{\"@type\":\"Organization\",\"@id\":\"https:\/\/www.educamaker.com.br\/portal\/#organization\",\"name\":\"Educamaker\",\"url\":\"https:\/\/www.educamaker.com.br\/portal\/\",\"logo\":{\"@type\":\"ImageObject\",\"inLanguage\":\"pt-BR\",\"@id\":\"https:\/\/www.educamaker.com.br\/portal\/#\/schema\/logo\/image\/\",\"url\":\"https:\/\/www.educamaker.com.br\/portal\/wp-content\/uploads\/2018\/04\/Logo-Principal.png\",\"contentUrl\":\"https:\/\/www.educamaker.com.br\/portal\/wp-content\/uploads\/2018\/04\/Logo-Principal.png\",\"width\":1250,\"height\":834,\"caption\":\"Educamaker\"},\"image\":{\"@id\":\"https:\/\/www.educamaker.com.br\/portal\/#\/schema\/logo\/image\/\"},\"sameAs\":[\"https:\/\/facebook.com\/educamakerbr\",\"https:\/\/instagram.com\/educamaker\",\"https:\/\/www.youtube.com\/educamaker\"]}]}<\/script>\n<!-- \/ Yoast SEO plugin. -->","yoast_head_json":{"title":"Plano Maker Premium Medicina: Aulas Ao Vivo + Aulas Ao Vivo para Medicina - Cursinho Online Educamaker","robots":{"index":"noindex","follow":"follow","max-snippet":"max-snippet:-1","max-image-preview":"max-image-preview:large","max-video-preview":"max-video-preview:-1"},"twitter_card":"summary_large_image","twitter_title":"Plano Maker Premium Medicina: Aulas Ao Vivo + Aulas Ao Vivo para Medicina - Cursinho Online Educamaker","twitter_description":"Al\u00e9m das + de 1000 aulas com todo conte\u00fado do Ensino M\u00e9dio, voc\u00ea ter\u00e1 acesso a um cronograma de aulas Ao Vivo todos os dias + Aulas Ao Vivo 3 vezes na semana exclusivo para MEDICINA, milhares de exerc\u00edcios e in\u00fameros simulados.","twitter_image":"https:\/\/www.educamaker.com.br\/portal\/wp-content\/uploads\/2018\/12\/capa-plano-maker-premium-medicina.jpg","twitter_misc":{"Est. tempo de leitura":"1 minuto"},"schema":{"@context":"https:\/\/schema.org","@graph":[{"@type":"WebPage","@id":"https:\/\/www.educamaker.com.br\/portal\/produto\/plano-maker-premium-medicina-aulas-ao-vivo-aulas-ao-vivo-para-medicina\/","url":"https:\/\/www.educamaker.com.br\/portal\/produto\/plano-maker-premium-medicina-aulas-ao-vivo-aulas-ao-vivo-para-medicina\/","name":"Plano Maker Premium Medicina: Aulas Ao Vivo + Aulas Ao Vivo para Medicina - Cursinho Online Educamaker","isPartOf":{"@id":"https:\/\/www.educamaker.com.br\/portal\/#website"},"primaryImageOfPage":{"@id":"https:\/\/www.educamaker.com.br\/portal\/produto\/plano-maker-premium-medicina-aulas-ao-vivo-aulas-ao-vivo-para-medicina\/#primaryimage"},"image":{"@id":"https:\/\/www.educamaker.com.br\/portal\/produto\/plano-maker-premium-medicina-aulas-ao-vivo-aulas-ao-vivo-para-medicina\/#primaryimage"},"thumbnailUrl":"https:\/\/www.educamaker.com.br\/portal\/wp-content\/uploads\/2018\/12\/capa-plano-maker-premium-medicina.jpg","datePublished":"2018-12-05T14:10:23+00:00","dateModified":"2019-02-15T17:06:25+00:00","breadcrumb":{"@id":"https:\/\/www.educamaker.com.br\/portal\/produto\/plano-maker-premium-medicina-aulas-ao-vivo-aulas-ao-vivo-para-medicina\/#breadcrumb"},"inLanguage":"pt-BR","potentialAction":[{"@type":"ReadAction","target":["https:\/\/www.educamaker.com.br\/portal\/produto\/plano-maker-premium-medicina-aulas-ao-vivo-aulas-ao-vivo-para-medicina\/"]}]},{"@type":"ImageObject","inLanguage":"pt-BR","@id":"https:\/\/www.educamaker.com.br\/portal\/produto\/plano-maker-premium-medicina-aulas-ao-vivo-aulas-ao-vivo-para-medicina\/#primaryimage","url":"https:\/\/www.educamaker.com.br\/portal\/wp-content\/uploads\/2018\/12\/capa-plano-maker-premium-medicina.jpg","contentUrl":"https:\/\/www.educamaker.com.br\/portal\/wp-content\/uploads\/2018\/12\/capa-plano-maker-premium-medicina.jpg","width":800,"height":1200},{"@type":"BreadcrumbList","@id":"https:\/\/www.educamaker.com.br\/portal\/produto\/plano-maker-premium-medicina-aulas-ao-vivo-aulas-ao-vivo-para-medicina\/#breadcrumb","itemListElement":[{"@type":"ListItem","position":1,"name":"In\u00edcio","item":"https:\/\/www.educamaker.com.br\/portal\/"},{"@type":"ListItem","position":2,"name":"Produtos","item":"https:\/\/www.educamaker.com.br\/portal\/loja\/"},{"@type":"ListItem","position":3,"name":"Plano Maker Premium Medicina: Aulas Ao Vivo + Aulas Ao Vivo para Medicina"}]},{"@type":"WebSite","@id":"https:\/\/www.educamaker.com.br\/portal\/#website","url":"https:\/\/www.educamaker.com.br\/portal\/","name":"Cursinho Online Educamaker","description":"Cursinho Online focado nos principais vestibulares e no ENEM","publisher":{"@id":"https:\/\/www.educamaker.com.br\/portal\/#organization"},"potentialAction":[{"@type":"SearchAction","target":{"@type":"EntryPoint","urlTemplate":"https:\/\/www.educamaker.com.br\/portal\/?s={search_term_string}"},"query-input":{"@type":"PropertyValueSpecification","valueRequired":true,"valueName":"search_term_string"}}],"inLanguage":"pt-BR"},{"@type":"Organization","@id":"https:\/\/www.educamaker.com.br\/portal\/#organization","name":"Educamaker","url":"https:\/\/www.educamaker.com.br\/portal\/","logo":{"@type":"ImageObject","inLanguage":"pt-BR","@id":"https:\/\/www.educamaker.com.br\/portal\/#\/schema\/logo\/image\/","url":"https:\/\/www.educamaker.com.br\/portal\/wp-content\/uploads\/2018\/04\/Logo-Principal.png","contentUrl":"https:\/\/www.educamaker.com.br\/portal\/wp-content\/uploads\/2018\/04\/Logo-Principal.png","width":1250,"height":834,"caption":"Educamaker"},"image":{"@id":"https:\/\/www.educamaker.com.br\/portal\/#\/schema\/logo\/image\/"},"sameAs":["https:\/\/facebook.com\/educamakerbr","https:\/\/instagram.com\/educamaker","https:\/\/www.youtube.com\/educamaker"]}]}},"_links":{"self":[{"href":"https:\/\/www.educamaker.com.br\/portal\/wp-json\/wp\/v2\/product\/1933","targetHints":{"allow":["GET"]}}],"collection":[{"href":"https:\/\/www.educamaker.com.br\/portal\/wp-json\/wp\/v2\/product"}],"about":[{"href":"https:\/\/www.educamaker.com.br\/portal\/wp-json\/wp\/v2\/types\/product"}],"wp:featuredmedia":[{"embeddable":true,"href":"https:\/\/www.educamaker.com.br\/portal\/wp-json\/wp\/v2\/media\/1934"}],"wp:attachment":[{"href":"https:\/\/www.educamaker.com.br\/portal\/wp-json\/wp\/v2\/media?parent=1933"}],"wp:term":[{"taxonomy":"product_brand","embeddable":true,"href":"https:\/\/www.educamaker.com.br\/portal\/wp-json\/wp\/v2\/product_brand?post=1933"},{"taxonomy":"product_cat","embeddable":true,"href":"https:\/\/www.educamaker.com.br\/portal\/wp-json\/wp\/v2\/product_cat?post=1933"},{"taxonomy":"product_tag","embeddable":true,"href":"https:\/\/www.educamaker.com.br\/portal\/wp-json\/wp\/v2\/product_tag?post=1933"}],"curies":[{"name":"wp","href":"https:\/\/api.w.org\/{rel}","templated":true}]}}