{"id":1666,"date":"2018-09-12T15:45:25","date_gmt":"2018-09-12T18:45:25","guid":{"rendered":"https:\/\/www.educamaker.com.br\/portal\/?post_type=product&#038;p=1666"},"modified":"2019-06-05T16:22:34","modified_gmt":"2019-06-05T19:22:34","slug":"pacote-videoaulas-literatura-uel-2018-2019-tutoria-ao-vivo","status":"publish","type":"product","link":"https:\/\/www.educamaker.com.br\/portal\/produto\/pacote-videoaulas-literatura-uel-2018-2019-tutoria-ao-vivo\/","title":{"rendered":"Pacote Videoaulas Literatura UEL 2018\/2019 + Tutoria Ao Vivo"},"content":{"rendered":"<h5 style=\"text-align: center;\"><strong>Est\u00e1 sem tempo para ler os livros de literatura exigidos pela UEL? N\u00e3o consegue apreender lendo?<\/strong><br \/>\n<strong>Ent\u00e3o adquira agora esse Pacote e se prepare para o maior desafio de sua vida: A UEL!<\/strong><\/h5>\n<p>S\u00e3o 10 videoaulas, uma para cada obra de literatura exigido pelo vestibular da UEL em 2018\/2019, com o Professor Doutor Celso Pagnan. Formado pela UEL e com doutorado em Literatura Brasileira pela USP.<\/p>\n<p>T\u00edtulo das Obras:<\/p>\n<p>Barroco \u2013 Greg\u00f3rio de Matos<br \/>\nO dem\u00f4nio familiar \u2013 Jos\u00e9 de Alencar<br \/>\nAmor de Perdi\u00e7\u00e3o \u2013 Camilo Castelo Brancos<br \/>\nClara dos Anjos \u2013 Lima Barreto<br \/>\nAlguma poesia \u2013 Carlos Drummond de Andrade<br \/>\nA hora da Estrela \u2013 Clarice Lispector<br \/>\nVozes anoitecidas \u2013 Mia Couto<br \/>\nCom\u00e9dia para se ler na escola \u2013 Lu\u00eds Fernando Verissimo<br \/>\nO filho eterno \u2013 Cristov\u00e3oTezza<br \/>\n10. Quarenta dias \u2013 Maria Val\u00e9ria Vasconcelos Rezende<\/p>\n<p>E ainda tem mais!<\/p>\n<p>No dia 01\/12\/2018, \u00e0s 16h, o Professor Celso Pagnan, vai estar AO VIVO, atrav\u00e9s da Plataforma EducaMaker, tirando suas d\u00favidas sobre as obras liter\u00e1rias.<\/p>\n","protected":false},"excerpt":{"rendered":"<p>Curso com 10 videoaulas, uma para cada obra de literatura exigido pelo vestibular da UEL e Tutoria AO VIVO.<\/p>\n","protected":false},"featured_media":1670,"template":"","meta":[],"product_brand":[],"product_cat":[40,55,58],"product_tag":[],"class_list":{"0":"post-1666","1":"product","2":"type-product","3":"status-publish","4":"has-post-thumbnail","6":"product_cat-literatura","7":"product_cat-uel","8":"product_cat-videoaulas","10":"first","11":"instock","12":"sale","13":"shipping-taxable","14":"purchasable","15":"product-type-simple"},"yoast_head":"<!-- This site is optimized with the Yoast SEO plugin v27.2 - https:\/\/yoast.com\/product\/yoast-seo-wordpress\/ -->\n<title>Pacote Videoaulas Literatura UEL 2018\/2019 + Tutoria Ao Vivo -<\/title>\n<meta name=\"description\" content=\"Curso com 10 videoaulas, uma para cada obra de literatura exigido pelo vestibular da UEL em 2018\/2019, com o Professor Doutor Celso Pagnan.\" \/>\n<meta name=\"robots\" content=\"noindex, follow, max-snippet:-1, max-image-preview:large, max-video-preview:-1\" \/>\n<meta name=\"twitter:card\" content=\"summary_large_image\" \/>\n<meta name=\"twitter:title\" content=\"Pacote Videoaulas Literatura UEL 2018\/2019 + Tutoria Ao Vivo -\" \/>\n<meta name=\"twitter:description\" content=\"Curso com 10 videoaulas, uma para cada obra de literatura exigido pelo vestibular da UEL em 2018\/2019, com o Professor Doutor Celso Pagnan.\" \/>\n<meta name=\"twitter:image\" content=\"https:\/\/www.educamaker.com.br\/portal\/wp-content\/uploads\/2018\/09\/somente-aulas-uel.png\" \/>\n<meta name=\"twitter:label1\" content=\"Est. tempo de leitura\" \/>\n\t<meta name=\"twitter:data1\" content=\"1 minuto\" \/>\n<script type=\"application\/ld+json\" class=\"yoast-schema-graph\">{\"@context\":\"https:\/\/schema.org\",\"@graph\":[{\"@type\":\"WebPage\",\"@id\":\"https:\/\/www.educamaker.com.br\/portal\/produto\/pacote-videoaulas-literatura-uel-2018-2019-tutoria-ao-vivo\/\",\"url\":\"https:\/\/www.educamaker.com.br\/portal\/produto\/pacote-videoaulas-literatura-uel-2018-2019-tutoria-ao-vivo\/\",\"name\":\"Pacote Videoaulas Literatura UEL 2018\/2019 + Tutoria Ao Vivo -\",\"isPartOf\":{\"@id\":\"https:\/\/www.educamaker.com.br\/portal\/#website\"},\"primaryImageOfPage\":{\"@id\":\"https:\/\/www.educamaker.com.br\/portal\/produto\/pacote-videoaulas-literatura-uel-2018-2019-tutoria-ao-vivo\/#primaryimage\"},\"image\":{\"@id\":\"https:\/\/www.educamaker.com.br\/portal\/produto\/pacote-videoaulas-literatura-uel-2018-2019-tutoria-ao-vivo\/#primaryimage\"},\"thumbnailUrl\":\"https:\/\/www.educamaker.com.br\/portal\/wp-content\/uploads\/2018\/09\/somente-aulas-uel.png\",\"datePublished\":\"2018-09-12T18:45:25+00:00\",\"dateModified\":\"2019-06-05T19:22:34+00:00\",\"description\":\"Curso com 10 videoaulas, uma para cada obra de literatura exigido pelo vestibular da UEL em 2018\/2019, com o Professor Doutor Celso Pagnan.\",\"breadcrumb\":{\"@id\":\"https:\/\/www.educamaker.com.br\/portal\/produto\/pacote-videoaulas-literatura-uel-2018-2019-tutoria-ao-vivo\/#breadcrumb\"},\"inLanguage\":\"pt-BR\",\"potentialAction\":[{\"@type\":\"ReadAction\",\"target\":[\"https:\/\/www.educamaker.com.br\/portal\/produto\/pacote-videoaulas-literatura-uel-2018-2019-tutoria-ao-vivo\/\"]}]},{\"@type\":\"ImageObject\",\"inLanguage\":\"pt-BR\",\"@id\":\"https:\/\/www.educamaker.com.br\/portal\/produto\/pacote-videoaulas-literatura-uel-2018-2019-tutoria-ao-vivo\/#primaryimage\",\"url\":\"https:\/\/www.educamaker.com.br\/portal\/wp-content\/uploads\/2018\/09\/somente-aulas-uel.png\",\"contentUrl\":\"https:\/\/www.educamaker.com.br\/portal\/wp-content\/uploads\/2018\/09\/somente-aulas-uel.png\",\"width\":800,\"height\":1200},{\"@type\":\"BreadcrumbList\",\"@id\":\"https:\/\/www.educamaker.com.br\/portal\/produto\/pacote-videoaulas-literatura-uel-2018-2019-tutoria-ao-vivo\/#breadcrumb\",\"itemListElement\":[{\"@type\":\"ListItem\",\"position\":1,\"name\":\"In\u00edcio\",\"item\":\"https:\/\/www.educamaker.com.br\/portal\/\"},{\"@type\":\"ListItem\",\"position\":2,\"name\":\"Produtos\",\"item\":\"https:\/\/www.educamaker.com.br\/portal\/loja\/\"},{\"@type\":\"ListItem\",\"position\":3,\"name\":\"Pacote Videoaulas Literatura UEL 2018\/2019 + Tutoria Ao Vivo\"}]},{\"@type\":\"WebSite\",\"@id\":\"https:\/\/www.educamaker.com.br\/portal\/#website\",\"url\":\"https:\/\/www.educamaker.com.br\/portal\/\",\"name\":\"Cursinho Online Educamaker\",\"description\":\"Cursinho Online focado nos principais vestibulares e no ENEM\",\"publisher\":{\"@id\":\"https:\/\/www.educamaker.com.br\/portal\/#organization\"},\"potentialAction\":[{\"@type\":\"SearchAction\",\"target\":{\"@type\":\"EntryPoint\",\"urlTemplate\":\"https:\/\/www.educamaker.com.br\/portal\/?s={search_term_string}\"},\"query-input\":{\"@type\":\"PropertyValueSpecification\",\"valueRequired\":true,\"valueName\":\"search_term_string\"}}],\"inLanguage\":\"pt-BR\"},{\"@type\":\"Organization\",\"@id\":\"https:\/\/www.educamaker.com.br\/portal\/#organization\",\"name\":\"Educamaker\",\"url\":\"https:\/\/www.educamaker.com.br\/portal\/\",\"logo\":{\"@type\":\"ImageObject\",\"inLanguage\":\"pt-BR\",\"@id\":\"https:\/\/www.educamaker.com.br\/portal\/#\/schema\/logo\/image\/\",\"url\":\"https:\/\/www.educamaker.com.br\/portal\/wp-content\/uploads\/2018\/04\/Logo-Principal.png\",\"contentUrl\":\"https:\/\/www.educamaker.com.br\/portal\/wp-content\/uploads\/2018\/04\/Logo-Principal.png\",\"width\":1250,\"height\":834,\"caption\":\"Educamaker\"},\"image\":{\"@id\":\"https:\/\/www.educamaker.com.br\/portal\/#\/schema\/logo\/image\/\"},\"sameAs\":[\"https:\/\/facebook.com\/educamakerbr\",\"https:\/\/instagram.com\/educamaker\",\"https:\/\/www.youtube.com\/educamaker\"]}]}<\/script>\n<!-- \/ Yoast SEO plugin. -->","yoast_head_json":{"title":"Pacote Videoaulas Literatura UEL 2018\/2019 + Tutoria Ao Vivo -","description":"Curso com 10 videoaulas, uma para cada obra de literatura exigido pelo vestibular da UEL em 2018\/2019, com o Professor Doutor Celso Pagnan.","robots":{"index":"noindex","follow":"follow","max-snippet":"max-snippet:-1","max-image-preview":"max-image-preview:large","max-video-preview":"max-video-preview:-1"},"twitter_card":"summary_large_image","twitter_title":"Pacote Videoaulas Literatura UEL 2018\/2019 + Tutoria Ao Vivo -","twitter_description":"Curso com 10 videoaulas, uma para cada obra de literatura exigido pelo vestibular da UEL em 2018\/2019, com o Professor Doutor Celso Pagnan.","twitter_image":"https:\/\/www.educamaker.com.br\/portal\/wp-content\/uploads\/2018\/09\/somente-aulas-uel.png","twitter_misc":{"Est. tempo de leitura":"1 minuto"},"schema":{"@context":"https:\/\/schema.org","@graph":[{"@type":"WebPage","@id":"https:\/\/www.educamaker.com.br\/portal\/produto\/pacote-videoaulas-literatura-uel-2018-2019-tutoria-ao-vivo\/","url":"https:\/\/www.educamaker.com.br\/portal\/produto\/pacote-videoaulas-literatura-uel-2018-2019-tutoria-ao-vivo\/","name":"Pacote Videoaulas Literatura UEL 2018\/2019 + Tutoria Ao Vivo -","isPartOf":{"@id":"https:\/\/www.educamaker.com.br\/portal\/#website"},"primaryImageOfPage":{"@id":"https:\/\/www.educamaker.com.br\/portal\/produto\/pacote-videoaulas-literatura-uel-2018-2019-tutoria-ao-vivo\/#primaryimage"},"image":{"@id":"https:\/\/www.educamaker.com.br\/portal\/produto\/pacote-videoaulas-literatura-uel-2018-2019-tutoria-ao-vivo\/#primaryimage"},"thumbnailUrl":"https:\/\/www.educamaker.com.br\/portal\/wp-content\/uploads\/2018\/09\/somente-aulas-uel.png","datePublished":"2018-09-12T18:45:25+00:00","dateModified":"2019-06-05T19:22:34+00:00","description":"Curso com 10 videoaulas, uma para cada obra de literatura exigido pelo vestibular da UEL em 2018\/2019, com o Professor Doutor Celso Pagnan.","breadcrumb":{"@id":"https:\/\/www.educamaker.com.br\/portal\/produto\/pacote-videoaulas-literatura-uel-2018-2019-tutoria-ao-vivo\/#breadcrumb"},"inLanguage":"pt-BR","potentialAction":[{"@type":"ReadAction","target":["https:\/\/www.educamaker.com.br\/portal\/produto\/pacote-videoaulas-literatura-uel-2018-2019-tutoria-ao-vivo\/"]}]},{"@type":"ImageObject","inLanguage":"pt-BR","@id":"https:\/\/www.educamaker.com.br\/portal\/produto\/pacote-videoaulas-literatura-uel-2018-2019-tutoria-ao-vivo\/#primaryimage","url":"https:\/\/www.educamaker.com.br\/portal\/wp-content\/uploads\/2018\/09\/somente-aulas-uel.png","contentUrl":"https:\/\/www.educamaker.com.br\/portal\/wp-content\/uploads\/2018\/09\/somente-aulas-uel.png","width":800,"height":1200},{"@type":"BreadcrumbList","@id":"https:\/\/www.educamaker.com.br\/portal\/produto\/pacote-videoaulas-literatura-uel-2018-2019-tutoria-ao-vivo\/#breadcrumb","itemListElement":[{"@type":"ListItem","position":1,"name":"In\u00edcio","item":"https:\/\/www.educamaker.com.br\/portal\/"},{"@type":"ListItem","position":2,"name":"Produtos","item":"https:\/\/www.educamaker.com.br\/portal\/loja\/"},{"@type":"ListItem","position":3,"name":"Pacote Videoaulas Literatura UEL 2018\/2019 + Tutoria Ao Vivo"}]},{"@type":"WebSite","@id":"https:\/\/www.educamaker.com.br\/portal\/#website","url":"https:\/\/www.educamaker.com.br\/portal\/","name":"Cursinho Online Educamaker","description":"Cursinho Online focado nos principais vestibulares e no ENEM","publisher":{"@id":"https:\/\/www.educamaker.com.br\/portal\/#organization"},"potentialAction":[{"@type":"SearchAction","target":{"@type":"EntryPoint","urlTemplate":"https:\/\/www.educamaker.com.br\/portal\/?s={search_term_string}"},"query-input":{"@type":"PropertyValueSpecification","valueRequired":true,"valueName":"search_term_string"}}],"inLanguage":"pt-BR"},{"@type":"Organization","@id":"https:\/\/www.educamaker.com.br\/portal\/#organization","name":"Educamaker","url":"https:\/\/www.educamaker.com.br\/portal\/","logo":{"@type":"ImageObject","inLanguage":"pt-BR","@id":"https:\/\/www.educamaker.com.br\/portal\/#\/schema\/logo\/image\/","url":"https:\/\/www.educamaker.com.br\/portal\/wp-content\/uploads\/2018\/04\/Logo-Principal.png","contentUrl":"https:\/\/www.educamaker.com.br\/portal\/wp-content\/uploads\/2018\/04\/Logo-Principal.png","width":1250,"height":834,"caption":"Educamaker"},"image":{"@id":"https:\/\/www.educamaker.com.br\/portal\/#\/schema\/logo\/image\/"},"sameAs":["https:\/\/facebook.com\/educamakerbr","https:\/\/instagram.com\/educamaker","https:\/\/www.youtube.com\/educamaker"]}]}},"_links":{"self":[{"href":"https:\/\/www.educamaker.com.br\/portal\/wp-json\/wp\/v2\/product\/1666","targetHints":{"allow":["GET"]}}],"collection":[{"href":"https:\/\/www.educamaker.com.br\/portal\/wp-json\/wp\/v2\/product"}],"about":[{"href":"https:\/\/www.educamaker.com.br\/portal\/wp-json\/wp\/v2\/types\/product"}],"wp:featuredmedia":[{"embeddable":true,"href":"https:\/\/www.educamaker.com.br\/portal\/wp-json\/wp\/v2\/media\/1670"}],"wp:attachment":[{"href":"https:\/\/www.educamaker.com.br\/portal\/wp-json\/wp\/v2\/media?parent=1666"}],"wp:term":[{"taxonomy":"product_brand","embeddable":true,"href":"https:\/\/www.educamaker.com.br\/portal\/wp-json\/wp\/v2\/product_brand?post=1666"},{"taxonomy":"product_cat","embeddable":true,"href":"https:\/\/www.educamaker.com.br\/portal\/wp-json\/wp\/v2\/product_cat?post=1666"},{"taxonomy":"product_tag","embeddable":true,"href":"https:\/\/www.educamaker.com.br\/portal\/wp-json\/wp\/v2\/product_tag?post=1666"}],"curies":[{"name":"wp","href":"https:\/\/api.w.org\/{rel}","templated":true}]}}