{"id":1645,"date":"2018-09-12T14:38:10","date_gmt":"2018-09-12T17:38:10","guid":{"rendered":"https:\/\/www.educamaker.com.br\/portal\/?post_type=product&#038;p=1645"},"modified":"2019-04-02T18:16:31","modified_gmt":"2019-04-02T21:16:31","slug":"livro-maker-literatura-uel-2018-2019-resumos-atividades","status":"publish","type":"product","link":"https:\/\/www.educamaker.com.br\/portal\/produto\/livro-maker-literatura-uel-2018-2019-resumos-atividades\/","title":{"rendered":"Livro Maker Literatura UEL 2018\/2019 &#8211; Resumos + Atividades"},"content":{"rendered":"<h6 style=\"text-align: center;\"><strong>Est\u00e1 sem tempo de se preparar para o vestibular da UEL?<\/strong><\/h6>\n<h6 style=\"text-align: center;\"><strong>Se prepare para o Vestibular da UEL com quem mais entende de concursos no pa\u00eds.<\/strong><\/h6>\n<p>As 10 obras de literatura exigidas pelo vestibular da UEL em 2018 foram resumidas, comentadas e inserido uma lista de exerc\u00edcios para cada uma das obras, pelo Professor Doutor Celso Pagnan. N\u00e3o perca mais tempo.<\/p>\n<p>Quais s\u00e3o as obras?<\/p>\n<ol>\n<li>Barroco \u2013 Greg\u00f3rio de Matos<\/li>\n<li>O dem\u00f4nio familiar \u2013 Jos\u00e9 de Alencar<\/li>\n<li>Amor de Perdi\u00e7\u00e3o \u2013 Camilo Castelo Brancos<\/li>\n<li>Clara dos Anjos \u2013 Lima Barreto<\/li>\n<li>Alguma poesia \u2013 Carlos Drummond de Andrade<\/li>\n<li>A hora da Estrela \u2013 Clarice Lispector<\/li>\n<li>Vozes anoitecidas \u2013 Mia Couto<\/li>\n<li>Com\u00e9dia para se ler na escola \u2013 Lu\u00eds Fernando Verissimo<\/li>\n<li>O filho eterno \u2013 Cristov\u00e3oTezza<\/li>\n<li>10. Quarenta dias \u2013 Maria Val\u00e9ria Vasconcelos Rezende<\/li>\n<\/ol>\n<p>Adquira seu livro agora!!! O \u00fanico livro dessa categoria com ISBN que voc\u00ea ir\u00e1 encontrar.<\/p>\n<p>ISBN: 978-85-8396-118-5<\/p>\n<p>P\u00e1ginas: 126<\/p>\n<p>Peso: 150 g<\/p>\n<p>&nbsp;<\/p>\n","protected":false},"excerpt":{"rendered":"<p>10 Obras comentadas e mais lista de exerc\u00edcios para cada uma das obras.<\/p>\n<h6 style=\"text-align: center;\"><span style=\"color: #0000ff;\"><strong>Entrega em at\u00e9 72 horas \u00fateis para as cidades: Londrina, Camb\u00e9, Rol\u00e2ndia e Ibipor\u00e3.<\/strong><\/span><\/h6>\n","protected":false},"featured_media":1459,"template":"","meta":[],"product_brand":[],"product_cat":[24,40,55,32],"product_tag":[],"class_list":{"0":"post-1645","1":"product","2":"type-product","3":"status-publish","4":"has-post-thumbnail","6":"product_cat-apostilas","7":"product_cat-literatura","8":"product_cat-uel","9":"product_cat-vestibular","10":"product_shipping_class-apostilas","12":"first","13":"instock","14":"sale","15":"shipping-taxable","16":"purchasable","17":"product-type-simple"},"yoast_head":"<!-- This site is optimized with the Yoast SEO plugin v27.2 - https:\/\/yoast.com\/product\/yoast-seo-wordpress\/ -->\n<title>Livro Maker Literatura UEL 2018\/2019 - Resumos + Atividades - Cursinho Online Educamaker<\/title>\n<meta name=\"robots\" content=\"noindex, follow, max-snippet:-1, max-image-preview:large, max-video-preview:-1\" \/>\n<meta name=\"twitter:card\" content=\"summary_large_image\" \/>\n<meta name=\"twitter:title\" content=\"Livro Maker Literatura UEL 2018\/2019 - Resumos + Atividades - Cursinho Online Educamaker\" \/>\n<meta name=\"twitter:description\" content=\"10 Obras comentadas e mais lista de exerc\u00edcios para cada uma das obras. Entrega em at\u00e9 72 horas \u00fateis para as cidades: Londrina, Camb\u00e9, Rol\u00e2ndia e Ibipor\u00e3.\" \/>\n<meta name=\"twitter:image\" content=\"https:\/\/www.educamaker.com.br\/portal\/wp-content\/uploads\/2018\/08\/makerliteratura-uel-2.png\" \/>\n<meta name=\"twitter:label1\" content=\"Est. tempo de leitura\" \/>\n\t<meta name=\"twitter:data1\" content=\"1 minuto\" \/>\n<script type=\"application\/ld+json\" class=\"yoast-schema-graph\">{\"@context\":\"https:\/\/schema.org\",\"@graph\":[{\"@type\":\"WebPage\",\"@id\":\"https:\/\/www.educamaker.com.br\/portal\/produto\/livro-maker-literatura-uel-2018-2019-resumos-atividades\/\",\"url\":\"https:\/\/www.educamaker.com.br\/portal\/produto\/livro-maker-literatura-uel-2018-2019-resumos-atividades\/\",\"name\":\"Livro Maker Literatura UEL 2018\/2019 - Resumos + Atividades - Cursinho Online Educamaker\",\"isPartOf\":{\"@id\":\"https:\/\/www.educamaker.com.br\/portal\/#website\"},\"primaryImageOfPage\":{\"@id\":\"https:\/\/www.educamaker.com.br\/portal\/produto\/livro-maker-literatura-uel-2018-2019-resumos-atividades\/#primaryimage\"},\"image\":{\"@id\":\"https:\/\/www.educamaker.com.br\/portal\/produto\/livro-maker-literatura-uel-2018-2019-resumos-atividades\/#primaryimage\"},\"thumbnailUrl\":\"https:\/\/www.educamaker.com.br\/portal\/wp-content\/uploads\/2018\/08\/makerliteratura-uel-2.png\",\"datePublished\":\"2018-09-12T17:38:10+00:00\",\"dateModified\":\"2019-04-02T21:16:31+00:00\",\"breadcrumb\":{\"@id\":\"https:\/\/www.educamaker.com.br\/portal\/produto\/livro-maker-literatura-uel-2018-2019-resumos-atividades\/#breadcrumb\"},\"inLanguage\":\"pt-BR\",\"potentialAction\":[{\"@type\":\"ReadAction\",\"target\":[\"https:\/\/www.educamaker.com.br\/portal\/produto\/livro-maker-literatura-uel-2018-2019-resumos-atividades\/\"]}]},{\"@type\":\"ImageObject\",\"inLanguage\":\"pt-BR\",\"@id\":\"https:\/\/www.educamaker.com.br\/portal\/produto\/livro-maker-literatura-uel-2018-2019-resumos-atividades\/#primaryimage\",\"url\":\"https:\/\/www.educamaker.com.br\/portal\/wp-content\/uploads\/2018\/08\/makerliteratura-uel-2.png\",\"contentUrl\":\"https:\/\/www.educamaker.com.br\/portal\/wp-content\/uploads\/2018\/08\/makerliteratura-uel-2.png\",\"width\":265,\"height\":397},{\"@type\":\"BreadcrumbList\",\"@id\":\"https:\/\/www.educamaker.com.br\/portal\/produto\/livro-maker-literatura-uel-2018-2019-resumos-atividades\/#breadcrumb\",\"itemListElement\":[{\"@type\":\"ListItem\",\"position\":1,\"name\":\"In\u00edcio\",\"item\":\"https:\/\/www.educamaker.com.br\/portal\/\"},{\"@type\":\"ListItem\",\"position\":2,\"name\":\"Produtos\",\"item\":\"https:\/\/www.educamaker.com.br\/portal\/loja\/\"},{\"@type\":\"ListItem\",\"position\":3,\"name\":\"Livro Maker Literatura UEL 2018\/2019 &#8211; Resumos + Atividades\"}]},{\"@type\":\"WebSite\",\"@id\":\"https:\/\/www.educamaker.com.br\/portal\/#website\",\"url\":\"https:\/\/www.educamaker.com.br\/portal\/\",\"name\":\"Cursinho Online Educamaker\",\"description\":\"Cursinho Online focado nos principais vestibulares e no ENEM\",\"publisher\":{\"@id\":\"https:\/\/www.educamaker.com.br\/portal\/#organization\"},\"potentialAction\":[{\"@type\":\"SearchAction\",\"target\":{\"@type\":\"EntryPoint\",\"urlTemplate\":\"https:\/\/www.educamaker.com.br\/portal\/?s={search_term_string}\"},\"query-input\":{\"@type\":\"PropertyValueSpecification\",\"valueRequired\":true,\"valueName\":\"search_term_string\"}}],\"inLanguage\":\"pt-BR\"},{\"@type\":\"Organization\",\"@id\":\"https:\/\/www.educamaker.com.br\/portal\/#organization\",\"name\":\"Educamaker\",\"url\":\"https:\/\/www.educamaker.com.br\/portal\/\",\"logo\":{\"@type\":\"ImageObject\",\"inLanguage\":\"pt-BR\",\"@id\":\"https:\/\/www.educamaker.com.br\/portal\/#\/schema\/logo\/image\/\",\"url\":\"https:\/\/www.educamaker.com.br\/portal\/wp-content\/uploads\/2018\/04\/Logo-Principal.png\",\"contentUrl\":\"https:\/\/www.educamaker.com.br\/portal\/wp-content\/uploads\/2018\/04\/Logo-Principal.png\",\"width\":1250,\"height\":834,\"caption\":\"Educamaker\"},\"image\":{\"@id\":\"https:\/\/www.educamaker.com.br\/portal\/#\/schema\/logo\/image\/\"},\"sameAs\":[\"https:\/\/facebook.com\/educamakerbr\",\"https:\/\/instagram.com\/educamaker\",\"https:\/\/www.youtube.com\/educamaker\"]}]}<\/script>\n<!-- \/ Yoast SEO plugin. -->","yoast_head_json":{"title":"Livro Maker Literatura UEL 2018\/2019 - Resumos + Atividades - Cursinho Online Educamaker","robots":{"index":"noindex","follow":"follow","max-snippet":"max-snippet:-1","max-image-preview":"max-image-preview:large","max-video-preview":"max-video-preview:-1"},"twitter_card":"summary_large_image","twitter_title":"Livro Maker Literatura UEL 2018\/2019 - Resumos + Atividades - Cursinho Online Educamaker","twitter_description":"10 Obras comentadas e mais lista de exerc\u00edcios para cada uma das obras. Entrega em at\u00e9 72 horas \u00fateis para as cidades: Londrina, Camb\u00e9, Rol\u00e2ndia e Ibipor\u00e3.","twitter_image":"https:\/\/www.educamaker.com.br\/portal\/wp-content\/uploads\/2018\/08\/makerliteratura-uel-2.png","twitter_misc":{"Est. tempo de leitura":"1 minuto"},"schema":{"@context":"https:\/\/schema.org","@graph":[{"@type":"WebPage","@id":"https:\/\/www.educamaker.com.br\/portal\/produto\/livro-maker-literatura-uel-2018-2019-resumos-atividades\/","url":"https:\/\/www.educamaker.com.br\/portal\/produto\/livro-maker-literatura-uel-2018-2019-resumos-atividades\/","name":"Livro Maker Literatura UEL 2018\/2019 - Resumos + Atividades - Cursinho Online Educamaker","isPartOf":{"@id":"https:\/\/www.educamaker.com.br\/portal\/#website"},"primaryImageOfPage":{"@id":"https:\/\/www.educamaker.com.br\/portal\/produto\/livro-maker-literatura-uel-2018-2019-resumos-atividades\/#primaryimage"},"image":{"@id":"https:\/\/www.educamaker.com.br\/portal\/produto\/livro-maker-literatura-uel-2018-2019-resumos-atividades\/#primaryimage"},"thumbnailUrl":"https:\/\/www.educamaker.com.br\/portal\/wp-content\/uploads\/2018\/08\/makerliteratura-uel-2.png","datePublished":"2018-09-12T17:38:10+00:00","dateModified":"2019-04-02T21:16:31+00:00","breadcrumb":{"@id":"https:\/\/www.educamaker.com.br\/portal\/produto\/livro-maker-literatura-uel-2018-2019-resumos-atividades\/#breadcrumb"},"inLanguage":"pt-BR","potentialAction":[{"@type":"ReadAction","target":["https:\/\/www.educamaker.com.br\/portal\/produto\/livro-maker-literatura-uel-2018-2019-resumos-atividades\/"]}]},{"@type":"ImageObject","inLanguage":"pt-BR","@id":"https:\/\/www.educamaker.com.br\/portal\/produto\/livro-maker-literatura-uel-2018-2019-resumos-atividades\/#primaryimage","url":"https:\/\/www.educamaker.com.br\/portal\/wp-content\/uploads\/2018\/08\/makerliteratura-uel-2.png","contentUrl":"https:\/\/www.educamaker.com.br\/portal\/wp-content\/uploads\/2018\/08\/makerliteratura-uel-2.png","width":265,"height":397},{"@type":"BreadcrumbList","@id":"https:\/\/www.educamaker.com.br\/portal\/produto\/livro-maker-literatura-uel-2018-2019-resumos-atividades\/#breadcrumb","itemListElement":[{"@type":"ListItem","position":1,"name":"In\u00edcio","item":"https:\/\/www.educamaker.com.br\/portal\/"},{"@type":"ListItem","position":2,"name":"Produtos","item":"https:\/\/www.educamaker.com.br\/portal\/loja\/"},{"@type":"ListItem","position":3,"name":"Livro Maker Literatura UEL 2018\/2019 &#8211; Resumos + Atividades"}]},{"@type":"WebSite","@id":"https:\/\/www.educamaker.com.br\/portal\/#website","url":"https:\/\/www.educamaker.com.br\/portal\/","name":"Cursinho Online Educamaker","description":"Cursinho Online focado nos principais vestibulares e no ENEM","publisher":{"@id":"https:\/\/www.educamaker.com.br\/portal\/#organization"},"potentialAction":[{"@type":"SearchAction","target":{"@type":"EntryPoint","urlTemplate":"https:\/\/www.educamaker.com.br\/portal\/?s={search_term_string}"},"query-input":{"@type":"PropertyValueSpecification","valueRequired":true,"valueName":"search_term_string"}}],"inLanguage":"pt-BR"},{"@type":"Organization","@id":"https:\/\/www.educamaker.com.br\/portal\/#organization","name":"Educamaker","url":"https:\/\/www.educamaker.com.br\/portal\/","logo":{"@type":"ImageObject","inLanguage":"pt-BR","@id":"https:\/\/www.educamaker.com.br\/portal\/#\/schema\/logo\/image\/","url":"https:\/\/www.educamaker.com.br\/portal\/wp-content\/uploads\/2018\/04\/Logo-Principal.png","contentUrl":"https:\/\/www.educamaker.com.br\/portal\/wp-content\/uploads\/2018\/04\/Logo-Principal.png","width":1250,"height":834,"caption":"Educamaker"},"image":{"@id":"https:\/\/www.educamaker.com.br\/portal\/#\/schema\/logo\/image\/"},"sameAs":["https:\/\/facebook.com\/educamakerbr","https:\/\/instagram.com\/educamaker","https:\/\/www.youtube.com\/educamaker"]}]}},"_links":{"self":[{"href":"https:\/\/www.educamaker.com.br\/portal\/wp-json\/wp\/v2\/product\/1645","targetHints":{"allow":["GET"]}}],"collection":[{"href":"https:\/\/www.educamaker.com.br\/portal\/wp-json\/wp\/v2\/product"}],"about":[{"href":"https:\/\/www.educamaker.com.br\/portal\/wp-json\/wp\/v2\/types\/product"}],"wp:featuredmedia":[{"embeddable":true,"href":"https:\/\/www.educamaker.com.br\/portal\/wp-json\/wp\/v2\/media\/1459"}],"wp:attachment":[{"href":"https:\/\/www.educamaker.com.br\/portal\/wp-json\/wp\/v2\/media?parent=1645"}],"wp:term":[{"taxonomy":"product_brand","embeddable":true,"href":"https:\/\/www.educamaker.com.br\/portal\/wp-json\/wp\/v2\/product_brand?post=1645"},{"taxonomy":"product_cat","embeddable":true,"href":"https:\/\/www.educamaker.com.br\/portal\/wp-json\/wp\/v2\/product_cat?post=1645"},{"taxonomy":"product_tag","embeddable":true,"href":"https:\/\/www.educamaker.com.br\/portal\/wp-json\/wp\/v2\/product_tag?post=1645"}],"curies":[{"name":"wp","href":"https:\/\/api.w.org\/{rel}","templated":true}]}}