{"id":3388,"date":"2019-01-25T09:26:15","date_gmt":"2019-01-25T12:26:15","guid":{"rendered":"https:\/\/www.educamaker.com.br\/portal\/?page_id=3388"},"modified":"2019-01-25T14:02:06","modified_gmt":"2019-01-25T17:02:06","slug":"tutorial-adote-um-aluno","status":"publish","type":"page","link":"https:\/\/www.educamaker.com.br\/portal\/tutorial-adote-um-aluno\/","title":{"rendered":"Tutorial Adote um Aluno"},"content":{"rendered":"<h2>PROGRAMA ADOTE UM ALUNO<\/h2>\n<h2>O que acontece ap\u00f3s a ado\u00e7\u00e3o?<\/h2>\n<h2>1<\/h2>\n<h2>N\u00f3s cadastramos os padrinhos<\/h2>\n<p>Ap\u00f3s receber a confirma\u00e7\u00e3o do pagamento, vamos criar um perfil exclusivo com um acesso a \u00c1rea do Padrinho e encaminhar em seu e-mail.<\/p>\n<h2>2<\/h2>\n<h2>Voc\u00ea acessa nossa plataforma<\/h2>\n<p>Ao acessar ir\u00e1 aparecer um bot\u00e3o exclusivo para voc\u00ea ter acesso a \u00c1rea do Padrinho.<\/p>\n<p>\t\t\t\t\t\t\t\t\t\t<img loading=\"lazy\" decoding=\"async\" width=\"750\" height=\"385\" src=\"https:\/\/www.educamaker.com.br\/portal\/wp-content\/uploads\/2019\/01\/saiba-mais-um.png\" alt=\"\" srcset=\"https:\/\/www.educamaker.com.br\/portal\/wp-content\/uploads\/2019\/01\/saiba-mais-um.png 760w, https:\/\/www.educamaker.com.br\/portal\/wp-content\/uploads\/2019\/01\/saiba-mais-um-300x154.png 300w, https:\/\/www.educamaker.com.br\/portal\/wp-content\/uploads\/2019\/01\/saiba-mais-um-600x308.png 600w\" sizes=\"auto, (max-width: 750px) 100vw, 750px\" \/>\t\t\t\t\t\t\t\t\t\t\t<\/p>\n<h2>3<\/h2>\n<h2>Voc\u00ea escolhe como adotar!<\/h2>\n<p>Agora voc\u00ea j\u00e1 pode escolher se quer indicar os alunos para ado\u00e7\u00e3o ou se prefere que a EducaMaker fa\u00e7a isso atrav\u00e9s de institui\u00e7\u00f5es parceiras.<\/p>\n<p>\t\t\t\t\t\t\t\t\t\t<img loading=\"lazy\" decoding=\"async\" width=\"750\" height=\"385\" src=\"https:\/\/www.educamaker.com.br\/portal\/wp-content\/uploads\/2019\/01\/saiba-mais-dois-1.png\" alt=\"\" srcset=\"https:\/\/www.educamaker.com.br\/portal\/wp-content\/uploads\/2019\/01\/saiba-mais-dois-1.png 760w, https:\/\/www.educamaker.com.br\/portal\/wp-content\/uploads\/2019\/01\/saiba-mais-dois-1-300x154.png 300w, https:\/\/www.educamaker.com.br\/portal\/wp-content\/uploads\/2019\/01\/saiba-mais-dois-1-600x308.png 600w\" sizes=\"auto, (max-width: 750px) 100vw, 750px\" \/>\t\t\t\t\t\t\t\t\t\t\t<\/p>\n<h2>4<\/h2>\n<h2>Acompanhe o desempenho<\/h2>\n<p>Na \u00c1rea do Padrinho voc\u00ea pode acessar quando quiser e acompanhar o desempenho de suas ado\u00e7\u00f5es.<\/p>\n<p>\t\t\t\t\t\t\t\t\t\t<img loading=\"lazy\" decoding=\"async\" width=\"750\" height=\"385\" src=\"https:\/\/www.educamaker.com.br\/portal\/wp-content\/uploads\/2019\/01\/saiba-mais-dtres-1.png\" alt=\"\" srcset=\"https:\/\/www.educamaker.com.br\/portal\/wp-content\/uploads\/2019\/01\/saiba-mais-dtres-1.png 760w, https:\/\/www.educamaker.com.br\/portal\/wp-content\/uploads\/2019\/01\/saiba-mais-dtres-1-300x154.png 300w, https:\/\/www.educamaker.com.br\/portal\/wp-content\/uploads\/2019\/01\/saiba-mais-dtres-1-600x308.png 600w\" sizes=\"auto, (max-width: 750px) 100vw, 750px\" \/><br \/>\n\t\t\t<a href=\"https:\/\/www.educamaker.com.br\/portal\/produto\/programa-adote-um-aluno-2019\/\" role=\"button\"><br \/>\n\t\t\t\t\t\tAdotar Agora!<br \/>\n\t\t\t\t\t<\/a><br \/>\n\t\t\t<a href=\"https:\/\/www.educamaker.com.br\/portal\/programa-adote-um-aluno\/\" role=\"button\"><br \/>\n\t\t\t\t\t\tPrograma Adote<br \/>\n\t\t\t\t\t<\/a><\/p>\n<p><strong>Ainda est\u00e1 com d\u00favidas?<\/strong><\/p>\n<p><strong>Contate-nos&#8230;<\/strong><\/p>\n<p><strong>Rua Kozen Igue, 300 &#8211; Granville Parque Res.<\/strong><\/p>\n<p><strong>Cep: 86047-220 &#8211; Londrina &#8211; Paran\u00e1<\/strong><\/p>\n<p><strong>Fone: +55 (43) 3343-3744<\/strong><\/p>\n<p><strong>E-mail: contato@educamaker.com.br<\/strong><\/p>\n\n<div class=\"wpcf7 no-js\" id=\"wpcf7-f574-o1\" lang=\"pt-BR\" dir=\"ltr\" data-wpcf7-id=\"574\">\n<div class=\"screen-reader-response\"><p role=\"status\" aria-live=\"polite\" aria-atomic=\"true\"><\/p> <ul><\/ul><\/div>\n<form action=\"\/portal\/wp-json\/wp\/v2\/pages\/3388#wpcf7-f574-o1\" method=\"post\" class=\"wpcf7-form init\" aria-label=\"Formul\u00e1rios de contato\" novalidate=\"novalidate\" data-status=\"init\">\n<div style=\"display: none;\">\n<input type=\"hidden\" name=\"_wpcf7\" value=\"574\" \/>\n<input type=\"hidden\" name=\"_wpcf7_version\" value=\"6.0.6\" \/>\n<input type=\"hidden\" name=\"_wpcf7_locale\" value=\"pt_BR\" \/>\n<input type=\"hidden\" name=\"_wpcf7_unit_tag\" value=\"wpcf7-f574-o1\" \/>\n<input type=\"hidden\" name=\"_wpcf7_container_post\" value=\"0\" \/>\n<input type=\"hidden\" name=\"_wpcf7_posted_data_hash\" value=\"\" \/>\n<\/div>\n<p><label>* Nome<br \/>\n<span class=\"wpcf7-form-control-wrap\" data-name=\"your-name\"><input size=\"40\" maxlength=\"400\" class=\"wpcf7-form-control wpcf7-text wpcf7-validates-as-required\" aria-required=\"true\" aria-invalid=\"false\" value=\"\" type=\"text\" name=\"your-name\" \/><\/span> <\/label>\n<\/p>\n<p><label>* E-mail<br \/>\n<span class=\"wpcf7-form-control-wrap\" data-name=\"your-email\"><input size=\"40\" maxlength=\"400\" class=\"wpcf7-form-control wpcf7-email wpcf7-validates-as-required wpcf7-text wpcf7-validates-as-email\" aria-required=\"true\" aria-invalid=\"false\" value=\"\" type=\"email\" name=\"your-email\" \/><\/span> <\/label><br \/>\n<label>Telefone<br \/>\n<span class=\"wpcf7-form-control-wrap\" data-name=\"phone\"><input size=\"40\" maxlength=\"400\" class=\"wpcf7-form-control wpcf7-tel wpcf7-text wpcf7-validates-as-tel\" aria-invalid=\"false\" value=\"\" type=\"tel\" name=\"phone\" \/><\/span> <\/label><br \/>\n<label>Deixe seu recado.<br \/>\n<span class=\"wpcf7-form-control-wrap\" data-name=\"Deixeseurecado_\"><textarea cols=\"40\" rows=\"10\" maxlength=\"2000\" class=\"wpcf7-form-control wpcf7-textarea\" aria-invalid=\"false\" name=\"Deixeseurecado_\"><\/textarea><\/span> <\/label>\n<\/p>\n<p><input class=\"wpcf7-form-control wpcf7-submit has-spinner\" type=\"submit\" value=\"Enviar\" \/>\n<\/p><div class=\"wpcf7-response-output\" aria-hidden=\"true\"><\/div>\n<\/form>\n<\/div>\n\n","protected":false},"excerpt":{"rendered":"<p>PROGRAMA ADOTE UM ALUNO O que acontece ap\u00f3s a ado\u00e7\u00e3o? 1 N\u00f3s cadastramos os padrinhos Ap\u00f3s receber a confirma\u00e7\u00e3o do pagamento, vamos criar um perfil exclusivo com um acesso a \u00c1rea do Padrinho e encaminhar em seu e-mail. 2 Voc\u00ea acessa nossa plataforma Ao acessar ir\u00e1 aparecer um bot\u00e3o exclusivo [&hellip;]<\/p>\n","protected":false},"author":11,"featured_media":0,"parent":0,"menu_order":0,"comment_status":"closed","ping_status":"closed","template":"elementor_header_footer","meta":{"footnotes":""},"class_list":["post-3388","page","type-page","status-publish","hentry"],"yoast_head":"<!-- This site is optimized with the Yoast SEO plugin v27.2 - https:\/\/yoast.com\/product\/yoast-seo-wordpress\/ -->\n<title>Tutorial Adote um Aluno - Cursinho Online Educamaker<\/title>\n<meta name=\"robots\" content=\"noindex, follow, max-snippet:-1, max-image-preview:large, max-video-preview:-1\" \/>\n<meta name=\"twitter:card\" content=\"summary_large_image\" \/>\n<meta name=\"twitter:title\" content=\"Tutorial Adote um Aluno - Cursinho Online Educamaker\" \/>\n<meta name=\"twitter:description\" content=\"PROGRAMA ADOTE UM ALUNO O que acontece ap\u00f3s a ado\u00e7\u00e3o? 1 N\u00f3s cadastramos os padrinhos Ap\u00f3s receber a confirma\u00e7\u00e3o do pagamento, vamos criar um perfil exclusivo com um acesso a \u00c1rea do Padrinho e encaminhar em seu e-mail. 2 Voc\u00ea acessa nossa plataforma Ao acessar ir\u00e1 aparecer um bot\u00e3o exclusivo [&hellip;]\" \/>\n<meta name=\"twitter:image\" content=\"https:\/\/www.educamaker.com.br\/portal\/wp-content\/uploads\/2019\/01\/saiba-mais-um.png\" \/>\n<meta name=\"twitter:label1\" content=\"Est. tempo de leitura\" \/>\n\t<meta name=\"twitter:data1\" content=\"1 minuto\" \/>\n<script type=\"application\/ld+json\" class=\"yoast-schema-graph\">{\"@context\":\"https:\/\/schema.org\",\"@graph\":[{\"@type\":\"WebPage\",\"@id\":\"https:\/\/www.educamaker.com.br\/portal\/tutorial-adote-um-aluno\/\",\"url\":\"https:\/\/www.educamaker.com.br\/portal\/tutorial-adote-um-aluno\/\",\"name\":\"Tutorial Adote um Aluno - Cursinho Online Educamaker\",\"isPartOf\":{\"@id\":\"https:\/\/www.educamaker.com.br\/portal\/#website\"},\"primaryImageOfPage\":{\"@id\":\"https:\/\/www.educamaker.com.br\/portal\/tutorial-adote-um-aluno\/#primaryimage\"},\"image\":{\"@id\":\"https:\/\/www.educamaker.com.br\/portal\/tutorial-adote-um-aluno\/#primaryimage\"},\"thumbnailUrl\":\"https:\/\/www.educamaker.com.br\/portal\/wp-content\/uploads\/2019\/01\/saiba-mais-um.png\",\"datePublished\":\"2019-01-25T12:26:15+00:00\",\"dateModified\":\"2019-01-25T17:02:06+00:00\",\"breadcrumb\":{\"@id\":\"https:\/\/www.educamaker.com.br\/portal\/tutorial-adote-um-aluno\/#breadcrumb\"},\"inLanguage\":\"pt-BR\",\"potentialAction\":[{\"@type\":\"ReadAction\",\"target\":[\"https:\/\/www.educamaker.com.br\/portal\/tutorial-adote-um-aluno\/\"]}]},{\"@type\":\"ImageObject\",\"inLanguage\":\"pt-BR\",\"@id\":\"https:\/\/www.educamaker.com.br\/portal\/tutorial-adote-um-aluno\/#primaryimage\",\"url\":\"https:\/\/www.educamaker.com.br\/portal\/wp-content\/uploads\/2019\/01\/saiba-mais-um.png\",\"contentUrl\":\"https:\/\/www.educamaker.com.br\/portal\/wp-content\/uploads\/2019\/01\/saiba-mais-um.png\",\"width\":760,\"height\":390},{\"@type\":\"BreadcrumbList\",\"@id\":\"https:\/\/www.educamaker.com.br\/portal\/tutorial-adote-um-aluno\/#breadcrumb\",\"itemListElement\":[{\"@type\":\"ListItem\",\"position\":1,\"name\":\"In\u00edcio\",\"item\":\"https:\/\/www.educamaker.com.br\/portal\/\"},{\"@type\":\"ListItem\",\"position\":2,\"name\":\"Tutorial Adote um Aluno\"}]},{\"@type\":\"WebSite\",\"@id\":\"https:\/\/www.educamaker.com.br\/portal\/#website\",\"url\":\"https:\/\/www.educamaker.com.br\/portal\/\",\"name\":\"Cursinho Online Educamaker\",\"description\":\"Cursinho Online focado nos principais vestibulares e no ENEM\",\"publisher\":{\"@id\":\"https:\/\/www.educamaker.com.br\/portal\/#organization\"},\"potentialAction\":[{\"@type\":\"SearchAction\",\"target\":{\"@type\":\"EntryPoint\",\"urlTemplate\":\"https:\/\/www.educamaker.com.br\/portal\/?s={search_term_string}\"},\"query-input\":{\"@type\":\"PropertyValueSpecification\",\"valueRequired\":true,\"valueName\":\"search_term_string\"}}],\"inLanguage\":\"pt-BR\"},{\"@type\":\"Organization\",\"@id\":\"https:\/\/www.educamaker.com.br\/portal\/#organization\",\"name\":\"Educamaker\",\"url\":\"https:\/\/www.educamaker.com.br\/portal\/\",\"logo\":{\"@type\":\"ImageObject\",\"inLanguage\":\"pt-BR\",\"@id\":\"https:\/\/www.educamaker.com.br\/portal\/#\/schema\/logo\/image\/\",\"url\":\"https:\/\/www.educamaker.com.br\/portal\/wp-content\/uploads\/2018\/04\/Logo-Principal.png\",\"contentUrl\":\"https:\/\/www.educamaker.com.br\/portal\/wp-content\/uploads\/2018\/04\/Logo-Principal.png\",\"width\":1250,\"height\":834,\"caption\":\"Educamaker\"},\"image\":{\"@id\":\"https:\/\/www.educamaker.com.br\/portal\/#\/schema\/logo\/image\/\"},\"sameAs\":[\"https:\/\/facebook.com\/educamakerbr\",\"https:\/\/instagram.com\/educamaker\",\"https:\/\/www.youtube.com\/educamaker\"]}]}<\/script>\n<!-- \/ Yoast SEO plugin. -->","yoast_head_json":{"title":"Tutorial Adote um Aluno - Cursinho Online Educamaker","robots":{"index":"noindex","follow":"follow","max-snippet":"max-snippet:-1","max-image-preview":"max-image-preview:large","max-video-preview":"max-video-preview:-1"},"twitter_card":"summary_large_image","twitter_title":"Tutorial Adote um Aluno - Cursinho Online Educamaker","twitter_description":"PROGRAMA ADOTE UM ALUNO O que acontece ap\u00f3s a ado\u00e7\u00e3o? 1 N\u00f3s cadastramos os padrinhos Ap\u00f3s receber a confirma\u00e7\u00e3o do pagamento, vamos criar um perfil exclusivo com um acesso a \u00c1rea do Padrinho e encaminhar em seu e-mail. 2 Voc\u00ea acessa nossa plataforma Ao acessar ir\u00e1 aparecer um bot\u00e3o exclusivo [&hellip;]","twitter_image":"https:\/\/www.educamaker.com.br\/portal\/wp-content\/uploads\/2019\/01\/saiba-mais-um.png","twitter_misc":{"Est. tempo de leitura":"1 minuto"},"schema":{"@context":"https:\/\/schema.org","@graph":[{"@type":"WebPage","@id":"https:\/\/www.educamaker.com.br\/portal\/tutorial-adote-um-aluno\/","url":"https:\/\/www.educamaker.com.br\/portal\/tutorial-adote-um-aluno\/","name":"Tutorial Adote um Aluno - Cursinho Online Educamaker","isPartOf":{"@id":"https:\/\/www.educamaker.com.br\/portal\/#website"},"primaryImageOfPage":{"@id":"https:\/\/www.educamaker.com.br\/portal\/tutorial-adote-um-aluno\/#primaryimage"},"image":{"@id":"https:\/\/www.educamaker.com.br\/portal\/tutorial-adote-um-aluno\/#primaryimage"},"thumbnailUrl":"https:\/\/www.educamaker.com.br\/portal\/wp-content\/uploads\/2019\/01\/saiba-mais-um.png","datePublished":"2019-01-25T12:26:15+00:00","dateModified":"2019-01-25T17:02:06+00:00","breadcrumb":{"@id":"https:\/\/www.educamaker.com.br\/portal\/tutorial-adote-um-aluno\/#breadcrumb"},"inLanguage":"pt-BR","potentialAction":[{"@type":"ReadAction","target":["https:\/\/www.educamaker.com.br\/portal\/tutorial-adote-um-aluno\/"]}]},{"@type":"ImageObject","inLanguage":"pt-BR","@id":"https:\/\/www.educamaker.com.br\/portal\/tutorial-adote-um-aluno\/#primaryimage","url":"https:\/\/www.educamaker.com.br\/portal\/wp-content\/uploads\/2019\/01\/saiba-mais-um.png","contentUrl":"https:\/\/www.educamaker.com.br\/portal\/wp-content\/uploads\/2019\/01\/saiba-mais-um.png","width":760,"height":390},{"@type":"BreadcrumbList","@id":"https:\/\/www.educamaker.com.br\/portal\/tutorial-adote-um-aluno\/#breadcrumb","itemListElement":[{"@type":"ListItem","position":1,"name":"In\u00edcio","item":"https:\/\/www.educamaker.com.br\/portal\/"},{"@type":"ListItem","position":2,"name":"Tutorial Adote um Aluno"}]},{"@type":"WebSite","@id":"https:\/\/www.educamaker.com.br\/portal\/#website","url":"https:\/\/www.educamaker.com.br\/portal\/","name":"Cursinho Online Educamaker","description":"Cursinho Online focado nos principais vestibulares e no ENEM","publisher":{"@id":"https:\/\/www.educamaker.com.br\/portal\/#organization"},"potentialAction":[{"@type":"SearchAction","target":{"@type":"EntryPoint","urlTemplate":"https:\/\/www.educamaker.com.br\/portal\/?s={search_term_string}"},"query-input":{"@type":"PropertyValueSpecification","valueRequired":true,"valueName":"search_term_string"}}],"inLanguage":"pt-BR"},{"@type":"Organization","@id":"https:\/\/www.educamaker.com.br\/portal\/#organization","name":"Educamaker","url":"https:\/\/www.educamaker.com.br\/portal\/","logo":{"@type":"ImageObject","inLanguage":"pt-BR","@id":"https:\/\/www.educamaker.com.br\/portal\/#\/schema\/logo\/image\/","url":"https:\/\/www.educamaker.com.br\/portal\/wp-content\/uploads\/2018\/04\/Logo-Principal.png","contentUrl":"https:\/\/www.educamaker.com.br\/portal\/wp-content\/uploads\/2018\/04\/Logo-Principal.png","width":1250,"height":834,"caption":"Educamaker"},"image":{"@id":"https:\/\/www.educamaker.com.br\/portal\/#\/schema\/logo\/image\/"},"sameAs":["https:\/\/facebook.com\/educamakerbr","https:\/\/instagram.com\/educamaker","https:\/\/www.youtube.com\/educamaker"]}]}},"_links":{"self":[{"href":"https:\/\/www.educamaker.com.br\/portal\/wp-json\/wp\/v2\/pages\/3388","targetHints":{"allow":["GET"]}}],"collection":[{"href":"https:\/\/www.educamaker.com.br\/portal\/wp-json\/wp\/v2\/pages"}],"about":[{"href":"https:\/\/www.educamaker.com.br\/portal\/wp-json\/wp\/v2\/types\/page"}],"author":[{"embeddable":true,"href":"https:\/\/www.educamaker.com.br\/portal\/wp-json\/wp\/v2\/users\/11"}],"replies":[{"embeddable":true,"href":"https:\/\/www.educamaker.com.br\/portal\/wp-json\/wp\/v2\/comments?post=3388"}],"version-history":[{"count":20,"href":"https:\/\/www.educamaker.com.br\/portal\/wp-json\/wp\/v2\/pages\/3388\/revisions"}],"predecessor-version":[{"id":3424,"href":"https:\/\/www.educamaker.com.br\/portal\/wp-json\/wp\/v2\/pages\/3388\/revisions\/3424"}],"wp:attachment":[{"href":"https:\/\/www.educamaker.com.br\/portal\/wp-json\/wp\/v2\/media?parent=3388"}],"curies":[{"name":"wp","href":"https:\/\/api.w.org\/{rel}","templated":true}]}}